{"id":861,"date":"2024-03-16T10:29:38","date_gmt":"2024-03-16T08:29:38","guid":{"rendered":"http:\/\/jnats.eu\/?post_type=product&#038;p=861"},"modified":"2025-06-03T21:01:36","modified_gmt":"2025-06-03T18:01:36","slug":"shobudani-ikimurasaki-awasedo-pietra-naturale-giapponese-per-cunei","status":"publish","type":"product","link":"https:\/\/jnats.eu\/it\/prodotto-2\/shobudani-ikimurasaki-awasedo-pietra-naturale-giapponese-per-cunei\/","title":{"rendered":"Pietra per affilare naturale giapponese Shobudani Ikimurasaki Awasedo"},"content":{"rendered":"<ul class=\"wp-block-list\">\n<li>Adatto per la finitura di rasoi, coltelli e utensili.<\/li>\n\n\n\n<li>Dimensioni: 198x69x22 mm<\/li>\n\n\n\n<li>Peso con supporto: 860 g<\/li>\n\n\n\n<li>Durezza: Lv 4,7<\/li>\n\n\n\n<li>Robusto, veloce.&nbsp;<\/li>\n\n\n\n<li>La Shobudani \u00e8 seconda solo alla Nakayama nella gerarchia delle pietre da affilatura naturali giapponesi e non \u00e8 molto lontana o uguale alla Nakayama per velocit\u00e0, levigatezza, finezza e risposta.<\/li>\n<\/ul>\n\n\n\n<figure class=\"wp-block-embed is-type-video is-provider-youtube wp-block-embed-youtube wp-embed-aspect-16-9 wp-has-aspect-ratio\"><div class=\"wp-block-embed__wrapper\">\n<div class=\"video-container\"><iframe title=\"Nuovo Kinmoji Kamisori, Naniwa Super Stone #3000, Shobudani Ikimurasaki Awasedo\" width=\"1170\" height=\"658\" src=\"https:\/\/www.youtube.com\/embed\/5MbmFGPudOY?start=267&#038;feature=oembed\" frameborder=\"0\" allow=\"accelerometer; autoplay; clipboard-write; encrypted-media; gyroscope; picture-in-picture; web-share\" referrerpolicy=\"strict-origin-when-cross-origin\" allowfullscreen><\/iframe><\/div>\n<\/div><\/figure>\n\n\n\n<p><strong>I principali vantaggi delle pietre giapponesi naturali per affilare:<\/strong><\/p>\n\n\n\n<ul class=\"wp-block-list\">\n<li>Gli utensili rimangono affilati pi\u00f9 a lungo<\/li>\n\n\n\n<li>Le pietre non si contaminano con i rifiuti metallici<\/li>\n\n\n\n<li>Facile da rimuovere la valvola a saracinesca<\/li>\n\n\n\n<li>Una risposta sorprendente che consente di percepire esattamente ci\u00f2 che accade sulla superficie metallica.<\/li>\n<\/ul>","protected":false},"excerpt":{"rendered":"<ul>\n<li>Adatto per la finitura di rasoi, coltelli e utensili.<\/li>\n<li>Dimensioni: 198x69x22 mm<\/li>\n<li>Peso con supporto: 860 g<\/li>\n<li>Durezza: Lv 4,7<\/li>\n<li>Robusto, veloce.<\/li>\n<li>La Shobudani \u00e8 seconda solo alla Nakayama nella gerarchia delle pietre da affilatura naturali giapponesi e non \u00e8 molto lontana o uguale alla Nakayama per velocit\u00e0, levigatezza, finezza e risposta.<\/li>\n<\/ul>","protected":false},"featured_media":1282,"comment_status":"open","ping_status":"closed","template":"","meta":[],"product_brand":[],"product_cat":[22],"product_tag":[44],"class_list":{"0":"post-861","1":"product","2":"type-product","3":"status-publish","4":"has-post-thumbnail","6":"product_cat-jnats","7":"product_tag-shobudani","8":"product_shipping_class-iprastas","10":"first","11":"outofstock","12":"sale","13":"shipping-taxable","14":"purchasable","15":"product-type-simple"},"_links":{"self":[{"href":"https:\/\/jnats.eu\/it\/wp-json\/wp\/v2\/product\/861","targetHints":{"allow":["GET"]}}],"collection":[{"href":"https:\/\/jnats.eu\/it\/wp-json\/wp\/v2\/product"}],"about":[{"href":"https:\/\/jnats.eu\/it\/wp-json\/wp\/v2\/types\/product"}],"replies":[{"embeddable":true,"href":"https:\/\/jnats.eu\/it\/wp-json\/wp\/v2\/comments?post=861"}],"wp:featuredmedia":[{"embeddable":true,"href":"https:\/\/jnats.eu\/it\/wp-json\/wp\/v2\/media\/1282"}],"wp:attachment":[{"href":"https:\/\/jnats.eu\/it\/wp-json\/wp\/v2\/media?parent=861"}],"wp:term":[{"taxonomy":"product_brand","embeddable":true,"href":"https:\/\/jnats.eu\/it\/wp-json\/wp\/v2\/product_brand?post=861"},{"taxonomy":"product_cat","embeddable":true,"href":"https:\/\/jnats.eu\/it\/wp-json\/wp\/v2\/product_cat?post=861"},{"taxonomy":"product_tag","embeddable":true,"href":"https:\/\/jnats.eu\/it\/wp-json\/wp\/v2\/product_tag?post=861"}],"curies":[{"name":"wp","href":"https:\/\/api.w.org\/{rel}","templated":true}]}}