{"id":1420,"date":"2026-05-12T12:14:24","date_gmt":"2026-05-12T09:14:24","guid":{"rendered":"http:\/\/jnats.eu\/?post_type=product&#038;p=1420"},"modified":"2026-05-12T12:14:24","modified_gmt":"2026-05-12T09:14:24","slug":"aiwatani-asagi-japoniskas-naturalus-galandimo-akmuo","status":"publish","type":"product","link":"https:\/\/jnats.eu\/nl\/product-2\/aiwatani-asagi-japoniskas-naturalus-galandimo-akmuo\/","title":{"rendered":"Aiwatani Asagi Lv 4.7 Japoni\u0161kas nat\u016bralus galandimo akmuo"},"content":{"rendered":"<figure class=\"wp-block-embed is-type-video is-provider-youtube wp-block-embed-youtube wp-embed-aspect-16-9 wp-has-aspect-ratio\"><div class=\"wp-block-embed__wrapper\">\n<div class=\"video-container\"><iframe title=\"Naniwa Hibiki Full Review (1000\u20138000) | Microscopy, Natural Slurry &amp; JNat Finish Comparison\" width=\"1170\" height=\"658\" src=\"https:\/\/www.youtube.com\/embed\/Uq2KbC7-GE0?start=1351&#038;feature=oembed\" frameborder=\"0\" allow=\"accelerometer; autoplay; clipboard-write; encrypted-media; gyroscope; picture-in-picture; web-share\" referrerpolicy=\"strict-origin-when-cross-origin\" allowfullscreen><\/iframe><\/div>\n<\/div><\/figure>\n\n\n\n<ul class=\"wp-block-list\">\n<li>Geschikt voor het afwerken van messen, scharen, timmer- en ander gereedschap. Voor scheermessen - een prefinish.<\/li>\n\n\n\n<li>Matmenys: 213x80x46 mm<\/li>\n\n\n\n<li>Svoris: 2100 g<\/li>\n\n\n\n<li>Hardheid: Lv 4.7<\/li>\n\n\n\n<li>Een natuurlijke Japanse slijpsteen met een gemiddelde snelheid en gladheid.&nbsp;<\/li>\n\n\n\n<li>Visi kampai i\u0161lyginti 0,1 mm tikslumu tod\u0117l galima dirbti su kampo laikikliais (Sytools T-02, Hapstone T2, KakBritva kamerton ir pan.)<\/li>\n\n\n\n<li>Abi pus\u0117s paruo\u0161tos darbui. Vienoje pus\u0117je yra &#8222;toksi\u0161ka&#8221; linija kra\u0161te ir nedidelis krateris.<\/li>\n<\/ul>","protected":false},"excerpt":{"rendered":"<p><!-- wp:list --><\/p>\n<ul class=\"wp-block-list\"><!-- wp:list-item --><\/p>\n<li>Geschikt voor het afwerken van messen, scharen, timmer- en ander gereedschap. Voor scheermessen - een prefinish.<\/li>\n<p><!-- \/wp:list-item --><\/p>\n<p><!-- wp:list-item --><\/p>\n<li>Matmenys: 213x80x46 mm<\/li>\n<p><!-- \/wp:list-item --><\/p>\n<p><!-- wp:list-item --><\/p>\n<li>Svoris: 2100 g<\/li>\n<p><!-- \/wp:list-item --><\/p>\n<p><!-- wp:list-item --><\/p>\n<li>Hardheid: Lv 4.7<\/li>\n<p><!-- \/wp:list-item --><\/p>\n<p><!-- wp:list-item --><\/p>\n<li>Een natuurlijke Japanse slijpsteen met een gemiddelde snelheid en gladheid.\u00a0<\/li>\n<p><!-- \/wp:list-item --><\/p>\n<p><!-- wp:list-item --><\/p>\n<li>Visi kampai i\u0161lyginti 0,1 mm tikslumu tod\u0117l galima dirbti su kampo laikikliais (Sytools T-02, Hapstone T2, KakBritva kamerton ir pan.)<\/li>\n<p><!-- \/wp:list-item --><\/p>\n<p><!-- wp:list-item --><\/p>\n<li>Abi pus\u0117s paruo\u0161tos darbui. Vienoje pus\u0117je yra &#8222;toksi\u0161ka&#8221; linija kra\u0161te ir nedidelis krateris.<\/li>\n<p><!-- \/wp:list-item --><\/ul>\n<p><!-- \/wp:list --><\/p>","protected":false},"featured_media":6039,"comment_status":"open","ping_status":"closed","template":"","meta":[],"product_brand":[],"product_cat":[22],"product_tag":[65,45],"class_list":{"0":"post-1420","1":"product","2":"type-product","3":"status-publish","4":"has-post-thumbnail","6":"product_cat-jnats","7":"product_tag-aiwatani","8":"product_tag-asagi","9":"product_shipping_class-iprastas","11":"first","12":"instock","13":"shipping-taxable","14":"purchasable","15":"product-type-simple"},"_links":{"self":[{"href":"https:\/\/jnats.eu\/nl\/wp-json\/wp\/v2\/product\/1420","targetHints":{"allow":["GET"]}}],"collection":[{"href":"https:\/\/jnats.eu\/nl\/wp-json\/wp\/v2\/product"}],"about":[{"href":"https:\/\/jnats.eu\/nl\/wp-json\/wp\/v2\/types\/product"}],"replies":[{"embeddable":true,"href":"https:\/\/jnats.eu\/nl\/wp-json\/wp\/v2\/comments?post=1420"}],"wp:featuredmedia":[{"embeddable":true,"href":"https:\/\/jnats.eu\/nl\/wp-json\/wp\/v2\/media\/6039"}],"wp:attachment":[{"href":"https:\/\/jnats.eu\/nl\/wp-json\/wp\/v2\/media?parent=1420"}],"wp:term":[{"taxonomy":"product_brand","embeddable":true,"href":"https:\/\/jnats.eu\/nl\/wp-json\/wp\/v2\/product_brand?post=1420"},{"taxonomy":"product_cat","embeddable":true,"href":"https:\/\/jnats.eu\/nl\/wp-json\/wp\/v2\/product_cat?post=1420"},{"taxonomy":"product_tag","embeddable":true,"href":"https:\/\/jnats.eu\/nl\/wp-json\/wp\/v2\/product_tag?post=1420"}],"curies":[{"name":"wp","href":"https:\/\/api.w.org\/{rel}","templated":true}]}}