{"id":2409,"date":"2024-05-02T11:17:24","date_gmt":"2024-05-02T08:17:24","guid":{"rendered":"http:\/\/jnats.eu\/?post_type=product&#038;p=2409"},"modified":"2025-03-26T14:29:09","modified_gmt":"2025-03-26T12:29:09","slug":"ohira-koyama-imanishi","status":"publish","type":"product","link":"https:\/\/jnats.eu\/nl\/product-2\/ohira-koyama-imanishi\/","title":{"rendered":"Ohira Koyama Imanishi"},"content":{"rendered":"<p>De fijnheid van deze natuurlijke slijpsteen met hoge dichtheid komt ongeveer overeen met het synthetische nummer #8000. Als u het slijpproces wilt versnellen, raden wij u aan om v\u00f3\u00f3r het begin van elke slijpbeurt een Nagura-steen of diamantplaat te gebruiken om een suspensie te cre\u00ebren. Gebruik water als smeermiddel voor een betere slijpfeedback. Ohira Koyama Imanishi kan zonder deze &quot;trommeldansen&quot; prima functioneren.<\/p>\n\n\n\n<p>Japanse wetstenen hoeven niet te worden geweekt. Wanneer u het product wilt gebruiken, hoeft u alleen maar water op het oppervlak aan te brengen. Wanneer u klaar bent, spoelt u het af en laat u het drogen bij kamertemperatuur. Niet in water laten liggen.<\/p>","protected":false},"excerpt":{"rendered":"<ul>\n<li>Geschikt voor het afwerken van messen, timmer- en andere gereedschappen. Voor scheermessen \u2013 vooraf afwerken.<\/li>\n<li>Afmetingen circa: 205x78x33 mm<\/li>\n<li>Gewicht: 1328 gram<\/li>\n<li>Hardheid: Lv 4.5<\/li>\n<li>Glad oppervlak en klaar voor gebruik<\/li>\n<\/ul>","protected":false},"featured_media":2414,"comment_status":"open","ping_status":"closed","template":"","meta":[],"product_brand":[],"product_cat":[22],"product_tag":[254,271,47],"class_list":{"0":"post-2409","1":"product","2":"type-product","3":"status-publish","4":"has-post-thumbnail","6":"product_cat-jnats","7":"product_tag-imanishi","8":"product_tag-koyama","9":"product_tag-ohira","10":"product_shipping_class-iprastas","12":"first","13":"outofstock","14":"sale","15":"shipping-taxable","16":"purchasable","17":"product-type-simple"},"_links":{"self":[{"href":"https:\/\/jnats.eu\/nl\/wp-json\/wp\/v2\/product\/2409","targetHints":{"allow":["GET"]}}],"collection":[{"href":"https:\/\/jnats.eu\/nl\/wp-json\/wp\/v2\/product"}],"about":[{"href":"https:\/\/jnats.eu\/nl\/wp-json\/wp\/v2\/types\/product"}],"replies":[{"embeddable":true,"href":"https:\/\/jnats.eu\/nl\/wp-json\/wp\/v2\/comments?post=2409"}],"wp:featuredmedia":[{"embeddable":true,"href":"https:\/\/jnats.eu\/nl\/wp-json\/wp\/v2\/media\/2414"}],"wp:attachment":[{"href":"https:\/\/jnats.eu\/nl\/wp-json\/wp\/v2\/media?parent=2409"}],"wp:term":[{"taxonomy":"product_brand","embeddable":true,"href":"https:\/\/jnats.eu\/nl\/wp-json\/wp\/v2\/product_brand?post=2409"},{"taxonomy":"product_cat","embeddable":true,"href":"https:\/\/jnats.eu\/nl\/wp-json\/wp\/v2\/product_cat?post=2409"},{"taxonomy":"product_tag","embeddable":true,"href":"https:\/\/jnats.eu\/nl\/wp-json\/wp\/v2\/product_tag?post=2409"}],"curies":[{"name":"wp","href":"https:\/\/api.w.org\/{rel}","templated":true}]}}