{"id":4251,"date":"2025-03-26T14:26:20","date_gmt":"2025-03-26T12:26:20","guid":{"rendered":"https:\/\/jnats.eu\/?post_type=product&#038;p=4251"},"modified":"2025-04-11T10:44:17","modified_gmt":"2025-04-11T07:44:17","slug":"ohira-awasedo-2","status":"publish","type":"product","link":"https:\/\/jnats.eu\/nl\/product-2\/ohira-awasedo-2\/","title":{"rendered":"Ohira Awasedo Lv 4"},"content":{"rendered":"<p>De fijnheid van deze natuurlijke slijpsteen met hoge dichtheid komt ongeveer overeen met het synthetische nummer #8000. Als u het slijpproces wilt versnellen, raden wij u aan om v\u00f3\u00f3r het begin van elke slijpbeurt een Nagura-steen of diamantplaat te gebruiken om een suspensie te cre\u00ebren. Gebruik warm water als smeermiddel voor een betere slijpfeedback. Ohira kan ook zonder deze &quot;trommeldansen&quot; functioneren.<\/p>\n\n\n\n<figure class=\"wp-block-embed is-type-video is-provider-youtube wp-block-embed-youtube wp-embed-aspect-16-9 wp-has-aspect-ratio\"><div class=\"wp-block-embed__wrapper\">\n<div class=\"video-container\"><iframe title=\"Het slijpen van Chobomasa kamisori - Ohira, Nakayama Tomae, Kanyama Strop\" width=\"1170\" height=\"658\" src=\"https:\/\/www.youtube.com\/embed\/tbFJJ1lm87I?feature=oembed\" frameborder=\"0\" allow=\"accelerometer; autoplay; clipboard-write; encrypted-media; gyroscope; picture-in-picture; web-share\" referrerpolicy=\"strict-origin-when-cross-origin\" allowfullscreen><\/iframe><\/div>\n<\/div><\/figure>\n\n\n\n<p>Japanse wetstenen hoeven niet te worden geweekt. Sprenkel gewoon wat water op het oppervlak en je kunt het gebruiken. Na het slijpen afspoelen en bij kamertemperatuur laten drogen. Niet te lang in water laten liggen.<\/p>","protected":false},"excerpt":{"rendered":"<ul>\n<li>Geschikt voor het afwerken van messen, timmer- en andere gereedschappen.<\/li>\n<li>Afmetingen circa: 205x78x33 mm<\/li>\n<li>Gewicht: 1060 gram<\/li>\n<li>Hardheid: Lv 4<\/li>\n<li>Glad oppervlak en klaar voor gebruik<\/li>\n<\/ul>","protected":false},"featured_media":4256,"comment_status":"open","ping_status":"closed","template":"","meta":[],"product_brand":[],"product_cat":[22],"product_tag":[47],"class_list":{"0":"post-4251","1":"product","2":"type-product","3":"status-publish","4":"has-post-thumbnail","6":"product_cat-jnats","7":"product_tag-ohira","8":"product_shipping_class-iprastas","10":"first","11":"instock","12":"shipping-taxable","13":"purchasable","14":"product-type-simple"},"_links":{"self":[{"href":"https:\/\/jnats.eu\/nl\/wp-json\/wp\/v2\/product\/4251","targetHints":{"allow":["GET"]}}],"collection":[{"href":"https:\/\/jnats.eu\/nl\/wp-json\/wp\/v2\/product"}],"about":[{"href":"https:\/\/jnats.eu\/nl\/wp-json\/wp\/v2\/types\/product"}],"replies":[{"embeddable":true,"href":"https:\/\/jnats.eu\/nl\/wp-json\/wp\/v2\/comments?post=4251"}],"wp:featuredmedia":[{"embeddable":true,"href":"https:\/\/jnats.eu\/nl\/wp-json\/wp\/v2\/media\/4256"}],"wp:attachment":[{"href":"https:\/\/jnats.eu\/nl\/wp-json\/wp\/v2\/media?parent=4251"}],"wp:term":[{"taxonomy":"product_brand","embeddable":true,"href":"https:\/\/jnats.eu\/nl\/wp-json\/wp\/v2\/product_brand?post=4251"},{"taxonomy":"product_cat","embeddable":true,"href":"https:\/\/jnats.eu\/nl\/wp-json\/wp\/v2\/product_cat?post=4251"},{"taxonomy":"product_tag","embeddable":true,"href":"https:\/\/jnats.eu\/nl\/wp-json\/wp\/v2\/product_tag?post=4251"}],"curies":[{"name":"wp","href":"https:\/\/api.w.org\/{rel}","templated":true}]}}