{"id":20,"date":"2024-02-15T13:36:39","date_gmt":"2024-02-15T11:36:39","guid":{"rendered":"http:\/\/jnats.eu\/?page_id=20"},"modified":"2024-05-01T12:57:35","modified_gmt":"2024-05-01T09:57:35","slug":"zwrot_zwrotow","status":"publish","type":"page","link":"https:\/\/jnats.eu\/pl\/zwrot_zwrotow\/","title":{"rendered":"Warunki zakupu"},"content":{"rendered":"<h2 class=\"wp-block-heading\">Dostawa d\u00f3br<\/h2>\n\n\n\n<p>Towar dostarczamy wybranym przez nas kurierem pod adres wskazany przez kupuj\u0105cego w trakcie sk\u0142adania zam\u00f3wienia lub na poczt\u0119. Towar wysy\u0142amy w ci\u0105gu 1-2 dni roboczych.<\/p>\n\n\n\n<p>Wst\u0119pne warunki dostawy towaru:<\/p>\n\n\n\n<ul class=\"wp-block-list\">\n<li>Na Litwie: 1-3 dni robocze<\/li>\n\n\n\n<li>W Europie: 3-15 dni roboczych<\/li>\n\n\n\n<li>Reszta \u015bwiata: 10-40 dni roboczych.<\/li>\n<\/ul>\n\n\n\n<h2 class=\"wp-block-heading\">Cena dostawy<\/h2>\n\n\n\n<p>Cena dostawy w zale\u017cno\u015bci od wagi:<\/p>\n\n\n\n<ul class=\"wp-block-list\">\n<li>Litwa - od 1,7<\/li>\n\n\n\n<li>W Europie: od 8,3 \u20ac<\/li>\n\n\n\n<li>Reszta \u015bwiata: od 9,8 \u20ac<\/li>\n<\/ul>\n\n\n\n<p>Oferujemy r\u00f3wnie\u017c bezp\u0142atn\u0105 wysy\u0142k\u0119 powy\u017cej okre\u015blonej kwoty w koszyku, kt\u00f3ra mo\u017ce ulec zmianie bez powiadomienia.<\/p>\n\n\n\n<p>Kurier dostarczy przesy\u0142ki o wadze do 30 kg do automatu pocztowego, prosto pod drzwi domu lub mieszkania. Informujemy, \u017ce przesy\u0142ka nie b\u0119dzie transportowana do wewn\u0119trznych pomieszcze\u0144 lub pomieszcze\u0144, takich jak pokoje, balkony czy podw\u00f3rka.<\/p>\n\n\n\n<p>Kurier dostarczy przesy\u0142ki o wadze powy\u017cej 30 kg wy\u0142\u0105cznie pod drzwi domu lub klatk\u0119 schodow\u0105 apartamentowca i pomo\u017ce je roz\u0142adowa\u0107 z pojazdu. Informujemy, \u017ce przesy\u0142ka nie zostanie dostarczona pod drzwi domu\/mieszkania ani wyniesiona do wewn\u0119trznych pomieszcze\u0144 lub pomieszcze\u0144.<\/p>\n\n\n\n<p><strong><em>Kupuj\u0105cy spoza UE przyjmuj\u0105 pe\u0142n\u0105 odpowiedzialno\u015b\u0107 za ewentualne podatki importowe i inne.<\/em><\/strong><\/p>\n\n\n\n<h2 class=\"wp-block-heading\"><strong>Zwroty pieni\u0119dzy i zwroty pieni\u0119dzy<\/strong><\/h2>\n\n\n\n<p>Towar mo\u017cna zwr\u00f3ci\u0107 w ci\u0105gu 30 dni od daty otrzymania. Je\u015bli od otrzymania przedmiot\u00f3w min\u0119\u0142o wi\u0119cej ni\u017c 30 dni, nie mo\u017cemy zaoferowa\u0107 pe\u0142nego zwrotu pieni\u0119dzy lub wymiany, z wyj\u0105tkiem nowych produkt\u00f3w z wadami fabrycznymi.<\/p>\n\n\n\n<p>Aby kwalifikowa\u0107 si\u0119 do zwrotu, przedmiot musi by\u0107 w takim samym stanie, w jakim go otrzyma\u0142e\u015b. Musi by\u0107 tak\u017ce w oryginalnym opakowaniu, je\u017celi by\u0142 w oryginalnym opakowaniu. Aby zainicjowa\u0107 zwrot, potrzebujemy numeru zam\u00f3wienia, wyci\u0105gu z przekazu pieni\u0119\u017cnego lub innego dowodu.<\/p>\n\n\n\n<p>Nie odsy\u0142aj zakupionego produktu do producenta.<\/p>\n\n\n\n<p><strong>Istniej\u0105 pewne sytuacje, w kt\u00f3rych zwracana jest tylko cz\u0119\u015b\u0107 pieni\u0119dzy:<\/strong><\/p>\n\n\n\n<ul class=\"wp-block-list\">\n<li>Produkt wykazuje oczywiste oznaki u\u017cytkowania lub uszkodzenia<\/li>\n\n\n\n<li>Wszelkie przedmioty, kt\u00f3re nie s\u0105 w oryginalnym stanie, s\u0105 uszkodzone lub brakuje im cz\u0119\u015bci z przyczyn innych ni\u017c nasza wina.<\/li>\n<\/ul>\n\n\n\n<p>Po otrzymaniu i zweryfikowaniu Twojego zwrotu wy\u015blemy Ci wiadomo\u015b\u0107 e-mail list informuj\u0105cy, \u017ce otrzymali\u015bmy zwracany przedmiot. Powiadomimy Ci\u0119 r\u00f3wnie\u017c o zatwierdzeniu lub odrzuceniu zwrotu pieni\u0119dzy. Je\u017celi wniosek zostanie pozytywnie rozpatrzony, \u015brodki zostan\u0105 zrealizowane w ci\u0105gu 10 dni i zwr\u00f3cone na wskazane przez Ciebie konto.<\/p>\n\n\n\n<h2 class=\"wp-block-heading\">Op\u00f3\u017anione lub niezwr\u00f3cone \u015brodki<\/h2>\n\n\n\n<ul class=\"wp-block-list\">\n<li>Je\u015bli nie otrzyma\u0142e\u015b jeszcze pieni\u0119dzy, najpierw sprawd\u017a ponownie swoje konto bankowe.<\/li>\n\n\n\n<li>Nast\u0119pnie skontaktuj si\u0119 z firm\u0105, kt\u00f3ra wystawi\u0142a kart\u0119 kredytow\u0105 lub rachunek. Oficjalne og\u0142oszenie zwrotu pieni\u0119dzy mo\u017ce zaj\u0105\u0107 troch\u0119 czasu.<\/li>\n\n\n\n<li>Nast\u0119pnie skontaktuj si\u0119 z bankiem. Zwrot \u015brodk\u00f3w cz\u0119sto zajmuje troch\u0119 czasu.<\/li>\n\n\n\n<li>Je\u015bli zrobi\u0142e\u015b to wszystko i nadal nie otrzyma\u0142e\u015b pieni\u0119dzy, skontaktuj si\u0119 z nami pod adresem: <a href=\"mailto:info@jnats.eu\">info@jnats.eu<\/a><\/li>\n<\/ul>\n\n\n\n<p>Zwroty mog\u0105 by\u0107 przyznawane tylko za zwyk\u0142e towary. Towary wirtualne (zni\u017cki, bony upominkowe itp.) nie podlegaj\u0105 zwrotowi.<\/p>\n\n\n\n<p><strong>Zmiana<\/strong><br>Wymieniamy tylko przedmioty, kt\u00f3re nie zosta\u0142y uszkodzone lub zepsute przez u\u017cytkownika. Je\u015bli chcesz wymieni\u0107 przedmiot na taki sam, wy\u015blij nam wiadomo\u015b\u0107 e-mail na adres <a href=\"mailto:info@jnats.eu\">info@jnats.eu<\/a> i wy\u015blij produkt na adres: Eugenijus Mockaitis, Jurbarkas, Lauko 2-17, Litwa.<\/p>\n\n\n\n<p><strong>Prezenty<\/strong><br>Je\u015bli przedmiot zosta\u0142 oznaczony jako prezent przy zakupie i wys\u0142any bezpo\u015brednio do Ciebie, otrzymasz kredyt upominkowy r\u00f3wny warto\u015bci zwrotu. Bon upominkowy zostanie wys\u0142any po otrzymaniu zwr\u00f3conego produktu.<\/p>\n\n\n\n<p>Je\u015bli przedmiot nie by\u0142 oznaczony jako prezent w momencie zakupu lub je\u015bli darczy\u0144ca wys\u0142a\u0142 zam\u00f3wienie do siebie, aby przekaza\u0107 je p\u00f3\u017aniej, zwr\u00f3cimy darczy\u0144cy pieni\u0105dze, a on b\u0119dzie wiedzia\u0142 o zwrocie.<\/p>\n\n\n\n<p><strong>Zwrot produktu<\/strong><br>Je\u015bli chcesz zwr\u00f3ci\u0107 produkt, nale\u017cy go wys\u0142a\u0107 na adres Eugenijus Mockaitis, Jurbarkas, Lauko 2-17, Litwa.<\/p>\n\n\n\n<p>U\u017cytkownik ponosi odpowiedzialno\u015b\u0107 za pokrycie w\u0142asnych koszt\u00f3w wysy\u0142ki zwi\u0105zanych ze zwrotem towar\u00f3w. Koszty wysy\u0142ki nie podlegaj\u0105 zwrotowi. W przypadku otrzymania zwrotu koszt\u00f3w, koszty przesy\u0142ki zwrotnej zostan\u0105 odliczone od kwoty zwrotu.<\/p>\n\n\n\n<p>W zale\u017cno\u015bci od miejsca zamieszkania, czas potrzebny na dostarczenie wymienionego produktu mo\u017ce si\u0119 r\u00f3\u017cni\u0107.<\/p>\n\n\n\n<p>W przypadku zwrotu dro\u017cszych towar\u00f3w warto rozwa\u017cy\u0107 skorzystanie z us\u0142ugi \u015bledzenia przesy\u0142ki lub wykupienie ubezpieczenia przesy\u0142ki. Nie gwarantujemy, \u017ce otrzymamy zwr\u00f3cony przedmiot.<\/p>\n\n\n\n<p><strong>Potrzebujesz pomocy?<\/strong><br>W przypadku pyta\u0144 dotycz\u0105cych zwrot\u00f3w prosimy o kontakt pod adresem <a href=\"mailto:info@jnats.eu\">info@jnats.eu<\/a> lub telefonicznie <a href=\"Tel:+37064444623\">+370 644 44623<\/a>.<\/p>","protected":false},"excerpt":{"rendered":"<p>Dostawa towaru Towar dostarczamy wybranym przez nas kurierem na adres wskazany przez kupuj\u0105cego w trakcie sk\u0142adania zam\u00f3wienia lub na poczt\u0119. Towar wysy\u0142amy w ci\u0105gu 1-2 dni roboczych. Szacowany czas dostawy: Koszt wysy\u0142ki Koszt wysy\u0142ki w oparciu o wag\u0119: Oferujemy r\u00f3wnie\u017c bezp\u0142atn\u0105 wysy\u0142k\u0119 powy\u017cej okre\u015blonej kwoty w koszyku, kt\u00f3ra mo\u017ce ulec zmianie bez wcze\u015bniejszego powiadomienia. Przesy\u0142ki o wadze do 30 kg wysy\u0142ane s\u0105 przez firm\u0119 kuriersk\u0105 [...]<\/p>","protected":false},"author":1,"featured_media":0,"parent":0,"menu_order":0,"comment_status":"closed","ping_status":"closed","template":"","meta":{"footnotes":""},"class_list":["post-20","page","type-page","status-publish","hentry"],"_links":{"self":[{"href":"https:\/\/jnats.eu\/pl\/wp-json\/wp\/v2\/pages\/20","targetHints":{"allow":["GET"]}}],"collection":[{"href":"https:\/\/jnats.eu\/pl\/wp-json\/wp\/v2\/pages"}],"about":[{"href":"https:\/\/jnats.eu\/pl\/wp-json\/wp\/v2\/types\/page"}],"author":[{"embeddable":true,"href":"https:\/\/jnats.eu\/pl\/wp-json\/wp\/v2\/users\/1"}],"replies":[{"embeddable":true,"href":"https:\/\/jnats.eu\/pl\/wp-json\/wp\/v2\/comments?post=20"}],"version-history":[{"count":0,"href":"https:\/\/jnats.eu\/pl\/wp-json\/wp\/v2\/pages\/20\/revisions"}],"wp:attachment":[{"href":"https:\/\/jnats.eu\/pl\/wp-json\/wp\/v2\/media?parent=20"}],"curies":[{"name":"wp","href":"https:\/\/api.w.org\/{rel}","templated":true}]}}