{"id":4393,"date":"2025-04-15T11:06:23","date_gmt":"2025-04-15T08:06:23","guid":{"rendered":"https:\/\/jnats.eu\/?page_id=4393"},"modified":"2025-04-15T11:14:24","modified_gmt":"2025-04-15T08:14:24","slug":"apie-mus","status":"publish","type":"page","link":"https:\/\/jnats.eu\/pl\/apie-mus\/","title":{"rendered":"O nas"},"content":{"rendered":"<p><strong>JNATS.eu<\/strong> - miejsce, w kt\u00f3rym spotykaj\u0105 si\u0119 pasja do ostrzenia i szacunek dla japo\u0144skiego rzemios\u0142a. Jeste\u015bmy entuzjastami naturalnych japo\u0144skich kamieni ostrz\u0105cych, kt\u00f3rzy maj\u0105 do\u015b\u0107 kupowania \"kota w worku\". W wielu sklepach internetowych opisy kamieni s\u0105 niejasne, brakuje informacji, a efekt ko\u0144cowy cz\u0119sto rozczarowuje.<\/p>\n\n\n\n<p>Postanowili\u015bmy to zmieni\u0107. Sami testujemy ka\u017cdy kamie\u0144, kt\u00f3ry oferujemy w naszym sklepie - i nie s\u0105 to tylko s\u0142owa. Wraz z ka\u017cdym produktem znajdziesz prawdziwe filmy demonstruj\u0105ce w\u0142a\u015bciwo\u015bci kamienia, wra\u017cenia z ostrzenia, wyniki i wra\u017cenia.<\/p>\n\n\n\n<p>Naszym celem jest stworzenie przejrzystej, bogatej w informacje i przyjaznej entuzjastom przestrzeni, w kt\u00f3rej ka\u017cdy mo\u017ce kupi\u0107 dok\u0142adnie to, czego szuka - bez niepewno\u015bci, tylko prawdziw\u0105 warto\u015b\u0107. Je\u015bli zale\u017cy Ci na jako\u015bci, kunszcie i przejrzysto\u015bci, jeste\u015b we w\u0142a\u015bciwym miejscu.<\/p>\n\n\n\n<figure class=\"wp-block-image size-large\"><img decoding=\"async\" width=\"1024\" height=\"768\" src=\"https:\/\/jnats.eu\/wp-content\/uploads\/2024\/04\/Nakayama-Kiita-Karasu-Maruka-2-1024x768.webp\" alt=\"\" class=\"wp-image-2253\" srcset=\"https:\/\/jnats.eu\/wp-content\/uploads\/2024\/04\/Nakayama-Kiita-Karasu-Maruka-2-1024x768.webp 1024w, https:\/\/jnats.eu\/wp-content\/uploads\/2024\/04\/Nakayama-Kiita-Karasu-Maruka-2-300x225.webp 300w, https:\/\/jnats.eu\/wp-content\/uploads\/2024\/04\/Nakayama-Kiita-Karasu-Maruka-2-768x576.webp 768w, https:\/\/jnats.eu\/wp-content\/uploads\/2024\/04\/Nakayama-Kiita-Karasu-Maruka-2-1536x1152.webp 1536w, https:\/\/jnats.eu\/wp-content\/uploads\/2024\/04\/Nakayama-Kiita-Karasu-Maruka-2-16x12.webp 16w, https:\/\/jnats.eu\/wp-content\/uploads\/2024\/04\/Nakayama-Kiita-Karasu-Maruka-2-990x743.webp 990w, https:\/\/jnats.eu\/wp-content\/uploads\/2024\/04\/Nakayama-Kiita-Karasu-Maruka-2-441x331.webp 441w, https:\/\/jnats.eu\/wp-content\/uploads\/2024\/04\/Nakayama-Kiita-Karasu-Maruka-2-600x450.webp 600w, https:\/\/jnats.eu\/wp-content\/uploads\/2024\/04\/Nakayama-Kiita-Karasu-Maruka-2-150x113.webp 150w, https:\/\/jnats.eu\/wp-content\/uploads\/2024\/04\/Nakayama-Kiita-Karasu-Maruka-2.webp 2000w\" sizes=\"(max-width: 1024px) 100vw, 1024px\" \/><\/figure>","protected":false},"excerpt":{"rendered":"<p>JNATS.eu to miejsce, w kt\u00f3rym spotykaj\u0105 si\u0119 pasja do ostrzenia i szacunek dla japo\u0144skiego rzemios\u0142a. Jeste\u015bmy entuzjastami naturalnych japo\u0144skich kamieni ostrz\u0105cych, kt\u00f3rzy maj\u0105 do\u015b\u0107 kupowania \"kota w worku\". W wielu sklepach internetowych opisy kamieni s\u0105 niejasne, brakuje informacji, a efekt ko\u0144cowy cz\u0119sto rozczarowuje. Postanowili\u015bmy to zmieni\u0107. Sami testujemy ka\u017cdy kamie\u0144, kt\u00f3ry oferujemy w naszym sklepie - i nie s\u0105 to tylko s\u0142owa. [...]<\/p>","protected":false},"author":1,"featured_media":2253,"parent":0,"menu_order":0,"comment_status":"closed","ping_status":"closed","template":"","meta":{"footnotes":""},"class_list":["post-4393","page","type-page","status-publish","has-post-thumbnail","hentry"],"_links":{"self":[{"href":"https:\/\/jnats.eu\/pl\/wp-json\/wp\/v2\/pages\/4393","targetHints":{"allow":["GET"]}}],"collection":[{"href":"https:\/\/jnats.eu\/pl\/wp-json\/wp\/v2\/pages"}],"about":[{"href":"https:\/\/jnats.eu\/pl\/wp-json\/wp\/v2\/types\/page"}],"author":[{"embeddable":true,"href":"https:\/\/jnats.eu\/pl\/wp-json\/wp\/v2\/users\/1"}],"replies":[{"embeddable":true,"href":"https:\/\/jnats.eu\/pl\/wp-json\/wp\/v2\/comments?post=4393"}],"version-history":[{"count":2,"href":"https:\/\/jnats.eu\/pl\/wp-json\/wp\/v2\/pages\/4393\/revisions"}],"predecessor-version":[{"id":4396,"href":"https:\/\/jnats.eu\/pl\/wp-json\/wp\/v2\/pages\/4393\/revisions\/4396"}],"wp:featuredmedia":[{"embeddable":true,"href":"https:\/\/jnats.eu\/pl\/wp-json\/wp\/v2\/media\/2253"}],"wp:attachment":[{"href":"https:\/\/jnats.eu\/pl\/wp-json\/wp\/v2\/media?parent=4393"}],"curies":[{"name":"wp","href":"https:\/\/api.w.org\/{rel}","templated":true}]}}