{"id":110,"date":"2024-02-21T11:44:46","date_gmt":"2024-02-21T09:44:46","guid":{"rendered":"http:\/\/jnats.eu\/?post_type=product&#038;p=110"},"modified":"2025-09-19T08:00:46","modified_gmt":"2025-09-19T05:00:46","slug":"naturalny-japonski-kamien-do-ostrzenia-awasedo-iromono","status":"publish","type":"product","link":"https:\/\/jnats.eu\/pl\/produkt-2\/naturalny-japonski-kamien-do-ostrzenia-awasedo-iromono\/","title":{"rendered":"Awasedo Iromono Naturalny japo\u0144ski kamie\u0144 wyko\u0144czeniowy do ostrzenia"},"content":{"rendered":"<ul class=\"wp-block-list\">\n<li><strong>Twardo\u015b\u0107: Poziom 4<\/strong><\/li>\n\n\n\n<li><strong>Wymiary: 198x72x25<\/strong> mm<\/li>\n\n\n\n<li><strong>Waga (ze stojakiem): 1048 g.<\/strong><\/li>\n\n\n\n<li><strong>Wady: Linia naro\u017cna jest bardziej szorstka ni\u017c reszta powierzchni, ale mo\u017cna jej \u0142atwo unikn\u0105\u0107.<\/strong><\/li>\n<\/ul>\n\n\n\n<p>Naturalna japo\u0144ska ose\u0142ka to doskona\u0142y wyb\u00f3r zar\u00f3wno dla profesjonalnych szef\u00f3w kuchni, jak i innych producent\u00f3w \u017cywno\u015bci, kt\u00f3rzy poszukuj\u0105 w kuchni najwy\u017cszej jako\u015bci rezultat\u00f3w.<\/p>\n\n\n\n<p>Japo\u0144skie kamienie cenione s\u0105 za swoj\u0105 specjaln\u0105 struktur\u0119, kt\u00f3ra zapewnia doskona\u0142e w\u0142a\u015bciwo\u015bci ostrzenia ostrzy. Japo\u0144scy rzemie\u015blnicy ceni\u0105 je za szczeg\u00f3ln\u0105 r\u00f3wnowag\u0119 pomi\u0119dzy g\u0119sto\u015bci\u0105 ziarna a mi\u0119kko\u015bci\u0105, kt\u00f3ra pozwala no\u017cowi zachowa\u0107 ostro\u015b\u0107 przez d\u0142u\u017cszy czas. Ponadto proces ostrzenia jest prostszy, poniewa\u017c kamienie naturalne nie pozwalaj\u0105 na utworzenie bramy, w przeciwie\u0144stwie do kamieni syntetycznych.<\/p>\n\n\n\n<p>Powierzchnia tego kamienia jest do\u015b\u0107 g\u0142adka i r\u00f3wna, dzi\u0119ki czemu mo\u017cesz mie\u0107 pewno\u015b\u0107, \u017ce Tw\u00f3j n\u00f3\u017c b\u0119dzie r\u00f3wnomiernie naostrzony od pocz\u0105tku do ko\u0144ca.<\/p>\n\n\n\n<p>Ponadto ten naturalny japo\u0144ski kamie\u0144 mo\u017cna wykorzysta\u0107 nie tylko do ostrzenia no\u017cy, ale tak\u017ce do r\u00f3\u017cnych innych ostrzy, takich jak no\u017cyczki czy d\u0142uta. To wielofunkcyjne narz\u0119dzie, kt\u00f3re wzbogaci wyposa\u017cenie Twojej kuchni.<\/p>\n\n\n\n<p>Zapewnij swojemu no\u017cowi wyj\u0105tkowe mo\u017cliwo\u015bci ostrzenia, kt\u00f3re przypadn\u0105 do gustu zar\u00f3wno profesjonalnym, jak i domowym szefom kuchni, poszukuj\u0105cym najwy\u017cszej jako\u015bci i doskona\u0142ego rezultatu.<\/p>\n\n\n\n<figure class=\"wp-block-embed is-type-video is-provider-youtube wp-block-embed-youtube wp-embed-aspect-16-9 wp-has-aspect-ratio\"><div class=\"wp-block-embed__wrapper\">\n<div class=\"video-container\"><iframe title=\"JNATS Awasedo\" width=\"1170\" height=\"658\" src=\"https:\/\/www.youtube.com\/embed\/9KOBiaxAnt8?start=20&#038;feature=oembed\" frameborder=\"0\" allow=\"accelerometer; autoplay; clipboard-write; encrypted-media; gyroscope; picture-in-picture; web-share\" allowfullscreen><\/iframe><\/div>\n<\/div><\/figure>","protected":false},"excerpt":{"rendered":"<p><!-- wp:list --><\/p>\n<ul><!-- wp:list-item --><\/p>\n<li><strong>Twardo\u015b\u0107: Poziom 4<\/strong><\/li>\n<p><!-- \/wp:list-item --><\/p>\n<p><!-- wp:list-item --><\/p>\n<li><strong>Wymiary: 198x72x25 mm<\/strong><\/li>\n<p><!-- \/wp:list-item --><\/p>\n<p><!-- wp:list-item --><\/p>\n<li><strong>Waga (ze stojakiem): 1048 g.<\/strong><\/li>\n<p><!-- \/wp:list-item --><\/p>\n<p><!-- wp:list-item --><\/p>\n<li><strong>Wady: Linia naro\u017cna jest bardziej szorstka ni\u017c reszta powierzchni, ale mo\u017cna jej \u0142atwo unikn\u0105\u0107.<\/strong><\/li>\n<p><!-- \/wp:list-item --><\/ul>\n<p><!-- \/wp:list --><\/p>","protected":false},"featured_media":1204,"comment_status":"open","ping_status":"closed","template":"","meta":[],"product_brand":[],"product_cat":[22],"product_tag":[40,41],"class_list":{"0":"post-110","1":"product","2":"type-product","3":"status-publish","4":"has-post-thumbnail","6":"product_cat-jnats","7":"product_tag-awasedo","8":"product_tag-iromono","9":"product_shipping_class-iprastas","11":"first","12":"outofstock","13":"sale","14":"shipping-taxable","15":"purchasable","16":"product-type-simple"},"_links":{"self":[{"href":"https:\/\/jnats.eu\/pl\/wp-json\/wp\/v2\/product\/110","targetHints":{"allow":["GET"]}}],"collection":[{"href":"https:\/\/jnats.eu\/pl\/wp-json\/wp\/v2\/product"}],"about":[{"href":"https:\/\/jnats.eu\/pl\/wp-json\/wp\/v2\/types\/product"}],"replies":[{"embeddable":true,"href":"https:\/\/jnats.eu\/pl\/wp-json\/wp\/v2\/comments?post=110"}],"wp:featuredmedia":[{"embeddable":true,"href":"https:\/\/jnats.eu\/pl\/wp-json\/wp\/v2\/media\/1204"}],"wp:attachment":[{"href":"https:\/\/jnats.eu\/pl\/wp-json\/wp\/v2\/media?parent=110"}],"wp:term":[{"taxonomy":"product_brand","embeddable":true,"href":"https:\/\/jnats.eu\/pl\/wp-json\/wp\/v2\/product_brand?post=110"},{"taxonomy":"product_cat","embeddable":true,"href":"https:\/\/jnats.eu\/pl\/wp-json\/wp\/v2\/product_cat?post=110"},{"taxonomy":"product_tag","embeddable":true,"href":"https:\/\/jnats.eu\/pl\/wp-json\/wp\/v2\/product_tag?post=110"}],"curies":[{"name":"wp","href":"https:\/\/api.w.org\/{rel}","templated":true}]}}