{"id":117,"date":"2024-02-21T11:57:24","date_gmt":"2024-02-21T09:57:24","guid":{"rendered":"http:\/\/jnats.eu\/?post_type=product&#038;p=117"},"modified":"2024-08-19T23:02:13","modified_gmt":"2024-08-19T20:02:13","slug":"naturalny-japonski-kamien-do-ostrzenia-shobudani-mizu-asagi","status":"publish","type":"product","link":"https:\/\/jnats.eu\/pl\/produkt-2\/naturalny-japonski-kamien-do-ostrzenia-shobudani-mizu-asagi\/","title":{"rendered":"Shobudani Mizu Asagi Naturalny japo\u0144ski kamie\u0144 wyko\u0144czeniowy do ostrzenia"},"content":{"rendered":"<ul class=\"wp-block-list\">\n<li><strong>Twardo\u015b\u0107: Poziom 4<\/strong><\/li>\n\n\n\n<li><strong>Wymiary: 198x70x22 mm<\/strong><\/li>\n\n\n\n<li><strong>Waga: 772 g.<\/strong><\/li>\n\n\n\n<li><strong>Nadaje si\u0119 do wyka\u0144czania no\u017cy ze stali w\u0119glowej, no\u017cyczek, narz\u0119dzi stolarskich, brzytew itp<\/strong><\/li>\n<\/ul>\n\n\n\n<p>Naturalny japo\u0144ski kamie\u0144 do ostrzenia Shobudani Mizu Asagi to wyj\u0105tkowe narz\u0119dzie o wyj\u0105tkowo delikatnej strukturze, kt\u00f3re pozwala osi\u0105gn\u0105\u0107 najwy\u017csz\u0105 jako\u015b\u0107 ostro\u015bci. Kamie\u0144 ten to nie tylko praktyczne narz\u0119dzie w kuchni, ale tak\u017ce warto\u015b\u0107 artystyczna, kt\u00f3r\u0105 docenia prawdziwy rzemie\u015blnik. <\/p>\n\n\n\n<p>Kamie\u0144 Shobudani Mizu Asagi fascynuje wyj\u0105tkow\u0105 barw\u0105 i faktur\u0105. Jego powierzchnia jest delikatnie zarysowana i posiada naturalne odcienie r\u00f3\u017cnorodnych barw, kt\u00f3re nadaj\u0105 kamieniowi szczeg\u00f3lnego uroku. Ponadto minera\u0142y i pierwiastki \u015bladowe zawarte w tych kamieniach przyczyniaj\u0105 si\u0119 do wyj\u0105tkowo\u015bci wynik\u00f3w wzmocnienia.<\/p>\n\n\n\n<p>Ten japo\u0144ski kamie\u0144 ma wyj\u0105tkow\u0105 zdolno\u015b\u0107 tworzenia ostro\u015bci niemal brzytwy na ostrzu no\u017ca ze stali w\u0119glowej. Oznacza to, \u017ce Tw\u00f3j n\u00f3\u017c uzyska wyj\u0105tkowo ostre ci\u0119cie, kt\u00f3re z \u0142atwo\u015bci\u0105 przetnie \u017cywno\u015b\u0107, zachowuj\u0105c jednocze\u015bnie optymalny kszta\u0142t ostrza i trwa\u0142o\u015b\u0107 ostro\u015bci.<\/p>\n\n\n\n<p>Kamie\u0144 Shobudani Mizu Asagi nadaje si\u0119 nie tylko dla profesjonalnych kucharzy, ale tak\u017ce dla entuzjast\u00f3w domowej kuchni, kt\u00f3rzy poszukuj\u0105 idealnego rezultatu ostrzenia ostrza. Kamie\u0144 ten nie tylko sprawi, \u017ce Tw\u00f3j n\u00f3\u017c pozostanie ostry na d\u0142u\u017cej, ale tak\u017ce doda wyj\u0105tkowo\u015bci Twojemu sprz\u0119towi kuchennemu. Kup kamie\u0144 Shobudani Mizu Asagi i odkryj prawdziw\u0105 sztuk\u0119 japo\u0144skiego ostrzenia.<\/p>\n\n\n\n<figure class=\"wp-block-embed is-type-video is-provider-youtube wp-block-embed-youtube wp-embed-aspect-16-9 wp-has-aspect-ratio\"><div class=\"wp-block-embed__wrapper\">\n<div class=\"video-container\"><iframe title=\"JNATS Awasedo\" width=\"1170\" height=\"658\" src=\"https:\/\/www.youtube.com\/embed\/9KOBiaxAnt8?start=782&#038;feature=oembed\" frameborder=\"0\" allow=\"accelerometer; autoplay; clipboard-write; encrypted-media; gyroscope; picture-in-picture; web-share\" allowfullscreen><\/iframe><\/div>\n<\/div><\/figure>","protected":false},"excerpt":{"rendered":"<ul>\n<li><strong>Twardo\u015b\u0107: Poziom 4<\/strong><\/li>\n<li><strong>Wymiary: 198x70x22 mm<\/strong><\/li>\n<li><strong>Waga: 772 g.<\/strong><\/li>\n<li><strong>Nadaje si\u0119 do wyka\u0144czania no\u017cy ze stali w\u0119glowej, no\u017cyczek, narz\u0119dzi stolarskich, brzytew itp<\/strong><\/li>\n<\/ul>","protected":false},"featured_media":1271,"comment_status":"open","ping_status":"closed","template":"","meta":[],"product_brand":[],"product_cat":[22],"product_tag":[45,44],"class_list":{"0":"post-117","1":"product","2":"type-product","3":"status-publish","4":"has-post-thumbnail","6":"product_cat-jnats","7":"product_tag-asagi","8":"product_tag-shobudani","9":"product_shipping_class-iprastas","11":"first","12":"outofstock","13":"sale","14":"shipping-taxable","15":"purchasable","16":"product-type-simple"},"_links":{"self":[{"href":"https:\/\/jnats.eu\/pl\/wp-json\/wp\/v2\/product\/117","targetHints":{"allow":["GET"]}}],"collection":[{"href":"https:\/\/jnats.eu\/pl\/wp-json\/wp\/v2\/product"}],"about":[{"href":"https:\/\/jnats.eu\/pl\/wp-json\/wp\/v2\/types\/product"}],"replies":[{"embeddable":true,"href":"https:\/\/jnats.eu\/pl\/wp-json\/wp\/v2\/comments?post=117"}],"wp:featuredmedia":[{"embeddable":true,"href":"https:\/\/jnats.eu\/pl\/wp-json\/wp\/v2\/media\/1271"}],"wp:attachment":[{"href":"https:\/\/jnats.eu\/pl\/wp-json\/wp\/v2\/media?parent=117"}],"wp:term":[{"taxonomy":"product_brand","embeddable":true,"href":"https:\/\/jnats.eu\/pl\/wp-json\/wp\/v2\/product_brand?post=117"},{"taxonomy":"product_cat","embeddable":true,"href":"https:\/\/jnats.eu\/pl\/wp-json\/wp\/v2\/product_cat?post=117"},{"taxonomy":"product_tag","embeddable":true,"href":"https:\/\/jnats.eu\/pl\/wp-json\/wp\/v2\/product_tag?post=117"}],"curies":[{"name":"wp","href":"https:\/\/api.w.org\/{rel}","templated":true}]}}