{"id":125,"date":"2024-02-21T12:09:07","date_gmt":"2024-02-21T10:09:07","guid":{"rendered":"http:\/\/jnats.eu\/?post_type=product&#038;p=125"},"modified":"2025-09-27T14:51:41","modified_gmt":"2025-09-27T11:51:41","slug":"ohira-awasedo","status":"publish","type":"product","link":"https:\/\/jnats.eu\/pl\/produkt-2\/ohira-awasedo\/","title":{"rendered":"Ohira Nashiji Awasedo Japo\u0144ski naturalny kamie\u0144 do ostrzenia"},"content":{"rendered":"<p><br><\/p>\n\n\n\n<ul class=\"wp-block-list\">\n<li><strong>Twardo\u015b\u0107: Poziom 4<\/strong><\/li>\n\n\n\n<li><strong>Wymiary: 205x75x33 mm<\/strong><\/li>\n\n\n\n<li><strong>Waga: 1230 g.<\/strong><\/li>\n\n\n\n<li><strong>Nadaje si\u0119 do wyka\u0144czania no\u017cy ze stali w\u0119glowej, no\u017cyczek, narz\u0119dzi stolarskich i innych.<\/strong><\/li>\n<\/ul>\n\n\n\n<p>Ohira Awasedo to specjalny japo\u0144ski kamie\u0144 wyko\u0144czeniowy do ostrzenia, ceniony zar\u00f3wno przez mistrz\u00f3w, jak i profesjonalnych szef\u00f3w kuchni na ca\u0142ym \u015bwiecie. Kamie\u0144 ten wytwarzany jest z unikalnych naturalnych \u017ar\u00f3de\u0142 znajduj\u0105cych si\u0119 w g\u00f3rskim regionie Ohira w Japonii, co nadaje mu szczeg\u00f3lny sk\u0142ad i w\u0142a\u015bciwo\u015bci.<\/p>\n\n\n\n<p>Ohira Awasedo znana jest z wysokiej zawarto\u015bci minera\u0142\u00f3w i specjalnej tekstury, kt\u00f3ra daje niepowtarzalny efekt ostrzenia ostrza. Kamie\u0144 ten jest wyj\u0105tkowy, poniewa\u017c zawiera r\u00f3\u017cne minera\u0142y, takie jak talk, kwarc i inne mikroskopijne cz\u0105steczki, kt\u00f3re tworz\u0105 delikatn\u0105 i skuteczn\u0105 powierzchni\u0119 ostrz\u0105c\u0105.<\/p>\n\n\n\n<p>Ohira Awasedo nie tylko nadaje no\u017cowi wyj\u0105tkow\u0105 ostro\u015b\u0107, ale tak\u017ce pomaga stworzy\u0107 specjalny efekt polerowania na ostrzu no\u017ca. Pozwala to uzyska\u0107 nie tylko wysoki poziom ostro\u015bci, ale tak\u017ce atrakcyjn\u0105 powierzchni\u0119, kt\u00f3ra nadaje no\u017cowi nie tylko wysokiej jako\u015bci walory funkcjonalne, ale tak\u017ce estetyczne.<\/p>\n\n\n\n<p>Kamie\u0144 Ohira Awasedo jest odpowiedni zar\u00f3wno dla profesjonalnych, jak i domowych szef\u00f3w kuchni, kt\u00f3rzy oczekuj\u0105 najwy\u017cszej jako\u015bci ostrzenia i doskona\u0142ego rezultatu dla swoich no\u017cy. To wyj\u0105tkowe narz\u0119dzie, kt\u00f3re doda warto\u015bci Twojemu gotowaniu i nada no\u017cowi wyj\u0105tkow\u0105 ostro\u015b\u0107 i wyj\u0105tkowy efekt polerowania.<\/p>\n\n\n\n<figure class=\"wp-block-embed is-type-video is-provider-youtube wp-block-embed-youtube wp-embed-aspect-16-9 wp-has-aspect-ratio\"><div class=\"wp-block-embed__wrapper\">\n<div class=\"video-container\"><iframe title=\"Ose\u0142ki JNATS Awasedo\" width=\"1170\" height=\"658\" src=\"https:\/\/www.youtube.com\/embed\/9KOBiaxAnt8?feature=oembed\" frameborder=\"0\" allow=\"accelerometer; autoplay; clipboard-write; encrypted-media; gyroscope; picture-in-picture; web-share\" referrerpolicy=\"strict-origin-when-cross-origin\" allowfullscreen><\/iframe><\/div>\n<\/div><\/figure>","protected":false},"excerpt":{"rendered":"<ul>\n<li><strong>Twardo\u015b\u0107: Poziom 4<\/strong><\/li>\n<li><strong>Wymiary: 205x75x33 mm<\/strong><\/li>\n<li><strong>Waga: 1230 g.<\/strong><\/li>\n<li><strong>Nadaje si\u0119 do wyka\u0144czania no\u017cy ze stali w\u0119glowej, no\u017cyczek, narz\u0119dzi stolarskich.<\/strong><\/li>\n<\/ul>","protected":false},"featured_media":1239,"comment_status":"open","ping_status":"closed","template":"","meta":[],"product_brand":[],"product_cat":[22],"product_tag":[40,48,47,46],"class_list":{"0":"post-125","1":"product","2":"type-product","3":"status-publish","4":"has-post-thumbnail","6":"product_cat-jnats","7":"product_tag-awasedo","8":"product_tag-nashiji","9":"product_tag-ohira","10":"product_tag-ohira-awasedo","11":"product_shipping_class-iprastas","13":"first","14":"outofstock","15":"sale","16":"shipping-taxable","17":"purchasable","18":"product-type-simple"},"_links":{"self":[{"href":"https:\/\/jnats.eu\/pl\/wp-json\/wp\/v2\/product\/125","targetHints":{"allow":["GET"]}}],"collection":[{"href":"https:\/\/jnats.eu\/pl\/wp-json\/wp\/v2\/product"}],"about":[{"href":"https:\/\/jnats.eu\/pl\/wp-json\/wp\/v2\/types\/product"}],"replies":[{"embeddable":true,"href":"https:\/\/jnats.eu\/pl\/wp-json\/wp\/v2\/comments?post=125"}],"wp:featuredmedia":[{"embeddable":true,"href":"https:\/\/jnats.eu\/pl\/wp-json\/wp\/v2\/media\/1239"}],"wp:attachment":[{"href":"https:\/\/jnats.eu\/pl\/wp-json\/wp\/v2\/media?parent=125"}],"wp:term":[{"taxonomy":"product_brand","embeddable":true,"href":"https:\/\/jnats.eu\/pl\/wp-json\/wp\/v2\/product_brand?post=125"},{"taxonomy":"product_cat","embeddable":true,"href":"https:\/\/jnats.eu\/pl\/wp-json\/wp\/v2\/product_cat?post=125"},{"taxonomy":"product_tag","embeddable":true,"href":"https:\/\/jnats.eu\/pl\/wp-json\/wp\/v2\/product_tag?post=125"}],"curies":[{"name":"wp","href":"https:\/\/api.w.org\/{rel}","templated":true}]}}