{"id":139,"date":"2024-02-21T14:46:56","date_gmt":"2024-02-21T12:46:56","guid":{"rendered":"http:\/\/jnats.eu\/?post_type=product&#038;p=139"},"modified":"2024-12-18T11:35:03","modified_gmt":"2024-12-18T09:35:03","slug":"shobudani-awasedo-iromono","status":"publish","type":"product","link":"https:\/\/jnats.eu\/pl\/produkt-2\/shobudani-awasedo-iromono\/","title":{"rendered":"Shobudani Awasedo Iromono Japo\u0144ski naturalny kamie\u0144 do ostrzenia"},"content":{"rendered":"<p>Naturalny japo\u0144ski kamie\u0144 wyko\u0144czeniowy do ostrzenia.<\/p>\n\n\n\n<ul class=\"wp-block-list\">\n<li><strong>Twardo\u015b\u0107: Poziom 4<\/strong><\/li>\n\n\n\n<li><strong>Wymiary: 135x79x18<\/strong>\u00a0mm<\/li>\n\n\n\n<li><strong>Waga: 477 g.<\/strong><\/li>\n\n\n\n<li><strong>Wady: usuni\u0119to linie w rogach, kt\u00f3re by\u0142y bardziej szorstkie ni\u017c na pozosta\u0142ej powierzchni. Pozosta\u0142y do\u0142y, trzeba ich unika\u0107.<\/strong><\/li>\n<\/ul>","protected":false},"excerpt":{"rendered":"<p><!-- wp:list --><\/p>\n<ul><!-- wp:list-item --><\/p>\n<li><strong>Twardo\u015b\u0107: Poziom 4<\/strong><\/li>\n<p><!-- \/wp:list-item --><\/p>\n<p><!-- wp:list-item --><\/p>\n<li><strong>Wymiary: 135x79x18<\/strong>\u00a0mm<\/li>\n<p><!-- \/wp:list-item --><\/p>\n<p><!-- wp:list-item --><\/p>\n<li><strong>Waga: 477 g.<\/strong><\/li>\n<p><!-- \/wp:list-item --><\/p>\n<p><!-- wp:list-item --><\/p>\n<li><strong>Wady: usuni\u0119to linie w rogach, kt\u00f3re by\u0142y bardziej szorstkie ni\u017c na pozosta\u0142ej powierzchni. Pozosta\u0142y do\u0142y, trzeba ich unika\u0107.<\/strong><\/li>\n<p><!-- \/wp:list-item --><\/ul>\n<p><!-- \/wp:list --><\/p>","protected":false},"featured_media":1238,"comment_status":"open","ping_status":"closed","template":"","meta":[],"product_brand":[],"product_cat":[22],"product_tag":[40,44],"class_list":{"0":"post-139","1":"product","2":"type-product","3":"status-publish","4":"has-post-thumbnail","6":"product_cat-jnats","7":"product_tag-awasedo","8":"product_tag-shobudani","10":"first","11":"outofstock","12":"shipping-taxable","13":"purchasable","14":"product-type-simple"},"_links":{"self":[{"href":"https:\/\/jnats.eu\/pl\/wp-json\/wp\/v2\/product\/139","targetHints":{"allow":["GET"]}}],"collection":[{"href":"https:\/\/jnats.eu\/pl\/wp-json\/wp\/v2\/product"}],"about":[{"href":"https:\/\/jnats.eu\/pl\/wp-json\/wp\/v2\/types\/product"}],"replies":[{"embeddable":true,"href":"https:\/\/jnats.eu\/pl\/wp-json\/wp\/v2\/comments?post=139"}],"wp:featuredmedia":[{"embeddable":true,"href":"https:\/\/jnats.eu\/pl\/wp-json\/wp\/v2\/media\/1238"}],"wp:attachment":[{"href":"https:\/\/jnats.eu\/pl\/wp-json\/wp\/v2\/media?parent=139"}],"wp:term":[{"taxonomy":"product_brand","embeddable":true,"href":"https:\/\/jnats.eu\/pl\/wp-json\/wp\/v2\/product_brand?post=139"},{"taxonomy":"product_cat","embeddable":true,"href":"https:\/\/jnats.eu\/pl\/wp-json\/wp\/v2\/product_cat?post=139"},{"taxonomy":"product_tag","embeddable":true,"href":"https:\/\/jnats.eu\/pl\/wp-json\/wp\/v2\/product_tag?post=139"}],"curies":[{"name":"wp","href":"https:\/\/api.w.org\/{rel}","templated":true}]}}