{"id":1407,"date":"2024-04-11T15:14:44","date_gmt":"2024-04-11T12:14:44","guid":{"rendered":"http:\/\/jnats.eu\/?post_type=product&#038;p=1407"},"modified":"2024-09-26T12:20:57","modified_gmt":"2024-09-26T09:20:57","slug":"okudo-suita-nashiji-japoniskas-naturalus-galandimo-akmuo","status":"publish","type":"product","link":"https:\/\/jnats.eu\/pl\/produkt-2\/okudo-suita-nashiji-japoniskas-naturalus-galandimo-akmuo\/","title":{"rendered":"Japo\u0144ski naturalny kamie\u0144 ostrz\u0105cy Okudo Suita Nashiji"},"content":{"rendered":"<ul class=\"wp-block-list\">\n<li>Nadaje si\u0119 do wyka\u0144czania no\u017cy, no\u017cyczek, narz\u0119dzi stolarskich i innych.<\/li>\n\n\n\n<li>Wymiary: 154x52x18mm<\/li>\n\n\n\n<li>Waga: 370 g<\/li>\n\n\n\n<li>Twardo\u015b\u0107: Poziom 4<\/li>\n\n\n\n<li>Linie mo\u017cna wyczu\u0107 palcem, nie przeszkadzaj\u0105 w wyostrzaniu.<\/li>\n<\/ul>","protected":false},"excerpt":{"rendered":"<p><!-- wp:list --><\/p>\n<ul><!-- wp:list-item --><\/p>\n<li>Nadaje si\u0119 do wyka\u0144czania no\u017cy, no\u017cyczek, narz\u0119dzi stolarskich i innych.<\/li>\n<p><!-- \/wp:list-item --><\/p>\n<p><!-- wp:list-item --><\/p>\n<li>Wymiary: 154x52x18mm<\/li>\n<p><!-- \/wp:list-item --><\/p>\n<p><!-- wp:list-item --><\/p>\n<li>Waga: 370 g<\/li>\n<p><!-- \/wp:list-item --><\/p>\n<p><!-- wp:list-item --><\/p>\n<li>Twardo\u015b\u0107: Poziom 4<\/li>\n<p><!-- \/wp:list-item --><\/p>\n<p><!-- wp:list-item --><\/p>\n<li>Linie mo\u017cna wyczu\u0107 palcem, nie przeszkadzaj\u0105 w wyostrzaniu.<\/li>\n<p><!-- \/wp:list-item --><\/ul>\n<p><!-- \/wp:list --><\/p>","protected":false},"featured_media":1411,"comment_status":"open","ping_status":"closed","template":"","meta":[],"product_brand":[],"product_cat":[22],"product_tag":[142,50],"class_list":{"0":"post-1407","1":"product","2":"type-product","3":"status-publish","4":"has-post-thumbnail","6":"product_cat-jnats","7":"product_tag-okudo","8":"product_tag-suita","9":"product_shipping_class-iprastas","11":"first","12":"outofstock","13":"shipping-taxable","14":"purchasable","15":"product-type-simple"},"_links":{"self":[{"href":"https:\/\/jnats.eu\/pl\/wp-json\/wp\/v2\/product\/1407","targetHints":{"allow":["GET"]}}],"collection":[{"href":"https:\/\/jnats.eu\/pl\/wp-json\/wp\/v2\/product"}],"about":[{"href":"https:\/\/jnats.eu\/pl\/wp-json\/wp\/v2\/types\/product"}],"replies":[{"embeddable":true,"href":"https:\/\/jnats.eu\/pl\/wp-json\/wp\/v2\/comments?post=1407"}],"wp:featuredmedia":[{"embeddable":true,"href":"https:\/\/jnats.eu\/pl\/wp-json\/wp\/v2\/media\/1411"}],"wp:attachment":[{"href":"https:\/\/jnats.eu\/pl\/wp-json\/wp\/v2\/media?parent=1407"}],"wp:term":[{"taxonomy":"product_brand","embeddable":true,"href":"https:\/\/jnats.eu\/pl\/wp-json\/wp\/v2\/product_brand?post=1407"},{"taxonomy":"product_cat","embeddable":true,"href":"https:\/\/jnats.eu\/pl\/wp-json\/wp\/v2\/product_cat?post=1407"},{"taxonomy":"product_tag","embeddable":true,"href":"https:\/\/jnats.eu\/pl\/wp-json\/wp\/v2\/product_tag?post=1407"}],"curies":[{"name":"wp","href":"https:\/\/api.w.org\/{rel}","templated":true}]}}