{"id":1444,"date":"2024-04-12T11:21:00","date_gmt":"2024-04-12T08:21:00","guid":{"rendered":"http:\/\/jnats.eu\/?post_type=product&#038;p=1444"},"modified":"2025-02-15T16:42:37","modified_gmt":"2025-02-15T14:42:37","slug":"nakatoshi-srednioziarnista-japonska-oselka-naturalna","status":"publish","type":"product","link":"https:\/\/jnats.eu\/pl\/produkt-2\/nakatoshi-srednioziarnista-japonska-oselka-naturalna\/","title":{"rendered":"Nakatoshi \u015brednioziarnisty japo\u0144ski naturalny kamie\u0144 do ostrzenia + Aizu"},"content":{"rendered":"<ul class=\"wp-block-list\">\n<li>Nadaje si\u0119 do ostrzenia no\u017cy, no\u017cyczek, narz\u0119dzi stolarskich i innych narz\u0119dzi.<\/li>\n\n\n\n<li>Oko\u0142o 3000 ziaren<\/li>\n\n\n\n<li>Wymiary: 219x88x48mm<\/li>\n\n\n\n<li>Waga: 890 g<\/li>\n\n\n\n<li>Twardo\u015b\u0107: Lv 3.5<\/li>\n\n\n\n<li>\u015arednia pr\u0119dko\u015b\u0107 i r\u00f3wnomierno\u015b\u0107 pracy.<\/li>\n\n\n\n<li>Zalecamy prac\u0119 z ciep\u0142\u0105 wod\u0105, poniewa\u017c zimna woda pogarsza szybko\u015b\u0107 i reakcj\u0119.<\/li>\n<\/ul>\n\n\n\n<figure class=\"wp-block-embed is-type-video is-provider-youtube wp-block-embed-youtube wp-embed-aspect-16-9 wp-has-aspect-ratio\"><div class=\"wp-block-embed__wrapper\">\n<div class=\"video-container\"><iframe title=\"\u015arednie ose\u0142ki Nakatoishi\" width=\"1170\" height=\"658\" src=\"https:\/\/www.youtube.com\/embed\/exohrqMqmWk?feature=oembed\" frameborder=\"0\" allow=\"accelerometer; autoplay; clipboard-write; encrypted-media; gyroscope; picture-in-picture; web-share\" referrerpolicy=\"strict-origin-when-cross-origin\" allowfullscreen><\/iframe><\/div>\n<\/div><\/figure>","protected":false},"excerpt":{"rendered":"<p><!-- wp:list --><\/p>\n<ul><!-- wp:list-item --><\/p>\n<li>Nadaje si\u0119 do ostrzenia no\u017cy, no\u017cyczek, narz\u0119dzi stolarskich i innych narz\u0119dzi.<\/li>\n<p><!-- \/wp:list-item --><\/p>\n<p><!-- wp:list-item --><\/p>\n<li>Oko\u0142o 3000 ziaren<\/li>\n<p><!-- \/wp:list-item --><\/p>\n<p><!-- wp:list-item --><\/p>\n<li>Wymiary: 219x88x48mm<\/li>\n<p><!-- \/wp:list-item --><\/p>\n<p><!-- wp:list-item --><\/p>\n<li>Waga: 2220 g<\/li>\n<p><!-- \/wp:list-item --><\/p>\n<p><!-- wp:list-item --><\/p>\n<li>Twardo\u015b\u0107: Lv 3.5<\/li>\n<p><!-- \/wp:list-item --><\/p>\n<p><!-- wp:list-item --><\/p>\n<li>\u015arednia pr\u0119dko\u015b\u0107 i r\u00f3wnomierno\u015b\u0107 pracy.<\/li>\n<p><!-- \/wp:list-item --><\/p>\n<p><!-- wp:list-item --><\/p>\n<li>Zalecamy prac\u0119 z ciep\u0142\u0105 wod\u0105, poniewa\u017c zimna woda pogarsza szybko\u015b\u0107 i reakcj\u0119.<\/li>\n<p><!-- \/wp:list-item --><\/ul>\n<p><!-- \/wp:list --><\/p>","protected":false},"featured_media":1447,"comment_status":"open","ping_status":"closed","template":"","meta":[],"product_brand":[],"product_cat":[22],"product_tag":[190],"class_list":{"0":"post-1444","1":"product","2":"type-product","3":"status-publish","4":"has-post-thumbnail","6":"product_cat-jnats","7":"product_tag-nakatoshi","8":"product_shipping_class-iprastas","10":"first","11":"outofstock","12":"shipping-taxable","13":"purchasable","14":"product-type-simple"},"_links":{"self":[{"href":"https:\/\/jnats.eu\/pl\/wp-json\/wp\/v2\/product\/1444","targetHints":{"allow":["GET"]}}],"collection":[{"href":"https:\/\/jnats.eu\/pl\/wp-json\/wp\/v2\/product"}],"about":[{"href":"https:\/\/jnats.eu\/pl\/wp-json\/wp\/v2\/types\/product"}],"replies":[{"embeddable":true,"href":"https:\/\/jnats.eu\/pl\/wp-json\/wp\/v2\/comments?post=1444"}],"wp:featuredmedia":[{"embeddable":true,"href":"https:\/\/jnats.eu\/pl\/wp-json\/wp\/v2\/media\/1447"}],"wp:attachment":[{"href":"https:\/\/jnats.eu\/pl\/wp-json\/wp\/v2\/media?parent=1444"}],"wp:term":[{"taxonomy":"product_brand","embeddable":true,"href":"https:\/\/jnats.eu\/pl\/wp-json\/wp\/v2\/product_brand?post=1444"},{"taxonomy":"product_cat","embeddable":true,"href":"https:\/\/jnats.eu\/pl\/wp-json\/wp\/v2\/product_cat?post=1444"},{"taxonomy":"product_tag","embeddable":true,"href":"https:\/\/jnats.eu\/pl\/wp-json\/wp\/v2\/product_tag?post=1444"}],"curies":[{"name":"wp","href":"https:\/\/api.w.org\/{rel}","templated":true}]}}