{"id":1470,"date":"2024-04-12T12:00:06","date_gmt":"2024-04-12T09:00:06","guid":{"rendered":"http:\/\/jnats.eu\/?post_type=product&#038;p=1470"},"modified":"2024-11-12T10:34:54","modified_gmt":"2024-11-12T08:34:54","slug":"mizukihara-uchigumori-kwiaty-lotosu-jnat","status":"publish","type":"product","link":"https:\/\/jnats.eu\/pl\/produkt-2\/mizukihara-uchigumori-kwiaty-lotosu-jnat\/","title":{"rendered":"Mizukihara Uchigumori Kwiaty lotosu"},"content":{"rendered":"<p>Kamie\u0144 ten jest bardzo ceniony przez osoby pragn\u0105ce polerowa\u0107 kamienie. Do\u015b\u0107 mi\u0119kkie, ale zawieszenie nie puszcza zbyt wiele i wystarczaj\u0105co dobrze trzyma sw\u00f3j kszta\u0142t. Uchigumori nie s\u0105 najszybszymi kamieniami, ale rezultaty polerowania s\u0105 wyj\u0105tkowe. Bez powi\u0119kszenia na powierzchni ostrza nie b\u0119d\u0105 widoczne \u017cadne widoczne rysy. Twarda, hartowana stal b\u0119dzie mia\u0142a wspania\u0142y po\u0142ysk, a jej pow\u0142oka powinna przyciemni\u0107 si\u0119. Chocia\u017c uchigumori mo\u017ce nie wykazywa\u0107 drobnoziarnistej struktury, jak\u0105 m\u00f3g\u0142by uzyska\u0107 drobniejszy, twardszy Suita, wyniki s\u0105 zwykle bardziej przewidywalne i \u0142atwiejsze do osi\u0105gni\u0119cia. Dzi\u0119ki ca\u0142kowicie wyg\u0142adzonej powierzchni mo\u017cna ich u\u017cywa\u0107 do wst\u0119pnego wyka\u0144czania brzytew lub narz\u0119dzi, ale najlepiej nadaj\u0105 si\u0119 do polerowania no\u017ca kuchennego. Mo\u017cna ich r\u00f3wnie\u017c u\u017cywa\u0107 do ostrzenia i wytwarza\u0107 agresywne ostrze.<\/p>\n\n\n\n<p>Kamie\u0144 jest bardzo czysty, z kilkoma liniami na dnie, kt\u00f3re raczej nie b\u0119d\u0105 sprawia\u0107 problem\u00f3w. Kamie\u0144 jest koloru szarego z czerwonymi kropkami zwanymi kwiatami lotosu. Te ostatnie s\u0105 obecne w ca\u0142ym kamieniu i tworz\u0105 g\u0119sty wz\u00f3r zwany renge. <\/p>\n\n\n\n<p>Powierzchnia kamienia jest wypoziomowana i gotowa do pracy. <\/p>\n\n\n\n<p>Kopalnia Mizukihara (\u6c34\u6728\u539f) w pobli\u017cu Ohira jest dobrze znana jako kolejne \u017ar\u00f3d\u0142o uchigumori. Obecnie Mizukihara jest nadal u\u017cywana oszcz\u0119dnie.<\/p>\n\n\n\n<figure class=\"wp-block-embed is-type-video is-provider-youtube wp-block-embed-youtube wp-embed-aspect-16-9 wp-has-aspect-ratio\"><div class=\"wp-block-embed__wrapper\">\n<div class=\"video-container\"><iframe title=\"Mizukihara Uchigumori, Kizuyama, Aiwatani\" width=\"1170\" height=\"658\" src=\"https:\/\/www.youtube.com\/embed\/Uzd6FESK3iY?feature=oembed\" frameborder=\"0\" allow=\"accelerometer; autoplay; clipboard-write; encrypted-media; gyroscope; picture-in-picture; web-share\" referrerpolicy=\"strict-origin-when-cross-origin\" allowfullscreen><\/iframe><\/div>\n<\/div><\/figure>","protected":false},"excerpt":{"rendered":"<ul>\n<li>Najbardziej ceniony za wyko\u0144czenie Kasumi na ostrzu Sanmai (twarda stal pokryta bardziej mi\u0119kk\u0105 warstw\u0105).<\/li>\n<li>Nadaje si\u0119 do ostrzenia no\u017cy, no\u017cyczek, narz\u0119dzi stolarskich i innych narz\u0119dzi.<\/li>\n<li>Wymiary: 230x85x32mm<\/li>\n<li>Waga: 1420 g<\/li>\n<li>Twardo\u015b\u0107: Lv 3.5<\/li>\n<li>Charakteryzuje si\u0119 \u015bredni\u0105 szybko\u015bci\u0105 pracy i dobr\u0105 r\u00f3wnomierno\u015bci\u0105.<\/li>\n<li>Zalecamy prac\u0119 z ciep\u0142\u0105 wod\u0105, poniewa\u017c zimna woda pogarsza szybko\u015b\u0107 i reakcj\u0119.<\/li>\n<\/ul>","protected":false},"featured_media":1471,"comment_status":"open","ping_status":"closed","template":"","meta":[],"product_brand":[],"product_cat":[22],"product_tag":[192,193],"class_list":{"0":"post-1470","1":"product","2":"type-product","3":"status-publish","4":"has-post-thumbnail","6":"product_cat-jnats","7":"product_tag-mizukihara","8":"product_tag-uchigumori","9":"product_shipping_class-iprastas","11":"first","12":"outofstock","13":"shipping-taxable","14":"purchasable","15":"product-type-simple"},"_links":{"self":[{"href":"https:\/\/jnats.eu\/pl\/wp-json\/wp\/v2\/product\/1470","targetHints":{"allow":["GET"]}}],"collection":[{"href":"https:\/\/jnats.eu\/pl\/wp-json\/wp\/v2\/product"}],"about":[{"href":"https:\/\/jnats.eu\/pl\/wp-json\/wp\/v2\/types\/product"}],"replies":[{"embeddable":true,"href":"https:\/\/jnats.eu\/pl\/wp-json\/wp\/v2\/comments?post=1470"}],"wp:featuredmedia":[{"embeddable":true,"href":"https:\/\/jnats.eu\/pl\/wp-json\/wp\/v2\/media\/1471"}],"wp:attachment":[{"href":"https:\/\/jnats.eu\/pl\/wp-json\/wp\/v2\/media?parent=1470"}],"wp:term":[{"taxonomy":"product_brand","embeddable":true,"href":"https:\/\/jnats.eu\/pl\/wp-json\/wp\/v2\/product_brand?post=1470"},{"taxonomy":"product_cat","embeddable":true,"href":"https:\/\/jnats.eu\/pl\/wp-json\/wp\/v2\/product_cat?post=1470"},{"taxonomy":"product_tag","embeddable":true,"href":"https:\/\/jnats.eu\/pl\/wp-json\/wp\/v2\/product_tag?post=1470"}],"curies":[{"name":"wp","href":"https:\/\/api.w.org\/{rel}","templated":true}]}}