{"id":1488,"date":"2025-03-17T15:04:03","date_gmt":"2025-03-17T13:04:03","guid":{"rendered":"http:\/\/jnats.eu\/?post_type=product&#038;p=1488"},"modified":"2025-03-17T15:26:19","modified_gmt":"2025-03-17T13:26:19","slug":"sumi-nagashi-naturalny-japonski-kamien-do-ostrzenia","status":"publish","type":"product","link":"https:\/\/jnats.eu\/pl\/produkt-2\/sumi-nagashi-naturalny-japonski-kamien-do-ostrzenia\/","title":{"rendered":"Naturalny japo\u0144ski kamie\u0144 do ostrzenia Aiwatani Suminagashi"},"content":{"rendered":"<p>Aiwatani to wysokiej jako\u015bci japo\u0144ski naturalny kamie\u0144 ostrz\u0105cy do profesjonalnego i precyzyjnego ostrzenia no\u017cy, d\u0142ut i innych narz\u0119dzi. Kamie\u0144 ten, wydobywany z autentycznych japo\u0144skich g\u00f3r, ma niezwykle drobn\u0105 struktur\u0119 i r\u00f3wnomiernie roz\u0142o\u017cone ziarna, kt\u00f3re zapewniaj\u0105 doskona\u0142y efekt ostrzenia.<\/p>\n\n\n\n<h3 class=\"wp-block-heading\">Cechy:<\/h3>\n\n\n\n<p>\u2705 <strong>Naturalne pochodzenie<\/strong> - wydobywany tradycyjnymi metodami w japo\u0144skich kopalniach.<br>\u2705 <strong>Precyzyjne i wydajne ostrzenie<\/strong> - zapewnia ostre ostrza przy minimalnym usuwaniu materia\u0142u.<br>\u2705 <strong>Trwa\u0142o\u015b\u0107<\/strong> - wytrzymuj\u0105 d\u0142u\u017cej ni\u017c kamienie syntetyczne ze wzgl\u0119du na ich g\u0119st\u0105 struktur\u0119.<br>\u2705 <strong>Uniwersalno\u015b\u0107<\/strong> - Nadaje si\u0119 zar\u00f3wno do no\u017cy, jak i innych wysokiej jako\u015bci narz\u0119dzi.<\/p>\n\n\n\n<p>Kamie\u0144 do ostrzenia Aiwatani jest niezb\u0119dnym narz\u0119dziem dla ka\u017cdego, kto poszukuje precyzyjnej ostro\u015bci i autentycznego japo\u0144skiego rzemios\u0142a.<\/p>\n\n\n\n<figure class=\"wp-block-embed is-type-video is-provider-youtube wp-block-embed-youtube wp-embed-aspect-16-9 wp-has-aspect-ratio\"><div class=\"wp-block-embed__wrapper\">\n<div class=\"video-container\"><iframe title=\"Naturalne japo\u0144skie kamienie do ostrzenia Aiwatani\" width=\"1170\" height=\"658\" src=\"https:\/\/www.youtube.com\/embed\/7KUe1vRixzw?feature=oembed\" frameborder=\"0\" allow=\"accelerometer; autoplay; clipboard-write; encrypted-media; gyroscope; picture-in-picture; web-share\" referrerpolicy=\"strict-origin-when-cross-origin\" allowfullscreen><\/iframe><\/div>\n<\/div><\/figure>","protected":false},"excerpt":{"rendered":"<p><!-- wp:list --><\/p>\n<ul><!-- wp:list-item --><\/p>\n<li>Nadaje si\u0119 do wyka\u0144czania no\u017cy, no\u017cyczek, narz\u0119dzi stolarskich i innych.<\/li>\n<p><!-- \/wp:list-item --><\/p>\n<p><!-- wp:list-item --><\/p>\n<li>Wymiary: 211x85x37 mm<\/li>\n<p><!-- \/wp:list-item --><\/p>\n<p><!-- wp:list-item --><\/p>\n<li>Waga: 1650 g<\/li>\n<p><!-- \/wp:list-item --><\/p>\n<p><!-- wp:list-item --><\/p>\n<li>Twardo\u015b\u0107: Poz. 4,5<\/li>\n<li>Bezpieczne linie<\/li>\n<p><!-- \/wp:list-item --><\/p>\n<p><!-- wp:list-item --><\/p>\n<li>\u015arednia pr\u0119dko\u015b\u0107 robocza. Przyspieszenie mo\u017cna uzyska\u0107 za pomoc\u0105 zawieszenia gwo\u017adziowego lub szorstkiej p\u0142ytki diamentowej.<\/li>\n<li>Dolna pokrywa z lakierem<\/li>\n<p><!-- \/wp:list-item --><\/p>\n<p><!-- wp:list-item --><\/p>\n<li>Zalecamy prac\u0119 z ciep\u0142\u0105 wod\u0105, poniewa\u017c zimna woda pogarsza szybko\u015b\u0107 i reakcj\u0119.<\/li>\n<p><!-- \/wp:list-item --><\/ul>\n<p><!-- \/wp:list --><\/p>","protected":false},"featured_media":4062,"comment_status":"open","ping_status":"closed","template":"","meta":[],"product_brand":[],"product_cat":[22],"product_tag":[65],"class_list":{"0":"post-1488","1":"product","2":"type-product","3":"status-publish","4":"has-post-thumbnail","6":"product_cat-jnats","7":"product_tag-aiwatani","8":"product_shipping_class-iprastas","10":"first","11":"instock","12":"shipping-taxable","13":"purchasable","14":"product-type-simple"},"_links":{"self":[{"href":"https:\/\/jnats.eu\/pl\/wp-json\/wp\/v2\/product\/1488","targetHints":{"allow":["GET"]}}],"collection":[{"href":"https:\/\/jnats.eu\/pl\/wp-json\/wp\/v2\/product"}],"about":[{"href":"https:\/\/jnats.eu\/pl\/wp-json\/wp\/v2\/types\/product"}],"replies":[{"embeddable":true,"href":"https:\/\/jnats.eu\/pl\/wp-json\/wp\/v2\/comments?post=1488"}],"wp:featuredmedia":[{"embeddable":true,"href":"https:\/\/jnats.eu\/pl\/wp-json\/wp\/v2\/media\/4062"}],"wp:attachment":[{"href":"https:\/\/jnats.eu\/pl\/wp-json\/wp\/v2\/media?parent=1488"}],"wp:term":[{"taxonomy":"product_brand","embeddable":true,"href":"https:\/\/jnats.eu\/pl\/wp-json\/wp\/v2\/product_brand?post=1488"},{"taxonomy":"product_cat","embeddable":true,"href":"https:\/\/jnats.eu\/pl\/wp-json\/wp\/v2\/product_cat?post=1488"},{"taxonomy":"product_tag","embeddable":true,"href":"https:\/\/jnats.eu\/pl\/wp-json\/wp\/v2\/product_tag?post=1488"}],"curies":[{"name":"wp","href":"https:\/\/api.w.org\/{rel}","templated":true}]}}