{"id":1516,"date":"2024-04-13T10:24:11","date_gmt":"2024-04-13T07:24:11","guid":{"rendered":"http:\/\/jnats.eu\/?post_type=product&#038;p=1516"},"modified":"2025-04-13T10:17:16","modified_gmt":"2025-04-13T07:17:16","slug":"okudo-japonski-naturalny-kamien-ostrzacy-3","status":"publish","type":"product","link":"https:\/\/jnats.eu\/pl\/produkt-2\/okudo-japonski-naturalny-kamien-ostrzacy-3\/","title":{"rendered":"Japo\u0144ski naturalny kamie\u0144 ostrz\u0105cy Okudo"},"content":{"rendered":"<ul class=\"wp-block-list\">\n<li>Nadaje si\u0119 do wyka\u0144czania no\u017cy i narz\u0119dzi, gdzie nie jest wymagana wysoka precyzja.<\/li>\n\n\n\n<li>Wymiary: 210x98x27 mm<\/li>\n\n\n\n<li>Waga: 1590 g<\/li>\n\n\n\n<li>Wytrzyma\u0142o\u015b\u0107: Poz. 5+<\/li>\n\n\n\n<li>Bardzo twardy, dobrze trzyma kszta\u0142t, a jednocze\u015bnie jego powierzchnia jest mi\u0119kka.<\/li>\n<\/ul>","protected":false},"excerpt":{"rendered":"<p><!-- wp:list --><\/p>\n<ul><!-- wp:list-item --><\/p>\n<li>Nadaje si\u0119 do wyka\u0144czania no\u017cy i narz\u0119dzi, gdzie nie jest wymagana wysoka precyzja.<\/li>\n<p><!-- \/wp:list-item --><\/p>\n<p><!-- wp:list-item --><\/p>\n<li>Wymiary: 210x98x27 mm<\/li>\n<p><!-- \/wp:list-item --><\/p>\n<p><!-- wp:list-item --><\/p>\n<li>Waga: 1590 g<\/li>\n<p><!-- \/wp:list-item --><\/p>\n<p><!-- wp:list-item --><\/p>\n<li>Wytrzyma\u0142o\u015b\u0107: Poz. 5+<\/li>\n<p><!-- \/wp:list-item --><\/p>\n<p><!-- wp:list-item --><\/p>\n<li>Bardzo twardy, dobrze trzyma kszta\u0142t, a jednocze\u015bnie jego powierzchnia jest mi\u0119kka.<\/li>\n<p><!-- \/wp:list-item --><\/ul>\n<p><!-- \/wp:list --><\/p>","protected":false},"featured_media":1518,"comment_status":"open","ping_status":"closed","template":"","meta":[],"product_brand":[],"product_cat":[22],"product_tag":[142],"class_list":{"0":"post-1516","1":"product","2":"type-product","3":"status-publish","4":"has-post-thumbnail","6":"product_cat-jnats","7":"product_tag-okudo","8":"product_shipping_class-iprastas","10":"first","11":"outofstock","12":"sale","13":"shipping-taxable","14":"purchasable","15":"product-type-simple"},"_links":{"self":[{"href":"https:\/\/jnats.eu\/pl\/wp-json\/wp\/v2\/product\/1516","targetHints":{"allow":["GET"]}}],"collection":[{"href":"https:\/\/jnats.eu\/pl\/wp-json\/wp\/v2\/product"}],"about":[{"href":"https:\/\/jnats.eu\/pl\/wp-json\/wp\/v2\/types\/product"}],"replies":[{"embeddable":true,"href":"https:\/\/jnats.eu\/pl\/wp-json\/wp\/v2\/comments?post=1516"}],"wp:featuredmedia":[{"embeddable":true,"href":"https:\/\/jnats.eu\/pl\/wp-json\/wp\/v2\/media\/1518"}],"wp:attachment":[{"href":"https:\/\/jnats.eu\/pl\/wp-json\/wp\/v2\/media?parent=1516"}],"wp:term":[{"taxonomy":"product_brand","embeddable":true,"href":"https:\/\/jnats.eu\/pl\/wp-json\/wp\/v2\/product_brand?post=1516"},{"taxonomy":"product_cat","embeddable":true,"href":"https:\/\/jnats.eu\/pl\/wp-json\/wp\/v2\/product_cat?post=1516"},{"taxonomy":"product_tag","embeddable":true,"href":"https:\/\/jnats.eu\/pl\/wp-json\/wp\/v2\/product_tag?post=1516"}],"curies":[{"name":"wp","href":"https:\/\/api.w.org\/{rel}","templated":true}]}}