{"id":152,"date":"2024-02-22T09:41:55","date_gmt":"2024-02-22T07:41:55","guid":{"rendered":"http:\/\/jnats.eu\/?post_type=product&#038;p=152"},"modified":"2024-05-02T23:31:57","modified_gmt":"2024-05-02T20:31:57","slug":"naturalny-japonski-kamien-do-ostrzenia-nakayama-kisuita","status":"publish","type":"product","link":"https:\/\/jnats.eu\/pl\/produkt-2\/naturalny-japonski-kamien-do-ostrzenia-nakayama-kisuita\/","title":{"rendered":"Naturalny japo\u0144ski kamie\u0144 do ostrzenia Nakayama Kisuita"},"content":{"rendered":"<ul class=\"wp-block-list\">\n<li><strong>Wytrzyma\u0142o\u015b\u0107: Poz. 5<\/strong><\/li>\n\n\n\n<li><strong>Wymiary: 176x56x28 mm<\/strong><\/li>\n\n\n\n<li><strong>Waga (ze stojakiem): 935 g.<\/strong><\/li>\n\n\n\n<li><strong>Twardy kamie\u0144 o jednorodnej strukturze. \u017by\u0142ki s\u0105 ca\u0142kowicie bezpieczne i nie sprawiaj\u0105 wra\u017cenia ostrych. Piecz\u0119\u0107 Tokijskiego Stowarzyszenia Kamienia Naturalnego. Idealny do wyka\u0144czania brzytew, no\u017cy, narz\u0119dzi stolarskich i innych.&nbsp;<\/strong><\/li>\n<\/ul>\n\n\n\n<p>Nakayama to najwy\u017cej oceniana g\u00f3ra w\u015br\u00f3d s\u0142yn\u0105cych z naturalnych kamieni do ostrzenia. Nakayama Kisuita to autentyczny japo\u0144ski kamie\u0144, fachowo wydobyty, aby zapewni\u0107 najwy\u017csz\u0105 jako\u015b\u0107 ostrzenia. Kamie\u0144 ten wyr\u00f3\u017cnia si\u0119 nie tylko szlachetno\u015bci\u0105, ale tak\u017ce niezwyk\u0142\u0105 naturalno\u015bci\u0105 i pot\u0119\u017cn\u0105 skuteczno\u015bci\u0105 ostrzenia.<\/p>\n\n\n\n<p>Cechy:<\/p>\n\n\n\n<ol class=\"wp-block-list\">\n<li><strong>Unikalne \u017ar\u00f3d\u0142o pochodzenia<\/strong>: Nakayama Kisuita wydobywana jest w japo\u0144skim regionie g\u00f3rskim s\u0142yn\u0105cym ze specjalnych minera\u0142\u00f3w skalnych. Ten dar natury nadaje kamieniowi specjalne cz\u0105steczki \u015bcierne i tekstur\u0119, kt\u00f3ra zapewnia najwy\u017csz\u0105 jako\u015b\u0107 efekt\u00f3w ostrzenia.<\/li>\n\n\n\n<li><strong>Ma\u0142e Ziarna<\/strong>: Kamie\u0144 charakteryzuje si\u0119 drobnymi, ale \u015bciernymi strukturami, kt\u00f3re umo\u017cliwiaj\u0105 delikatne i precyzyjne ostrzenie no\u017ca lub innego ostrza. Jest idealny zar\u00f3wno dla profesjonalnych rzemie\u015blnik\u00f3w, jak i mi\u0142o\u015bnik\u00f3w domowej kuchni.<\/li>\n\n\n\n<li><strong>Trwa\u0142o\u015b\u0107 i odporno\u015b\u0107 na zu\u017cycie<\/strong>: Nakayama Kisuita jest znany ze swojej d\u0142ugowieczno\u015bci. Kamie\u0144 ten jest odporny na \u015bcieranie, dzi\u0119ki czemu mo\u017cna go u\u017cywa\u0107 przez d\u0142ugi czas, doskonale zachowuj\u0105c swoj\u0105 ostro\u015b\u0107.<\/li>\n\n\n\n<li><strong>Czyste i naturalne ostrzenie<\/strong>: Kamie\u0144 pozwala uzyska\u0107 wyj\u0105tkowo ostr\u0105 kraw\u0119d\u017a tn\u0105c\u0105 przy zachowaniu nienaruszonej struktury ostrza. Pozwala to uzyska\u0107 doskona\u0142y efekt ostrzenia przy minimalnym wysi\u0142ku.<\/li>\n<\/ol>\n\n\n\n<p>Nakayama Kisuita to kamie\u0144 o wyj\u0105tkowym kszta\u0142cie i doskona\u0142ej jako\u015bci, kt\u00f3ry stanie si\u0119 integraln\u0105 cz\u0119\u015bci\u0105 Twojego ostrzenia. Jest prawdziwym symbolem japo\u0144skiego rzemios\u0142a, pozwalaj\u0105cym cieszy\u0107 si\u0119 ostrym i precyzyjnym ci\u0119ciem za ka\u017cdym razem, gdy u\u017cyjesz no\u017ca. Kup Nakayama Kisuita i poznaj prawdziw\u0105 sztuk\u0119 japo\u0144skiego ostrzenia!<\/p>","protected":false},"excerpt":{"rendered":"<ul>\n<li><strong>Wytrzyma\u0142o\u015b\u0107: Poz. 5<\/strong><\/li>\n<li><strong>Wymiary: 176x56x28 mm<\/strong><\/li>\n<li><strong>Waga (ze stojakiem): 935 g.<\/strong><\/li>\n<li><strong>Twardy kamie\u0144 o jednorodnej strukturze. \u017by\u0142ki s\u0105 ca\u0142kowicie bezpieczne i nie sprawiaj\u0105 wra\u017cenia ostrych. Piecz\u0119\u0107 Tokijskiego Stowarzyszenia Kamienia Naturalnego. Idealny do wyka\u0144czania brzytew, no\u017cy, narz\u0119dzi stolarskich i innych.\u00a0<\/strong><\/li>\n<\/ul>","protected":false},"featured_media":1233,"comment_status":"open","ping_status":"closed","template":"","meta":[],"product_brand":[],"product_cat":[22],"product_tag":[49,50],"class_list":{"0":"post-152","1":"product","2":"type-product","3":"status-publish","4":"has-post-thumbnail","6":"product_cat-jnats","7":"product_tag-nakayama","8":"product_tag-suita","9":"product_shipping_class-iprastas","11":"first","12":"outofstock","13":"sale","14":"shipping-taxable","15":"purchasable","16":"product-type-simple"},"_links":{"self":[{"href":"https:\/\/jnats.eu\/pl\/wp-json\/wp\/v2\/product\/152","targetHints":{"allow":["GET"]}}],"collection":[{"href":"https:\/\/jnats.eu\/pl\/wp-json\/wp\/v2\/product"}],"about":[{"href":"https:\/\/jnats.eu\/pl\/wp-json\/wp\/v2\/types\/product"}],"replies":[{"embeddable":true,"href":"https:\/\/jnats.eu\/pl\/wp-json\/wp\/v2\/comments?post=152"}],"wp:featuredmedia":[{"embeddable":true,"href":"https:\/\/jnats.eu\/pl\/wp-json\/wp\/v2\/media\/1233"}],"wp:attachment":[{"href":"https:\/\/jnats.eu\/pl\/wp-json\/wp\/v2\/media?parent=152"}],"wp:term":[{"taxonomy":"product_brand","embeddable":true,"href":"https:\/\/jnats.eu\/pl\/wp-json\/wp\/v2\/product_brand?post=152"},{"taxonomy":"product_cat","embeddable":true,"href":"https:\/\/jnats.eu\/pl\/wp-json\/wp\/v2\/product_cat?post=152"},{"taxonomy":"product_tag","embeddable":true,"href":"https:\/\/jnats.eu\/pl\/wp-json\/wp\/v2\/product_tag?post=152"}],"curies":[{"name":"wp","href":"https:\/\/api.w.org\/{rel}","templated":true}]}}