{"id":1521,"date":"2025-12-06T15:14:58","date_gmt":"2025-12-06T13:14:58","guid":{"rendered":"http:\/\/jnats.eu\/?post_type=product&#038;p=1521"},"modified":"2026-01-13T09:06:01","modified_gmt":"2026-01-13T07:06:01","slug":"ohira-uchigumori-lotoso-ziedai-jnat","status":"publish","type":"product","link":"https:\/\/jnats.eu\/pl\/produkt-2\/ohira-uchigumori-lotoso-ziedai-jnat\/","title":{"rendered":"Ohira Uchigumori Kwiaty lotosu Jnat"},"content":{"rendered":"<figure class=\"wp-block-embed is-type-video is-provider-youtube wp-block-embed-youtube wp-embed-aspect-9-16 wp-has-aspect-ratio\"><div class=\"wp-block-embed__wrapper\">\n<div class=\"video-container\"><iframe title=\"Ohira Uchigumori Jnats dla Kasumi Finish\" width=\"563\" height=\"1000\" src=\"https:\/\/www.youtube.com\/embed\/33wKR1XYyac?feature=oembed\" frameborder=\"0\" allow=\"accelerometer; autoplay; clipboard-write; encrypted-media; gyroscope; picture-in-picture; web-share\" referrerpolicy=\"strict-origin-when-cross-origin\" allowfullscreen><\/iframe><\/div>\n<\/div><\/figure>\n\n\n\n<p>Kamie\u0144 ten jest bardzo ceniony przez osoby stosuj\u0105ce kamienie polerskie. Do\u015b\u0107 mi\u0119kkie, ale zawieszenie nie puszcza zbyt wiele i wystarczaj\u0105co dobrze trzyma sw\u00f3j kszta\u0142t. Uchigumori nie s\u0105 najszybszymi kamieniami, ale efekty polerowania s\u0105 naprawd\u0119 wyj\u0105tkowe. Bez lupy na powierzchni ostrza nie b\u0119d\u0105 widoczne \u017cadne widoczne rysy. Twarda, hartowana stal b\u0119dzie mia\u0142a wspania\u0142y po\u0142ysk, a jej pow\u0142oka powinna przyciemni\u0107 si\u0119. Chocia\u017c uchigumori mo\u017ce nie ujawnia\u0107 drobnoziarnistej struktury stali tak jak drobniejsza i twardsza Suita, wyniki s\u0105 zwykle bardziej przewidywalne i \u0142atwiejsze do osi\u0105gni\u0119cia. Dzi\u0119ki ca\u0142kowicie wyg\u0142adzonej powierzchni mo\u017cna ich u\u017cywa\u0107 do wst\u0119pnego wyka\u0144czania brzytew lub narz\u0119dzi, ale najlepiej nadaj\u0105 si\u0119 do polerowania no\u017cy kuchennych. Mo\u017cna je r\u00f3wnie\u017c stosowa\u0107 do ostrzenia i daj\u0105 do\u015b\u0107 agresywne ci\u0119cie.<\/p>\n\n\n\n<p>Kamienie s\u0105 do\u015b\u0107 czyste i jest tylko kilka linii, kt\u00f3re raczej nie b\u0119d\u0105 powodowa\u0107 problem\u00f3w. Kamie\u0144 jest szary z czerwonymi kropkami zwanymi kwiatami lotosu. Te ostatnie znajduj\u0105 si\u0119 na ca\u0142ym kamieniu i tworz\u0105 g\u0119sty wz\u00f3r znany jako renge.<\/p>\n\n\n\n<p>Prawie ca\u0142a powierzchnia kamieni zosta\u0142a wyg\u0142adzona i przygotowana do pracy.<\/p>","protected":false},"excerpt":{"rendered":"<ol>\n<li>Oko\u0142o 134x55x35 mm. 795 g\u00a0<\/li>\n<li>187x61x37 mm. 1065 g<\/li>\n<\/ol>\n<ul>\n<li>Ohira Uchigumori jest najbardziej ceniony za wyko\u0144czenie Kasumi na ostrzu Sanmai (twarda stal pokryta bardziej mi\u0119kk\u0105 warstw\u0105), podkre\u015blaj\u0105ce r\u00f3\u017cnic\u0119 mi\u0119dzy twardymi i mi\u0119kkimi warstwami.<\/li>\n<li>Nadaje si\u0119 do ostrzenia no\u017cy, no\u017cyczek, narz\u0119dzi stolarskich i innych narz\u0119dzi.<\/li>\n<li>Twardo\u015b\u0107: Lv 3.5<\/li>\n<li>Charakteryzuje si\u0119 \u015bredni\u0105 szybko\u015bci\u0105 pracy i dobr\u0105 r\u00f3wnomierno\u015bci\u0105.<\/li>\n<li>Zalecamy prac\u0119 z ciep\u0142\u0105 wod\u0105, poniewa\u017c zimna woda pogarsza szybko\u015b\u0107 i reakcj\u0119.<\/li>\n<\/ul>","protected":false},"featured_media":5503,"comment_status":"open","ping_status":"closed","template":"","meta":[],"product_brand":[],"product_cat":[22],"product_tag":[47,193],"class_list":{"0":"post-1521","1":"product","2":"type-product","3":"status-publish","4":"has-post-thumbnail","6":"product_cat-jnats","7":"product_tag-ohira","8":"product_tag-uchigumori","9":"product_shipping_class-iprastas","11":"first","12":"outofstock","13":"shipping-taxable","14":"product-type-variable"},"_links":{"self":[{"href":"https:\/\/jnats.eu\/pl\/wp-json\/wp\/v2\/product\/1521","targetHints":{"allow":["GET"]}}],"collection":[{"href":"https:\/\/jnats.eu\/pl\/wp-json\/wp\/v2\/product"}],"about":[{"href":"https:\/\/jnats.eu\/pl\/wp-json\/wp\/v2\/types\/product"}],"replies":[{"embeddable":true,"href":"https:\/\/jnats.eu\/pl\/wp-json\/wp\/v2\/comments?post=1521"}],"wp:featuredmedia":[{"embeddable":true,"href":"https:\/\/jnats.eu\/pl\/wp-json\/wp\/v2\/media\/5503"}],"wp:attachment":[{"href":"https:\/\/jnats.eu\/pl\/wp-json\/wp\/v2\/media?parent=1521"}],"wp:term":[{"taxonomy":"product_brand","embeddable":true,"href":"https:\/\/jnats.eu\/pl\/wp-json\/wp\/v2\/product_brand?post=1521"},{"taxonomy":"product_cat","embeddable":true,"href":"https:\/\/jnats.eu\/pl\/wp-json\/wp\/v2\/product_cat?post=1521"},{"taxonomy":"product_tag","embeddable":true,"href":"https:\/\/jnats.eu\/pl\/wp-json\/wp\/v2\/product_tag?post=1521"}],"curies":[{"name":"wp","href":"https:\/\/api.w.org\/{rel}","templated":true}]}}