{"id":1585,"date":"2024-04-15T13:44:29","date_gmt":"2024-04-15T10:44:29","guid":{"rendered":"http:\/\/jnats.eu\/?post_type=product&#038;p=1585"},"modified":"2025-05-07T08:22:18","modified_gmt":"2025-05-07T05:22:18","slug":"filarmonica-vintage-nowe-i-uzywane-hiszpanskie-maszynki-do-golenia","status":"publish","type":"product","link":"https:\/\/jnats.eu\/pl\/produkt-2\/filarmonica-vintage-nowe-i-uzywane-hiszpanskie-maszynki-do-golenia\/","title":{"rendered":"Nowe i u\u017cywane hiszpa\u0144skie maszynki do golenia Filarmonica Vintage"},"content":{"rendered":"<p>Firma rozpocz\u0119\u0142a produkcj\u0119 prostych maszynek do golenia w 1915 roku w Matar\u00f3, w prowincji Barcelona. Jest uwa\u017cana za jednego z najlepszych producent\u00f3w sztu\u0107c\u00f3w, no\u017cy i maszynek do golenia. Oko\u0142o 25 lat temu firma zaprzesta\u0142a dzia\u0142alno\u015bci i zosta\u0142a zamkni\u0119ta.<\/p>\n\n\n\n<p>Jako\u015b\u0107 prostych maszynek do golenia Filarmonica jest legendarna. Ta du\u017cych rozmiar\u00f3w maszynka posiada oryginalne uchwyty, kt\u00f3re s\u0105 idealnie wyprofilowane.<\/p>\n\n\n\n<p>Pochodzenie:Hiszpania<br>Szlifowanie: szlifowanie wg\u0142\u0119bne<br>Metal: stal w\u0119glowa<br>Uchwyty: oryginalne<\/p>\n\n\n\n<p>NOS (New Old Stock) nieu\u017cywany, ale mo\u017ce wykazywa\u0107 oznaki korozji z powodu d\u0142ugiego przechowywania w magazynie. Obejrzyj uwa\u017cnie film.<\/p>\n\n\n\n<p>U\u017cywany - u\u017cywany<\/p>\n\n\n\n<figure class=\"wp-block-embed is-type-video is-provider-youtube wp-block-embed-youtube wp-embed-aspect-16-9 wp-has-aspect-ratio\"><div class=\"wp-block-embed__wrapper\">\n<div class=\"video-container\"><iframe title=\"Nowe i u\u017cywane hiszpa\u0144skie brzytwy Filarmonica Vintage\" width=\"1170\" height=\"658\" src=\"https:\/\/www.youtube.com\/embed\/qM8q_vlZuhs?feature=oembed\" frameborder=\"0\" allow=\"accelerometer; autoplay; clipboard-write; encrypted-media; gyroscope; picture-in-picture; web-share\" referrerpolicy=\"strict-origin-when-cross-origin\" allowfullscreen><\/iframe><\/div>\n<\/div><\/figure>","protected":false},"excerpt":{"rendered":"<ol>\n<li>U\u017cywana Filarmonica 13 Novodur Jose Monserrat Pou Fabricacion Espanola Made in Spain<\/li>\n<li><del>U\u017cywana Filarmonica 13 Inoxidable Jose Monserrat Pou Fabricacion Espanola Made in Spain<\/del><\/li>\n<li><del>NOS Filarmonica 13 Inoxidable Jose Monserrat Pou Fabricacion Espanola Made in Spain<\/del><\/li>\n<li><del>U\u017cywana Filarmonica 13 Inoxidable Jose Monserrat Pou Fabricacion Espanola Made in Spain<\/del><\/li>\n<li><del>U\u017cywana Filarmonica 13 Double Temple Fabricacion Espanola Made in Spain\u00a0\u00a0<\/del> Sprzedany<\/li>\n<li>U\u017cywana Filarmonica 13 Medallen Taurink Fabricacion Espanola Made in Spain half-hollow grind<\/li>\n<li>U\u017cywana Filarmonica 14 Jose Monserrat Pou. Pinot ma wg\u0142\u0119bienia<\/li>\n<li><del>U\u017cywana Filarmonica 13 Sub Cero Jose Monserrat Pou Fabricacion Espanola Made in Spain<\/del><\/li>\n<li>U\u017cywana Filarmonica 13 Double Temple Fabricacion Espanola Made in Spain<\/li>\n<li><del>U\u017cywana Filarmonica 13T Especial para barbas duras<\/del> Sprzedany<\/li>\n<\/ol>\n<p>Numery 1 i 3 maj\u0105 20 mm szeroko\u015bci, a wszystkie pozosta\u0142e oko\u0142o 19 mm.<\/p>","protected":false},"featured_media":1592,"comment_status":"open","ping_status":"closed","template":"","meta":[],"product_brand":[],"product_cat":[23],"product_tag":[167],"class_list":{"0":"post-1585","1":"product","2":"type-product","3":"status-publish","4":"has-post-thumbnail","6":"product_cat-razors","7":"product_tag-filarmonica","8":"product_shipping_class-light","10":"first","11":"instock","12":"sale","13":"sold-individually","14":"shipping-taxable","15":"purchasable","16":"product-type-variable"},"_links":{"self":[{"href":"https:\/\/jnats.eu\/pl\/wp-json\/wp\/v2\/product\/1585","targetHints":{"allow":["GET"]}}],"collection":[{"href":"https:\/\/jnats.eu\/pl\/wp-json\/wp\/v2\/product"}],"about":[{"href":"https:\/\/jnats.eu\/pl\/wp-json\/wp\/v2\/types\/product"}],"replies":[{"embeddable":true,"href":"https:\/\/jnats.eu\/pl\/wp-json\/wp\/v2\/comments?post=1585"}],"wp:featuredmedia":[{"embeddable":true,"href":"https:\/\/jnats.eu\/pl\/wp-json\/wp\/v2\/media\/1592"}],"wp:attachment":[{"href":"https:\/\/jnats.eu\/pl\/wp-json\/wp\/v2\/media?parent=1585"}],"wp:term":[{"taxonomy":"product_brand","embeddable":true,"href":"https:\/\/jnats.eu\/pl\/wp-json\/wp\/v2\/product_brand?post=1585"},{"taxonomy":"product_cat","embeddable":true,"href":"https:\/\/jnats.eu\/pl\/wp-json\/wp\/v2\/product_cat?post=1585"},{"taxonomy":"product_tag","embeddable":true,"href":"https:\/\/jnats.eu\/pl\/wp-json\/wp\/v2\/product_tag?post=1585"}],"curies":[{"name":"wp","href":"https:\/\/api.w.org\/{rel}","templated":true}]}}