{"id":159,"date":"2024-02-22T09:52:19","date_gmt":"2024-02-22T07:52:19","guid":{"rendered":"http:\/\/jnats.eu\/?post_type=product&#038;p=159"},"modified":"2024-11-12T09:42:38","modified_gmt":"2024-11-12T07:42:38","slug":"nakayama-asagi-kato-moje","status":"publish","type":"product","link":"https:\/\/jnats.eu\/pl\/produkt-2\/nakayama-asagi-kato-moje\/","title":{"rendered":"Nakayama Asagi Kato Mine Japo\u0144ski naturalny kamie\u0144 do ostrzenia"},"content":{"rendered":"<ul class=\"wp-block-list\">\n<li><strong>Twardo\u015b\u0107: Poz. 4,8<\/strong><\/li>\n\n\n\n<li><strong>Wymiary: 167x50x37mm<\/strong><\/li>\n\n\n\n<li><strong>Waga (ze stojakiem): 1140 g<\/strong><\/li>\n\n\n\n<li><strong>Twardy kamie\u0144 o jednorodnej strukturze. \u017by\u0142ki s\u0105 ca\u0142kowicie bezpieczne i nie sprawiaj\u0105 wra\u017cenia ostrych. Idealny do wyka\u0144czania no\u017cy, wyrob\u00f3w stolarskich i innych narz\u0119dzi.&nbsp;<\/strong><\/li>\n<\/ul>\n\n\n\n<p>Kopalnia Kato s\u0142ynie ze znaku Maruka \u32d5, kt\u00f3ry oznacza kamienie najwy\u017cszej jako\u015bci. Nakayama Asagi to wysokiej jako\u015bci, autentyczny japo\u0144ski kamie\u0144 stworzony ze starannie wyselekcjonowanych ska\u0142 o specjalnych w\u0142a\u015bciwo\u015bciach ostrzej\u0105cych i atrakcyjnej fakturze. Kamie\u0144 ten jest doskona\u0142ym wyborem zar\u00f3wno dla do\u015bwiadczonych rzemie\u015blnik\u00f3w, jak i nowicjuszy poszukuj\u0105cych najwy\u017cszej jako\u015bci efekt\u00f3w ostrzenia.<\/p>\n\n\n\n<p>Nakayama Asagi to nie tylko kamie\u0144, ale tak\u017ce dzie\u0142o sztuki, kt\u00f3re pozwoli Ci zanurzy\u0107 si\u0119 w \u015bwiecie japo\u0144skiego rzemios\u0142a. Zdob\u0105d\u017a ten wyj\u0105tkowy i wysokiej jako\u015bci kamie\u0144 i poczuj ostr\u0105 magi\u0119 japo\u0144skiego ostrzenia przy ka\u017cdym ci\u0119ciu!<\/p>","protected":false},"excerpt":{"rendered":"<ul>\n<li><strong>Twardo\u015b\u0107: Poz. 4,8<\/strong><\/li>\n<li><strong>Wymiary: 167x50x37mm<\/strong><\/li>\n<li><strong>Waga (ze stojakiem): 1140 g<\/strong><\/li>\n<li><strong>Twardy kamie\u0144 o jednorodnej strukturze. \u017by\u0142ki s\u0105 ca\u0142kowicie bezpieczne i nie sprawiaj\u0105 wra\u017cenia ostrych. Idealny do wyka\u0144czania no\u017cy, wyrob\u00f3w stolarskich i innych narz\u0119dzi.\u00a0<\/strong><\/li>\n<\/ul>","protected":false},"featured_media":1228,"comment_status":"open","ping_status":"closed","template":"","meta":[],"product_brand":[],"product_cat":[22],"product_tag":[49],"class_list":{"0":"post-159","1":"product","2":"type-product","3":"status-publish","4":"has-post-thumbnail","6":"product_cat-jnats","7":"product_tag-nakayama","8":"product_shipping_class-iprastas","10":"first","11":"outofstock","12":"shipping-taxable","13":"purchasable","14":"product-type-simple"},"_links":{"self":[{"href":"https:\/\/jnats.eu\/pl\/wp-json\/wp\/v2\/product\/159","targetHints":{"allow":["GET"]}}],"collection":[{"href":"https:\/\/jnats.eu\/pl\/wp-json\/wp\/v2\/product"}],"about":[{"href":"https:\/\/jnats.eu\/pl\/wp-json\/wp\/v2\/types\/product"}],"replies":[{"embeddable":true,"href":"https:\/\/jnats.eu\/pl\/wp-json\/wp\/v2\/comments?post=159"}],"wp:featuredmedia":[{"embeddable":true,"href":"https:\/\/jnats.eu\/pl\/wp-json\/wp\/v2\/media\/1228"}],"wp:attachment":[{"href":"https:\/\/jnats.eu\/pl\/wp-json\/wp\/v2\/media?parent=159"}],"wp:term":[{"taxonomy":"product_brand","embeddable":true,"href":"https:\/\/jnats.eu\/pl\/wp-json\/wp\/v2\/product_brand?post=159"},{"taxonomy":"product_cat","embeddable":true,"href":"https:\/\/jnats.eu\/pl\/wp-json\/wp\/v2\/product_cat?post=159"},{"taxonomy":"product_tag","embeddable":true,"href":"https:\/\/jnats.eu\/pl\/wp-json\/wp\/v2\/product_tag?post=159"}],"curies":[{"name":"wp","href":"https:\/\/api.w.org\/{rel}","templated":true}]}}