{"id":1624,"date":"2024-04-15T14:39:36","date_gmt":"2024-04-15T11:39:36","guid":{"rendered":"http:\/\/jnats.eu\/?post_type=product&#038;p=1624"},"modified":"2025-11-27T00:17:39","modified_gmt":"2025-11-26T22:17:39","slug":"hayashi-h-diamond-aiku-parker-hadoson-hanmasa-towa-nos-new-vintage-japonskie-sztucce","status":"publish","type":"product","link":"https:\/\/jnats.eu\/pl\/produkt-2\/hayashi-h-diamond-aiku-parker-hadoson-hanmasa-towa-nos-new-vintage-japonskie-sztucce\/","title":{"rendered":"Hayashi, H.Diamond, Aiku, Parker, Hadoson, Hanmasa, Towa NOS Nowe zabytkowe japo\u0144skie maszynki do golenia"},"content":{"rendered":"<ol class=\"wp-block-list\">\n<li>Hayashi Tokyo Extra Best 1074<\/li>\n\n\n\n<li>Hayashi Tokyo Extra Best 1074<\/li>\n\n\n\n<li>U\u017cywany H.Diamond 888 Extra Steel do u\u017cytku fryzjerskiego Pierwsza jako\u015b\u0107<\/li>\n\n\n\n<li>T. Aiku'm Real German Ground 60 Aiku dla fryzjer\u00f3w wyprodukowane w Tokio<\/li>\n\n\n\n<li>Towa 9074 Best Hollow Ground Extra Tungsten Steel I.H. Shinychi Gen Takahashi H.Diamond&nbsp;<\/li>\n\n\n\n<li>Ribbon 1000<\/li>\n\n\n\n<li>Parker 510 Made in Japan Tokyo Best Silver Steel Parker Razor Co.&amp;LTL SWDEISH Steel (b\u0142\u0105d tekstowy na ostrzu)<\/li>\n\n\n\n<li>Hadoson 63 Matsukura Company Made in Tokyo<\/li>\n\n\n\n<li>Hanmasa Razor Tokyo N.K.K LTD Osaka Frameback<\/li>\n\n\n\n<li>Diamond Hayashi SK3 Szwedzka konstrukcja R.Link z wysokiej stali<\/li>\n<\/ol>\n\n\n\n<p>R. Saito by\u0142 znanym fryzjerem w Japonii w latach 50-60-tych. Za\u0142o\u017cy\u0142 szko\u0142\u0119 fryzjersk\u0105 z du\u017c\u0105 liczb\u0105 profesjonalist\u00f3w w wielu miastach. Poniewa\u017c jego nazwisko by\u0142o synonimem japo\u0144skiego \u015bwiata mody, jego projekty by\u0142y wysoko cenione, podobnie jak jego nazwisko. Zaprojektowa\u0142 maszynki do golenia, kt\u00f3re by\u0142y produkowane przez du\u017ce firmy sygnowane jego nazwiskiem: Kikuboshi, Diamond Hayashi i innych producent\u00f3w. Produkt zosta\u0142 zaprojektowany tak, aby by\u0142 naj\u0142atwiejszy w u\u017cyciu.<\/p>\n\n\n\n<figure class=\"wp-block-embed is-type-video is-provider-youtube wp-block-embed-youtube wp-embed-aspect-16-9 wp-has-aspect-ratio\"><div class=\"wp-block-embed__wrapper\">\n<div class=\"video-container\"><iframe title=\"Brzytwy proste NOS Hayashi, H.Diamond, Aiku, Parker, Hadoson, Hanmasa, Towa\" width=\"1170\" height=\"658\" src=\"https:\/\/www.youtube.com\/embed\/cHATX__mUpU?feature=oembed\" frameborder=\"0\" allow=\"accelerometer; autoplay; clipboard-write; encrypted-media; gyroscope; picture-in-picture; web-share\" referrerpolicy=\"strict-origin-when-cross-origin\" allowfullscreen><\/iframe><\/div>\n<\/div><\/figure>","protected":false},"excerpt":{"rendered":"<ol>\n<li>Hayashi Tokyo Extra Best 1074<\/li>\n<li>Hayashi Tokyo Extra Best 1074<\/li>\n<li><del>U\u017cywany H.Diamond 888 Extra Steel do u\u017cytku fryzjerskiego Pierwsza jako\u015b\u0107<\/del> Sprzedany<\/li>\n<li>T. Aiku'm Real German Ground 60 Aiku dla fryzjer\u00f3w wyprodukowane w Tokio<\/li>\n<li><del>Towa 9074 Best Hollow Ground Extra Tungsten Steel I.H. Shinychi Gen Takahashi H.Diamond<\/del><\/li>\n<li>Wst\u0105\u017cka 100<\/li>\n<li>Parker 510 Made in Japan Tokyo Best Silver Steel Parker Razor Co.&amp;LTL SWDEISH Steel (b\u0142\u0105d tekstowy na ostrzu)<\/li>\n<li><del>Hadoson 63 Matsukura Company Made in Tokyo<\/del> Sprzedany<\/li>\n<li><del>Hanmasa Razor Tokyo N.K.K LTD Osaka Frameback<\/del><\/li>\n<li><del>Diamond Hayashi SK3 Szwedzka konstrukcja R.Link z wysokiej stali <\/del><strong>Sprzedany<\/strong><\/li>\n<\/ol>","protected":false},"featured_media":1625,"comment_status":"open","ping_status":"closed","template":"","meta":[],"product_brand":[],"product_cat":[23],"product_tag":[55],"class_list":{"0":"post-1624","1":"product","2":"type-product","3":"status-publish","4":"has-post-thumbnail","6":"product_cat-razors","7":"product_tag-nos","8":"product_shipping_class-light","10":"first","11":"instock","12":"sold-individually","13":"shipping-taxable","14":"purchasable","15":"product-type-variable"},"_links":{"self":[{"href":"https:\/\/jnats.eu\/pl\/wp-json\/wp\/v2\/product\/1624","targetHints":{"allow":["GET"]}}],"collection":[{"href":"https:\/\/jnats.eu\/pl\/wp-json\/wp\/v2\/product"}],"about":[{"href":"https:\/\/jnats.eu\/pl\/wp-json\/wp\/v2\/types\/product"}],"replies":[{"embeddable":true,"href":"https:\/\/jnats.eu\/pl\/wp-json\/wp\/v2\/comments?post=1624"}],"wp:featuredmedia":[{"embeddable":true,"href":"https:\/\/jnats.eu\/pl\/wp-json\/wp\/v2\/media\/1625"}],"wp:attachment":[{"href":"https:\/\/jnats.eu\/pl\/wp-json\/wp\/v2\/media?parent=1624"}],"wp:term":[{"taxonomy":"product_brand","embeddable":true,"href":"https:\/\/jnats.eu\/pl\/wp-json\/wp\/v2\/product_brand?post=1624"},{"taxonomy":"product_cat","embeddable":true,"href":"https:\/\/jnats.eu\/pl\/wp-json\/wp\/v2\/product_cat?post=1624"},{"taxonomy":"product_tag","embeddable":true,"href":"https:\/\/jnats.eu\/pl\/wp-json\/wp\/v2\/product_tag?post=1624"}],"curies":[{"name":"wp","href":"https:\/\/api.w.org\/{rel}","templated":true}]}}