{"id":164,"date":"2024-02-22T18:10:31","date_gmt":"2024-02-22T16:10:31","guid":{"rendered":"http:\/\/jnats.eu\/?post_type=product&#038;p=164"},"modified":"2024-08-18T23:33:41","modified_gmt":"2024-08-18T20:33:41","slug":"nakayama-hondomae-asayo","status":"publish","type":"product","link":"https:\/\/jnats.eu\/pl\/produkt-2\/nakayama-hondomae-asayo\/","title":{"rendered":"Nakayama Hondomae Asayo Japo\u0144ski naturalny kamie\u0144 do ostrzenia"},"content":{"rendered":"<p>Wymiary ok. 18,5 x 5,6 x 2,1 cm<\/p>\n\n\n\n<p>Waga 640 g (ze stojakiem)<\/p>\n\n\n\n<p>Kamie\u0144 b\u0119dzie mia\u0142 ma\u0142\u0105 warstw\u0119 nurog\u0119si zmieszan\u0105 z warstw\u0105 Tomae i Shikitomae. Wyko\u0144czenie jest zbli\u017cone do Hondo-mae, tekstura jest dobra i dobrze si\u0119 \u015blizga, dzi\u0119ki czemu jest \u0142atwy w u\u017cyciu. Poniewa\u017c jest to kamie\u0144 szlifierski wykonany z surowego kamienia, cena jest niska, bior\u0105c pod uwag\u0119 jako\u015b\u0107. <\/p>\n\n\n\n<p>Jest przyklejony do starego stojaka. Jest to ose\u0142ka wysokiej jako\u015bci, wi\u0119c my\u015bl\u0119, \u017ce op\u0142aci si\u0119 nawet przy odrobinie wysi\u0142ku. Ta ose\u0142ka jest delikatna dla ostrza i mo\u017ce by\u0107 u\u017cywana do wyka\u0144czania maszynek do golenia, no\u017cy i d\u0142ut. Aby uzyska\u0107 najlepsze rezultaty, o tej porze roku u\u017cywaj ciep\u0142ej wody o temperaturze oko\u0142o 40 stopni Celsjusza. My\u015bl\u0119, \u017ce trudno by\u0142oby uzyska\u0107 najlepsz\u0105 wydajno\u015b\u0107 tej ose\u0142ki przy u\u017cyciu zimnej wody. <\/p>\n\n\n\n<p>Je\u015bli jeste\u015b pocz\u0105tkuj\u0105cym i szukasz wysokiej jako\u015bci ose\u0142ki w niskiej cenie, gor\u0105co polecamy t\u0119 ose\u0142k\u0119.<\/p>","protected":false},"excerpt":{"rendered":"<ul>\n<li><strong>Wymiary w przybli\u017ceniu: 18,5 x 5,6 x 2,1 cm<\/strong><\/li>\n<li><strong>Waga: 640 g (ze stojakiem)<\/strong><\/li>\n<li><strong>Twardo\u015b\u0107: Poz. 4,7<\/strong><\/li>\n<\/ul>\n<p>Wysokiej jako\u015bci kamie\u0144 vintage z najwy\u017cej ocenianej kopalni Nakayama.<\/p>","protected":false},"featured_media":1243,"comment_status":"open","ping_status":"closed","template":"","meta":[],"product_brand":[],"product_cat":[22],"product_tag":[51,49],"class_list":{"0":"post-164","1":"product","2":"type-product","3":"status-publish","4":"has-post-thumbnail","6":"product_cat-jnats","7":"product_tag-hondomae","8":"product_tag-nakayama","9":"product_shipping_class-iprastas","11":"first","12":"outofstock","13":"sale","14":"shipping-taxable","15":"purchasable","16":"product-type-simple"},"_links":{"self":[{"href":"https:\/\/jnats.eu\/pl\/wp-json\/wp\/v2\/product\/164","targetHints":{"allow":["GET"]}}],"collection":[{"href":"https:\/\/jnats.eu\/pl\/wp-json\/wp\/v2\/product"}],"about":[{"href":"https:\/\/jnats.eu\/pl\/wp-json\/wp\/v2\/types\/product"}],"replies":[{"embeddable":true,"href":"https:\/\/jnats.eu\/pl\/wp-json\/wp\/v2\/comments?post=164"}],"wp:featuredmedia":[{"embeddable":true,"href":"https:\/\/jnats.eu\/pl\/wp-json\/wp\/v2\/media\/1243"}],"wp:attachment":[{"href":"https:\/\/jnats.eu\/pl\/wp-json\/wp\/v2\/media?parent=164"}],"wp:term":[{"taxonomy":"product_brand","embeddable":true,"href":"https:\/\/jnats.eu\/pl\/wp-json\/wp\/v2\/product_brand?post=164"},{"taxonomy":"product_cat","embeddable":true,"href":"https:\/\/jnats.eu\/pl\/wp-json\/wp\/v2\/product_cat?post=164"},{"taxonomy":"product_tag","embeddable":true,"href":"https:\/\/jnats.eu\/pl\/wp-json\/wp\/v2\/product_tag?post=164"}],"curies":[{"name":"wp","href":"https:\/\/api.w.org\/{rel}","templated":true}]}}