{"id":1648,"date":"2024-04-16T12:34:16","date_gmt":"2024-04-16T09:34:16","guid":{"rendered":"http:\/\/jnats.eu\/?post_type=product&#038;p=1648"},"modified":"2025-09-25T22:47:52","modified_gmt":"2025-09-25T19:47:52","slug":"sierpowy-noz-jakucki","status":"publish","type":"product","link":"https:\/\/jnats.eu\/pl\/produkt-2\/sierpowy-noz-jakucki\/","title":{"rendered":"Winny jest n\u00f3\u017c jakucki"},"content":{"rendered":"<p>MATERIA\u0141Y <br>Do produkcji naszych wyrob\u00f3w wykorzystujemy najwy\u017cszej jako\u015bci stal, sk\u00f3r\u0119 i drewno. Nie u\u017cywamy te\u017c plastiku, bo jest szkodliwy dla \u015brodowiska. Dzi\u0119ki temu nasze produkty s\u0105 bardzo trwa\u0142e, niezawodne i b\u0119d\u0105 Ci s\u0142u\u017cy\u0107 przez d\u0142ugi czas.<\/p>\n\n\n\n<p> PROCES PRODUKCJI<br>Ukraina od wiek\u00f3w s\u0142ynie z kucia i hartowania metali oraz rze\u017abienia w drewnie. Od czas\u00f3w Rusi Kijowskiej nasi rzemie\u015blnicy doskonal\u0105 swoje umiej\u0119tno\u015bci, aby wytwarza\u0107 produkty najwy\u017cszej jako\u015bci. Do produkcji naszych wyrob\u00f3w wybrali\u015bmy do\u015bwiadczony i wykwalifikowany zesp\u00f3\u0142 rzemie\u015blnik\u00f3w i projektant\u00f3w. Wszystkie nasze produkty s\u0105 wykonane r\u0119cznie i autentyczne, nie s\u0105 produkowane w fabryce lub w podobny spos\u00f3b.<\/p>\n\n\n\n<figure class=\"wp-block-embed is-type-video is-provider-youtube wp-block-embed-youtube wp-embed-aspect-16-9 wp-has-aspect-ratio\"><div class=\"wp-block-embed__wrapper\">\n<div class=\"video-container\"><iframe title=\"Kuty n\u00f3\u017c JAKUT\" width=\"1170\" height=\"658\" src=\"https:\/\/www.youtube.com\/embed\/Hht7zvNtczg?feature=oembed\" frameborder=\"0\" allow=\"accelerometer; autoplay; clipboard-write; encrypted-media; gyroscope; picture-in-picture; web-share\" referrerpolicy=\"strict-origin-when-cross-origin\" allowfullscreen><\/iframe><\/div>\n<\/div><\/figure>","protected":false},"excerpt":{"rendered":"<ul>\n<li>D\u0142ugo\u015b\u0107 ca\u0142kowita: 223 mm.<\/li>\n<li>D\u0142ugo\u015b\u0107 ostrza: 110 mm.<\/li>\n<li>D\u0142ugo\u015b\u0107 r\u0105czki: 110 mm.<\/li>\n<li>Grubo\u015b\u0107 ostrza: 3,5 mm<\/li>\n<li>Waga no\u017ca to 99 g<\/li>\n<li>Waga z etui 170 g<\/li>\n<li>Stal: SX15SG, twardo\u015b\u0107 59-60 HRC<\/li>\n<li>Materia\u0142 r\u0119koje\u015bci: jesion Capa<\/li>\n<li>Wyprodukowano na Ukrainie<\/li>\n<li>Drewniana obudowa pokryta jest sk\u00f3r\u0105 naturaln\u0105.<\/li>\n<\/ul>","protected":false},"featured_media":1653,"comment_status":"open","ping_status":"closed","template":"","meta":[],"product_brand":[],"product_cat":[24],"product_tag":[210,76],"class_list":{"0":"post-1648","1":"product","2":"type-product","3":"status-publish","4":"has-post-thumbnail","6":"product_cat-knifes","7":"product_tag-jakutas","8":"product_tag-peilis","9":"product_shipping_class-iprastas","11":"first","12":"outofstock","13":"sale","14":"shipping-taxable","15":"purchasable","16":"product-type-simple"},"_links":{"self":[{"href":"https:\/\/jnats.eu\/pl\/wp-json\/wp\/v2\/product\/1648","targetHints":{"allow":["GET"]}}],"collection":[{"href":"https:\/\/jnats.eu\/pl\/wp-json\/wp\/v2\/product"}],"about":[{"href":"https:\/\/jnats.eu\/pl\/wp-json\/wp\/v2\/types\/product"}],"replies":[{"embeddable":true,"href":"https:\/\/jnats.eu\/pl\/wp-json\/wp\/v2\/comments?post=1648"}],"wp:featuredmedia":[{"embeddable":true,"href":"https:\/\/jnats.eu\/pl\/wp-json\/wp\/v2\/media\/1653"}],"wp:attachment":[{"href":"https:\/\/jnats.eu\/pl\/wp-json\/wp\/v2\/media?parent=1648"}],"wp:term":[{"taxonomy":"product_brand","embeddable":true,"href":"https:\/\/jnats.eu\/pl\/wp-json\/wp\/v2\/product_brand?post=1648"},{"taxonomy":"product_cat","embeddable":true,"href":"https:\/\/jnats.eu\/pl\/wp-json\/wp\/v2\/product_cat?post=1648"},{"taxonomy":"product_tag","embeddable":true,"href":"https:\/\/jnats.eu\/pl\/wp-json\/wp\/v2\/product_tag?post=1648"}],"curies":[{"name":"wp","href":"https:\/\/api.w.org\/{rel}","templated":true}]}}