{"id":1654,"date":"2024-04-16T12:58:49","date_gmt":"2024-04-16T09:58:49","guid":{"rendered":"http:\/\/jnats.eu\/?post_type=product&#038;p=1654"},"modified":"2026-02-22T14:16:03","modified_gmt":"2026-02-22T12:16:03","slug":"noz-uniwersalny-vanax-37-ironwood","status":"publish","type":"product","link":"https:\/\/jnats.eu\/pl\/produkt-2\/noz-uniwersalny-vanax-37-ironwood\/","title":{"rendered":"N\u00f3\u017c uniwersalny Kmet Pancuj Vanax 37, Ironwood"},"content":{"rendered":"<p>Uddeholm Vanax (Szwecja) \u2013 Stal jest produkowana metod\u0105 azotowania w fazie sta\u0142ej z proszku natryskowego. Wysoka zawarto\u015b\u0107 azotu zapewnia wysok\u0105 odporno\u015b\u0107 na zu\u017cycie wyrob\u00f3w, cz\u0119sto kilkukrotnie wy\u017csz\u0105 w por\u00f3wnaniu do \u201enormalnej\u201d stali. Stal VANAX charakteryzuje si\u0119 wysok\u0105 wytrzyma\u0142o\u015bci\u0105 mechaniczn\u0105, dobr\u0105 elastyczno\u015bci\u0105, odporno\u015bci\u0105 na zu\u017cycie i wyj\u0105tkowo wysok\u0105 odporno\u015bci\u0105 na korozj\u0119. Nie ma seryjnych no\u017cy wykonanych z takiej stali, bo trzeba wybra\u0107 odpowiedni\u0105 obr\u00f3bk\u0119 ciepln\u0105, co wymaga du\u017co czasu, energii, umiej\u0119tno\u015bci i wysi\u0142ku.\u00a0<\/p>\n\n\n\n<figure class=\"wp-block-image size-full\"><img decoding=\"async\" width=\"561\" height=\"755\" src=\"http:\/\/jnats.eu\/wp-content\/uploads\/2024\/04\/stainless-ratings-table2-1.webp\" alt=\"\" class=\"wp-image-1852\" srcset=\"https:\/\/jnats.eu\/wp-content\/uploads\/2024\/04\/stainless-ratings-table2-1.webp 561w, https:\/\/jnats.eu\/wp-content\/uploads\/2024\/04\/stainless-ratings-table2-1-223x300.webp 223w, https:\/\/jnats.eu\/wp-content\/uploads\/2024\/04\/stainless-ratings-table2-1-9x12.webp 9w, https:\/\/jnats.eu\/wp-content\/uploads\/2024\/04\/stainless-ratings-table2-1-441x594.webp 441w, https:\/\/jnats.eu\/wp-content\/uploads\/2024\/04\/stainless-ratings-table2-1-150x202.webp 150w\" sizes=\"(max-width: 561px) 100vw, 561px\" \/><\/figure>\n\n\n\n<p>Typowe zastosowania stali:<\/p>\n\n\n\n<ul class=\"wp-block-list\">\n<li>Zwinnie ukszta\u0142towane komponenty wymagaj\u0105ce wysokiej odporno\u015bci na korozj\u0119<\/li>\n\n\n\n<li>No\u017ce r\u0119czne<\/li>\n\n\n\n<li>Komponenty i no\u017ce dla przemys\u0142u spo\u017cywczego<\/li>\n\n\n\n<li>Cz\u0119\u015bci pracuj\u0105ce w agresywnym \u015brodowisku<\/li>\n\n\n\n<li>Wysoko obci\u0105\u017cone cz\u0119\u015bci maszyn w \u015brodowiskach korozyjnych<\/li>\n<\/ul>\n\n\n\n<p><br><strong>Sk\u0142ad chemiczny stali Vanax 37<\/strong><\/p>\n\n\n\n<ul class=\"wp-block-list\">\n<li>C (w\u0119giel)-0,36% <\/li>\n\n\n\n<li>Mo (molibden)-1,05%<\/li>\n\n\n\n<li>Mn (mangan)-0,34%<\/li>\n\n\n\n<li>V (wanad)-3,38%<\/li>\n\n\n\n<li>Cr (chrom)-18,00%<\/li>\n\n\n\n<li>Si (krzem)-0,35%<\/li>\n\n\n\n<li>N (azot)-1,53%<\/li>\n\n\n\n<li>Ni (nikiel)-0,18%<\/li>\n\n\n\n<li>P (fosfor) -0,18%<\/li>\n\n\n\n<li>S (siarka) -0,009%<\/li>\n\n\n\n<li>W (wolfram) -0,06%<\/li>\n\n\n\n<li>Co (kobalt) -0,05%<\/li>\n\n\n\n<li>Cu (mied\u017a) -0,09%<\/li>\n\n\n\n<li>Al (aluminium) -0,0005%<\/li>\n<\/ul>\n\n\n\n<figure class=\"wp-block-embed is-type-video is-provider-youtube wp-block-embed-youtube wp-embed-aspect-16-9 wp-has-aspect-ratio\"><div class=\"wp-block-embed__wrapper\">\n<div class=\"video-container\"><iframe title=\"N\u00f3\u017c uniwersalny Kmet Pancuj Vanax 37, Ironwood\" width=\"1170\" height=\"658\" src=\"https:\/\/www.youtube.com\/embed\/4FYzvMo9BQ8?feature=oembed\" frameborder=\"0\" allow=\"accelerometer; autoplay; clipboard-write; encrypted-media; gyroscope; picture-in-picture; web-share\" referrerpolicy=\"strict-origin-when-cross-origin\" allowfullscreen><\/iframe><\/div>\n<\/div><\/figure>","protected":false},"excerpt":{"rendered":"<ul>\n<li>D\u0142ugo\u015b\u0107 ostrza: 130 mm.<\/li>\n<li>Szeroko\u015b\u0107 ostrza: 30 mm.<\/li>\n<li>Powierzchnia ostrza: piaskowana<\/li>\n<li>Grubo\u015b\u0107 ostrza: 3,0 mm<\/li>\n<li>Stal Vanax 37. Hartowana przez jednego z najlepszych termistor\u00f3w w Rosji, Alana Balikoeva.\u00a0<\/li>\n<li>G\u0142\u00f3wn\u0105 zalet\u0105 tej stali jest niezwykle wysoka odporno\u015b\u0107 na korozj\u0119, ale wi\u0119kszo\u015b\u0107 innych stali proszkowych zachowuje swoj\u0105 ostro\u015b\u0107 znacznie d\u0142u\u017cej.<\/li>\n<li>Twardo\u015b\u0107: 60 HRC<\/li>\n<li>Nachylenie: proste<\/li>\n<li>Ostrzenie ostrza: 0,3-0,4 mm<\/li>\n<li>D\u0142ugo\u015b\u0107 r\u0105czki: 120 mm<\/li>\n<li>Monta\u017c uchwytu: poprzez<\/li>\n<li>Materia\u0142 r\u0119koje\u015bci to naturalne drewno \u017celazne. Ma naturalnie du\u017co \u017cywic, wi\u0119c stabilizacja jest zb\u0119dna, a nawet niemo\u017cliwa.<\/li>\n<li>Waga z etui: 250 g<\/li>\n<li>Waga: 163 g<\/li>\n<li>Wyprodukowano w Rosji Kmet<\/li>\n<\/ul>","protected":false},"featured_media":1658,"comment_status":"open","ping_status":"closed","template":"","meta":[],"product_brand":[],"product_cat":[24],"product_tag":[211],"class_list":{"0":"post-1654","1":"product","2":"type-product","3":"status-publish","4":"has-post-thumbnail","6":"product_cat-knifes","7":"product_tag-vanax","8":"product_shipping_class-iprastas","10":"first","11":"outofstock","12":"sale","13":"shipping-taxable","14":"purchasable","15":"product-type-simple"},"_links":{"self":[{"href":"https:\/\/jnats.eu\/pl\/wp-json\/wp\/v2\/product\/1654","targetHints":{"allow":["GET"]}}],"collection":[{"href":"https:\/\/jnats.eu\/pl\/wp-json\/wp\/v2\/product"}],"about":[{"href":"https:\/\/jnats.eu\/pl\/wp-json\/wp\/v2\/types\/product"}],"replies":[{"embeddable":true,"href":"https:\/\/jnats.eu\/pl\/wp-json\/wp\/v2\/comments?post=1654"}],"wp:featuredmedia":[{"embeddable":true,"href":"https:\/\/jnats.eu\/pl\/wp-json\/wp\/v2\/media\/1658"}],"wp:attachment":[{"href":"https:\/\/jnats.eu\/pl\/wp-json\/wp\/v2\/media?parent=1654"}],"wp:term":[{"taxonomy":"product_brand","embeddable":true,"href":"https:\/\/jnats.eu\/pl\/wp-json\/wp\/v2\/product_brand?post=1654"},{"taxonomy":"product_cat","embeddable":true,"href":"https:\/\/jnats.eu\/pl\/wp-json\/wp\/v2\/product_cat?post=1654"},{"taxonomy":"product_tag","embeddable":true,"href":"https:\/\/jnats.eu\/pl\/wp-json\/wp\/v2\/product_tag?post=1654"}],"curies":[{"name":"wp","href":"https:\/\/api.w.org\/{rel}","templated":true}]}}