{"id":1665,"date":"2024-04-16T13:22:53","date_gmt":"2024-04-16T10:22:53","guid":{"rendered":"http:\/\/jnats.eu\/?post_type=product&#038;p=1665"},"modified":"2024-07-24T11:05:08","modified_gmt":"2024-07-24T08:05:08","slug":"miedzyokularowa-skorownica-do-nozy-cpm110v","status":"publish","type":"product","link":"https:\/\/jnats.eu\/pl\/produkt-2\/miedzyokularowa-skorownica-do-nozy-cpm110v\/","title":{"rendered":"N\u00f3\u017c my\u015bliwski Skineris CPM s110v"},"content":{"rendered":"<figure class=\"wp-block-embed is-type-video is-provider-youtube wp-block-embed-youtube wp-embed-aspect-16-9 wp-has-aspect-ratio\"><div class=\"wp-block-embed__wrapper\">\n<div class=\"video-container\"><iframe title=\"N\u00f3\u017c my\u015bliwski Skinner CPM110V\" width=\"1170\" height=\"658\" src=\"https:\/\/www.youtube.com\/embed\/ozYnW_Wzp44?feature=oembed\" frameborder=\"0\" allow=\"accelerometer; autoplay; clipboard-write; encrypted-media; gyroscope; picture-in-picture; web-share\" referrerpolicy=\"strict-origin-when-cross-origin\" allowfullscreen><\/iframe><\/div>\n<\/div><\/figure>\n\n\n\n<p>S110V to bardzo interesuj\u0105ca stal ze wzgl\u0119du na innowacje w jej rozwoju, w tym niob poprawiaj\u0105cy struktur\u0119 w\u0119glik\u00f3w i odporno\u015b\u0107 na korozj\u0119 oraz kobalt zapewniaj\u0105cy mo\u017cliwo\u015b\u0107 obr\u00f3bki cieplnej pomimo doskona\u0142ej odporno\u015bci na korozj\u0119. Stal ma dobre w\u0142a\u015bciwo\u015bci, w tym d\u0142ugie zachowanie ostro\u015bci i odporno\u015b\u0107 na korozj\u0119, a tak\u017ce odpowiedni\u0105 twardo\u015b\u0107. S110V i S90V s\u0105 faworytami wielu my\u015bliwych w\u015br\u00f3d stali nierdzewnych ze wzgl\u0119du na bardzo dobre zachowanie ostro\u015bci i agresywn\u0105 wydajno\u015b\u0107 ci\u0119cia.<\/p>\n\n\n\n<figure class=\"wp-block-image size-full is-resized\"><img decoding=\"async\" width=\"752\" height=\"452\" src=\"http:\/\/jnats.eu\/wp-content\/uploads\/2024\/04\/M398-toughness-edge-retention-balance.webp\" alt=\"\" class=\"wp-image-1666\" style=\"width:900px;height:auto\" srcset=\"https:\/\/jnats.eu\/wp-content\/uploads\/2024\/04\/M398-toughness-edge-retention-balance.webp 752w, https:\/\/jnats.eu\/wp-content\/uploads\/2024\/04\/M398-toughness-edge-retention-balance-300x180.webp 300w, https:\/\/jnats.eu\/wp-content\/uploads\/2024\/04\/M398-toughness-edge-retention-balance-18x12.webp 18w, https:\/\/jnats.eu\/wp-content\/uploads\/2024\/04\/M398-toughness-edge-retention-balance-441x265.webp 441w, https:\/\/jnats.eu\/wp-content\/uploads\/2024\/04\/M398-toughness-edge-retention-balance-600x361.webp 600w, https:\/\/jnats.eu\/wp-content\/uploads\/2024\/04\/M398-toughness-edge-retention-balance-150x90.webp 150w\" sizes=\"(max-width: 752px) 100vw, 752px\" \/><\/figure>\n\n\n\n<figure class=\"wp-block-embed is-type-wp-embed is-provider-knife-steel-nerds wp-block-embed-knife-steel-nerds\"><div class=\"wp-block-embed__wrapper\">\n<div class=\"video-container\"><blockquote class=\"wp-embedded-content\" data-secret=\"4V3dJab2Pm\"><a href=\"https:\/\/knifesteelnerds.com\/2020\/11\/23\/cpm-s110v-steel-history-and-properties\/\">Stal CPM-S110V - historia i w\u0142a\u015bciwo\u015bci<\/a><\/blockquote><iframe class=\"wp-embedded-content\" sandbox=\"allow-scripts\" security=\"restricted\" style=\"position: absolute; clip: rect(1px, 1px, 1px, 1px);\" title=\"&quot;Stal CPM-S110V - historia i w\u0142a\u015bciwo\u015bci&quot; - Knife Steel Nerds\" src=\"https:\/\/knifesteelnerds.com\/2020\/11\/23\/cpm-s110v-steel-history-and-properties\/embed\/#?secret=vHuqxkcbBg#?secret=4V3dJab2Pm\" data-secret=\"4V3dJab2Pm\" width=\"600\" height=\"338\" frameborder=\"0\" marginwidth=\"0\" marginheight=\"0\" scrolling=\"no\"><\/iframe><\/div>\n<\/div><\/figure>","protected":false},"excerpt":{"rendered":"<ul>\n<li>D\u0142ugo\u015b\u0107 ostrza: 122 mm.<\/li>\n<li>Szeroko\u015b\u0107 ostrza: 31 mm.<\/li>\n<li>Powierzchnia ostrza: polerowana<\/li>\n<li>Grubo\u015b\u0107 ostrza (stal): 3,6 mm.<\/li>\n<li>Pod\u0142oga: prosta<\/li>\n<li>O\u0142\u00f3w ostrza: 0,3-0,4 mm.<\/li>\n<li>D\u0142ugo\u015b\u0107 uchwytu: 125 mm. Wysoko\u015b\u0107 uchwytu: 32 mm. Grubo\u015b\u0107 18 mm (w\u0119\u017csza ni\u017c \"standardowa\")<\/li>\n<li>Monta\u017c uchwytu: obsadzony<\/li>\n<li>Materia\u0142 r\u0119koje\u015bci: z\u0105b mamuta, stabilizowany orzech kaukaski.<\/li>\n<li>Stal: CPM s110v. Twardo\u015b\u0107: 63 HRC. Hartowana przez Alana Balikoeva, jednego z najlepszych termist\u00f3w w Rosji. Stal ta nie jest dost\u0119pna seryjnie, poniewa\u017c jest trudna w obr\u00f3bce, a obr\u00f3bka cieplna musi by\u0107 odpowiednio dobrana, co wymaga du\u017co czasu, energii, umiej\u0119tno\u015bci i wysi\u0142ku.\u00a0\u00a0<\/li>\n<li>G\u0142\u00f3wn\u0105 zalet\u0105 tej stali jest bardzo dobre zachowanie ostro\u015bci i odporno\u015b\u0107 na korozj\u0119.<\/li>\n<li>Waga z etui: 250 g<\/li>\n<li>Waga: 139 g<\/li>\n<li>Etui z prawdziwej sk\u00f3ry<\/li>\n<li>Wyprodukowano w Rosji, Mistrz: Yakov Shishkin<\/li>\n<\/ul>","protected":false},"featured_media":1672,"comment_status":"open","ping_status":"closed","template":"","meta":[],"product_brand":[],"product_cat":[24],"product_tag":[212,75,213],"class_list":{"0":"post-1665","1":"product","2":"type-product","3":"status-publish","4":"has-post-thumbnail","6":"product_cat-knifes","7":"product_tag-cpm110v","8":"product_tag-medzioklinis-peilis","9":"product_tag-skineris","10":"product_shipping_class-iprastas","12":"first","13":"outofstock","14":"sale","15":"shipping-taxable","16":"purchasable","17":"product-type-simple"},"_links":{"self":[{"href":"https:\/\/jnats.eu\/pl\/wp-json\/wp\/v2\/product\/1665","targetHints":{"allow":["GET"]}}],"collection":[{"href":"https:\/\/jnats.eu\/pl\/wp-json\/wp\/v2\/product"}],"about":[{"href":"https:\/\/jnats.eu\/pl\/wp-json\/wp\/v2\/types\/product"}],"replies":[{"embeddable":true,"href":"https:\/\/jnats.eu\/pl\/wp-json\/wp\/v2\/comments?post=1665"}],"wp:featuredmedia":[{"embeddable":true,"href":"https:\/\/jnats.eu\/pl\/wp-json\/wp\/v2\/media\/1672"}],"wp:attachment":[{"href":"https:\/\/jnats.eu\/pl\/wp-json\/wp\/v2\/media?parent=1665"}],"wp:term":[{"taxonomy":"product_brand","embeddable":true,"href":"https:\/\/jnats.eu\/pl\/wp-json\/wp\/v2\/product_brand?post=1665"},{"taxonomy":"product_cat","embeddable":true,"href":"https:\/\/jnats.eu\/pl\/wp-json\/wp\/v2\/product_cat?post=1665"},{"taxonomy":"product_tag","embeddable":true,"href":"https:\/\/jnats.eu\/pl\/wp-json\/wp\/v2\/product_tag?post=1665"}],"curies":[{"name":"wp","href":"https:\/\/api.w.org\/{rel}","templated":true}]}}