{"id":1697,"date":"2024-04-17T08:43:17","date_gmt":"2024-04-17T05:43:17","guid":{"rendered":"http:\/\/jnats.eu\/?post_type=product&#038;p=1697"},"modified":"2024-04-20T20:25:47","modified_gmt":"2024-04-20T17:25:47","slug":"noz-miedzyokularowy-bohler-s390","status":"publish","type":"product","link":"https:\/\/jnats.eu\/pl\/produkt-2\/noz-miedzyokularowy-bohler-s390\/","title":{"rendered":"N\u00f3\u017c my\u015bliwski Kmet Klyk Bohler S390"},"content":{"rendered":"<figure class=\"wp-block-embed is-type-video is-provider-youtube wp-block-embed-youtube wp-embed-aspect-16-9 wp-has-aspect-ratio\"><div class=\"wp-block-embed__wrapper\">\n<div class=\"video-container\"><iframe title=\"N\u00f3\u017c my\u015bliwski Kmet Klyk Bohler S390\" width=\"1170\" height=\"658\" src=\"https:\/\/www.youtube.com\/embed\/QKNgcgKUPKQ?feature=oembed\" frameborder=\"0\" allow=\"accelerometer; autoplay; clipboard-write; encrypted-media; gyroscope; picture-in-picture; web-share\" referrerpolicy=\"strict-origin-when-cross-origin\" allowfullscreen><\/iframe><\/div>\n<\/div><\/figure>\n\n\n\n<p>BOHLER S390 MICROCLEAN to szybkotn\u0105ca stal proszkowa produkowana metod\u0105 metalurgii proszk\u00f3w o dobrej twardo\u015bci roboczej, odporno\u015bci na \u015bcieranie i wytrzyma\u0142o\u015bci na \u015bciskanie. Technologia metalurgii proszk\u00f3w zapewnia r\u00f3wnie\u017c materia\u0142owi doskona\u0142\u0105 twardo\u015b\u0107 i obrabialno\u015b\u0107, tak\u0105 jak \u0142atwe szlifowanie. BOHLER S390 jest stosowany w produkcji: frez\u00f3w kszta\u0142towych, p\u0142yt grzewczych, wszystkich rodzaj\u00f3w nakr\u0119tek, gwintownik\u00f3w, wierte\u0142 kr\u0119tych, czajek, \u015brub, brzeszczot\u00f3w bimetalicznych.<\/p>\n\n\n\n<p><strong>Sk\u0142ad chemiczny stali BOHLER S390<\/strong><\/p>\n\n\n\n<p>C (w\u0119giel) - 1,60 % Mo (molibden) - 2,00 % Co (kobalt) - 8,00 %<br>Cr (chrom)-4,80% W (wolfram)-10,50% V (wanad)-5,00%<\/p>","protected":false},"excerpt":{"rendered":"<p><!-- wp:list --><\/p>\n<ul><!-- wp:list-item --><\/p>\n<li>D\u0142ugo\u015b\u0107 ostrza: 120 mm.<\/li>\n<p><!-- \/wp:list-item --> <!-- wp:list-item --><\/p>\n<li>Szeroko\u015b\u0107 ostrza: 28 mm.<\/li>\n<p><!-- \/wp:list-item --> <!-- wp:list-item --><\/p>\n<li>Powierzchnia ostrza: chromowana, polerowana, piaskowana<\/li>\n<p><!-- \/wp:list-item --> <!-- wp:list-item --><\/p>\n<li>Grubo\u015b\u0107 ostrza: 3,0 mm<\/li>\n<p><!-- \/wp:list-item --> <!-- wp:list-item --><\/p>\n<li>Stal BOHLER S390 MICROCLEAN. Jedna z najtwardszych pod ka\u017cdym wzgl\u0119dem: doskona\u0142e trzymanie ostro\u015bci, maksymalna ostro\u015b\u0107. By\u0107 mo\u017ce jedyn\u0105 wad\u0105 jest niska odporno\u015b\u0107 na korozj\u0119, ale ten n\u00f3\u017c rozwi\u0105zuje ten problem, pokrywaj\u0105c ostrze chromem. Oczywi\u015bcie ostrze nie jest tak chronione, wi\u0119c nie zalecamy pozostawiania no\u017ca mokrego.<\/li>\n<p><!-- \/wp:list-item --> <!-- wp:list-item --><\/p>\n<li><strong>Twardo\u015b\u0107: 68 HRC!<\/strong><\/li>\n<p><!-- \/wp:list-item --> <!-- wp:list-item --><\/p>\n<li>Nachylenie: proste<\/li>\n<p><!-- \/wp:list-item --> <!-- wp:list-item --><\/p>\n<li>O\u0142\u00f3w ostrza: 0,3-0,4 mm.<\/li>\n<p><!-- \/wp:list-item --> <!-- wp:list-item --><\/p>\n<li>D\u0142ugo\u015b\u0107 uchwytu: 120 mm.<\/li>\n<p><!-- \/wp:list-item --> <!-- wp:list-item --><\/p>\n<li>Monta\u017c uchwytu: poprzez<\/li>\n<p><!-- \/wp:list-item --> <!-- wp:list-item --><\/p>\n<li>Materia\u0142 r\u0119koje\u015bci: stabilizowana brzoza karelska.<\/li>\n<p><!-- \/wp:list-item --> <!-- wp:list-item --><\/p>\n<li>Waga z etui: 272 g<\/li>\n<p><!-- \/wp:list-item --> <!-- wp:list-item --><\/p>\n<li>Waga: 185 g<\/li>\n<p><!-- \/wp:list-item --> <!-- wp:list-item --><\/p>\n<li>Etui z prawdziwej sk\u00f3ry<\/li>\n<p><!-- \/wp:list-item --> <!-- wp:list-item --><\/p>\n<li>Wyprodukowano w Rosji Kmet<\/li>\n<p><!-- \/wp:list-item --><\/ul>\n<p><!-- \/wp:list --><\/p>","protected":false},"featured_media":1698,"comment_status":"open","ping_status":"closed","template":"","meta":[],"product_brand":[],"product_cat":[24],"product_tag":[215,216],"class_list":{"0":"post-1697","1":"product","2":"type-product","3":"status-publish","4":"has-post-thumbnail","6":"product_cat-knifes","7":"product_tag-kmet","8":"product_tag-s390","9":"product_shipping_class-iprastas","11":"first","12":"outofstock","13":"shipping-taxable","14":"purchasable","15":"product-type-simple"},"_links":{"self":[{"href":"https:\/\/jnats.eu\/pl\/wp-json\/wp\/v2\/product\/1697","targetHints":{"allow":["GET"]}}],"collection":[{"href":"https:\/\/jnats.eu\/pl\/wp-json\/wp\/v2\/product"}],"about":[{"href":"https:\/\/jnats.eu\/pl\/wp-json\/wp\/v2\/types\/product"}],"replies":[{"embeddable":true,"href":"https:\/\/jnats.eu\/pl\/wp-json\/wp\/v2\/comments?post=1697"}],"wp:featuredmedia":[{"embeddable":true,"href":"https:\/\/jnats.eu\/pl\/wp-json\/wp\/v2\/media\/1698"}],"wp:attachment":[{"href":"https:\/\/jnats.eu\/pl\/wp-json\/wp\/v2\/media?parent=1697"}],"wp:term":[{"taxonomy":"product_brand","embeddable":true,"href":"https:\/\/jnats.eu\/pl\/wp-json\/wp\/v2\/product_brand?post=1697"},{"taxonomy":"product_cat","embeddable":true,"href":"https:\/\/jnats.eu\/pl\/wp-json\/wp\/v2\/product_cat?post=1697"},{"taxonomy":"product_tag","embeddable":true,"href":"https:\/\/jnats.eu\/pl\/wp-json\/wp\/v2\/product_tag?post=1697"}],"curies":[{"name":"wp","href":"https:\/\/api.w.org\/{rel}","templated":true}]}}