{"id":1719,"date":"2024-04-18T09:52:30","date_gmt":"2024-04-18T06:52:30","guid":{"rendered":"http:\/\/jnats.eu\/?post_type=product&#038;p=1719"},"modified":"2025-12-10T14:29:40","modified_gmt":"2025-12-10T12:29:40","slug":"shobu-karasu","status":"publish","type":"product","link":"https:\/\/jnats.eu\/pl\/produkt-2\/shobu-karasu\/","title":{"rendered":"Apartament Shobu Karasu"},"content":{"rendered":"<p>Kamie\u0144 ten jest \u0142atwy w u\u017cyciu i idealnie nadaje si\u0119 do wyka\u0144czania brzytew, polerowania i ostrzenia no\u017cy kuchennych. Jest szybki i pozostawia kontrastow\u0105 lini\u0119 kasumi. Jego du\u017ca powierzchnia sprawia, \u017ce idealnie nadaje si\u0119 do ostrzenia i polerowania.<\/p>\n\n\n\n<p>Kamie\u0144 ten ma kolor ciemny i jasnoszary z wieloma plamami karasu.<\/p>\n\n\n\n<p><strong>Shobu (\u83d6\u84b2\u8c37, Shobudani, Shoubu)<\/strong><br>Wschodnia kopalnia, dobrze znana z wysokiej jako\u015bci kamieni do ostrzenia. Chocia\u017c kopalnia ta mo\u017ce nie by\u0107 tak wysoko ceniona jak Ohira czy Nakayama na Zachodzie, kamienie z tej kopalni s\u0105 generalnie bardzo wysokiej jako\u015bci. Ceny hurtowe Shoubu s\u0105 jednymi z najszybciej rosn\u0105cych spo\u015br\u00f3d wszystkich kamieni.<\/p>\n\n\n\n<figure class=\"wp-block-embed is-type-video is-provider-youtube wp-block-embed-youtube wp-embed-aspect-16-9 wp-has-aspect-ratio\"><div class=\"wp-block-embed__wrapper\">\n<div class=\"video-container\"><iframe title=\"Nakayama i Shobudani Karasu\" width=\"1170\" height=\"658\" src=\"https:\/\/www.youtube.com\/embed\/lYPMCssaMn0?feature=oembed\" frameborder=\"0\" allow=\"accelerometer; autoplay; clipboard-write; encrypted-media; gyroscope; picture-in-picture; web-share\" referrerpolicy=\"strict-origin-when-cross-origin\" allowfullscreen><\/iframe><\/div>\n<\/div><\/figure>","protected":false},"excerpt":{"rendered":"<ul>\n<li>Nadaje si\u0119 do wyka\u0144czania brzytew, no\u017cy, no\u017cyczek, narz\u0119dzi stolarskich i innych.<\/li>\n<li>Wymiary: 220x93x35mm<\/li>\n<li>Waga: 1550 g<\/li>\n<li>Wytrzyma\u0142o\u015b\u0107: Poz. 5<\/li>\n<li>Powierzchnia jest gotowa do pracy bez \u017cadnych wad<\/li>\n<li>Zalecamy prac\u0119 z ciep\u0142\u0105 wod\u0105, poniewa\u017c zimna woda pogarsza szybko\u015b\u0107 i reakcj\u0119.<\/li>\n<\/ul>","protected":false},"featured_media":1721,"comment_status":"open","ping_status":"closed","template":"","meta":[],"product_brand":[],"product_cat":[22],"product_tag":[57,219,44,218,50],"class_list":{"0":"post-1719","1":"product","2":"type-product","3":"status-publish","4":"has-post-thumbnail","6":"product_cat-jnats","7":"product_tag-karasu","8":"product_tag-shobu","9":"product_tag-shobudani","10":"product_tag-shoubu","11":"product_tag-suita","12":"product_shipping_class-iprastas","14":"first","15":"outofstock","16":"sale","17":"shipping-taxable","18":"purchasable","19":"product-type-simple"},"_links":{"self":[{"href":"https:\/\/jnats.eu\/pl\/wp-json\/wp\/v2\/product\/1719","targetHints":{"allow":["GET"]}}],"collection":[{"href":"https:\/\/jnats.eu\/pl\/wp-json\/wp\/v2\/product"}],"about":[{"href":"https:\/\/jnats.eu\/pl\/wp-json\/wp\/v2\/types\/product"}],"replies":[{"embeddable":true,"href":"https:\/\/jnats.eu\/pl\/wp-json\/wp\/v2\/comments?post=1719"}],"wp:featuredmedia":[{"embeddable":true,"href":"https:\/\/jnats.eu\/pl\/wp-json\/wp\/v2\/media\/1721"}],"wp:attachment":[{"href":"https:\/\/jnats.eu\/pl\/wp-json\/wp\/v2\/media?parent=1719"}],"wp:term":[{"taxonomy":"product_brand","embeddable":true,"href":"https:\/\/jnats.eu\/pl\/wp-json\/wp\/v2\/product_brand?post=1719"},{"taxonomy":"product_cat","embeddable":true,"href":"https:\/\/jnats.eu\/pl\/wp-json\/wp\/v2\/product_cat?post=1719"},{"taxonomy":"product_tag","embeddable":true,"href":"https:\/\/jnats.eu\/pl\/wp-json\/wp\/v2\/product_tag?post=1719"}],"curies":[{"name":"wp","href":"https:\/\/api.w.org\/{rel}","templated":true}]}}