{"id":1733,"date":"2024-04-18T10:05:17","date_gmt":"2024-04-18T07:05:17","guid":{"rendered":"http:\/\/jnats.eu\/?post_type=product&#038;p=1733"},"modified":"2025-10-05T11:12:26","modified_gmt":"2025-10-05T08:12:26","slug":"apartament-shoubu-karasu","status":"publish","type":"product","link":"https:\/\/jnats.eu\/pl\/produkt-2\/apartament-shoubu-karasu\/","title":{"rendered":"Apartament Shoubu Karasu"},"content":{"rendered":"<p>Kamie\u0144 ten jest \u0142atwy w u\u017cyciu i idealnie nadaje si\u0119 do wyka\u0144czania brzytew, polerowania i ostrzenia no\u017cy kuchennych. Jest szybki i pozostawia kontrastow\u0105 lini\u0119 kasumi. Jego du\u017ca powierzchnia sprawia, \u017ce idealnie nadaje si\u0119 do ostrzenia i polerowania.<\/p>\n\n\n\n<p>Kamie\u0144 ten jest jasnoszary z wieloma karasowymi plamkami i cienkimi, bezpiecznymi \"z\u0142otymi\" liniami. Jest te\u017c kilka plamek namazu.<\/p>\n\n\n\n<figure class=\"wp-block-embed is-type-video is-provider-youtube wp-block-embed-youtube wp-embed-aspect-16-9 wp-has-aspect-ratio\"><div class=\"wp-block-embed__wrapper\">\n<div class=\"video-container\"><iframe title=\"Kasumi ko\u0144czy na Jnatach: Ohira, Nisshoyama Naikumo Suita, Shobudani Karasu\" width=\"1170\" height=\"658\" src=\"https:\/\/www.youtube.com\/embed\/EufKzrz4gFs?start=910&#038;feature=oembed\" frameborder=\"0\" allow=\"accelerometer; autoplay; clipboard-write; encrypted-media; gyroscope; picture-in-picture; web-share\" referrerpolicy=\"strict-origin-when-cross-origin\" allowfullscreen><\/iframe><\/div>\n<\/div><\/figure>\n\n\n\n<p><strong>Shobu (\u83d6\u84b2\u8c37, Shobudani, Shoubu)<\/strong><br>Wschodnia kopalnia, dobrze znana z wysokiej jako\u015bci kamieni do ostrzenia. Chocia\u017c kopalnia ta mo\u017ce nie by\u0107 tak wysoko ceniona jak Ohira czy Nakayama na Zachodzie, kamienie z tej kopalni s\u0105 generalnie bardzo wysokiej jako\u015bci. Ceny hurtowe Shoubu s\u0105 jednymi z najszybciej rosn\u0105cych spo\u015br\u00f3d wszystkich kamieni.<\/p>","protected":false},"excerpt":{"rendered":"<ul>\n<li>Nadaje si\u0119 do wyka\u0144czania brzytew, no\u017cy, no\u017cyczek, narz\u0119dzi stolarskich i innych.<\/li>\n<li>Wymiary: 180x110x30 mm<\/li>\n<li>Waga: 1475 g<\/li>\n<li>Wytrzyma\u0142o\u015b\u0107: Poz. 5<\/li>\n<li>Powierzchnia gotowa do pracy. Niekt\u00f3re naro\u017cniki nie zosta\u0142y w pe\u0142ni wyg\u0142adzone.<\/li>\n<li>Linie s\u0105 zabezpieczone.<\/li>\n<li>Zalecamy prac\u0119 z ciep\u0142\u0105 wod\u0105, poniewa\u017c zimna woda pogarsza szybko\u015b\u0107 i reakcj\u0119.<\/li>\n<\/ul>","protected":false},"featured_media":1744,"comment_status":"open","ping_status":"closed","template":"","meta":[],"product_brand":[],"product_cat":[22],"product_tag":[57,219,44,218,50,220],"class_list":{"0":"post-1733","1":"product","2":"type-product","3":"status-publish","4":"has-post-thumbnail","6":"product_cat-jnats","7":"product_tag-karasu","8":"product_tag-shobu","9":"product_tag-shobudani","10":"product_tag-shoubu","11":"product_tag-suita","12":"product_tag-220","13":"product_shipping_class-iprastas","15":"first","16":"outofstock","17":"shipping-taxable","18":"purchasable","19":"product-type-simple"},"_links":{"self":[{"href":"https:\/\/jnats.eu\/pl\/wp-json\/wp\/v2\/product\/1733","targetHints":{"allow":["GET"]}}],"collection":[{"href":"https:\/\/jnats.eu\/pl\/wp-json\/wp\/v2\/product"}],"about":[{"href":"https:\/\/jnats.eu\/pl\/wp-json\/wp\/v2\/types\/product"}],"replies":[{"embeddable":true,"href":"https:\/\/jnats.eu\/pl\/wp-json\/wp\/v2\/comments?post=1733"}],"wp:featuredmedia":[{"embeddable":true,"href":"https:\/\/jnats.eu\/pl\/wp-json\/wp\/v2\/media\/1744"}],"wp:attachment":[{"href":"https:\/\/jnats.eu\/pl\/wp-json\/wp\/v2\/media?parent=1733"}],"wp:term":[{"taxonomy":"product_brand","embeddable":true,"href":"https:\/\/jnats.eu\/pl\/wp-json\/wp\/v2\/product_brand?post=1733"},{"taxonomy":"product_cat","embeddable":true,"href":"https:\/\/jnats.eu\/pl\/wp-json\/wp\/v2\/product_cat?post=1733"},{"taxonomy":"product_tag","embeddable":true,"href":"https:\/\/jnats.eu\/pl\/wp-json\/wp\/v2\/product_tag?post=1733"}],"curies":[{"name":"wp","href":"https:\/\/api.w.org\/{rel}","templated":true}]}}