{"id":1777,"date":"2024-04-18T16:02:45","date_gmt":"2024-04-18T13:02:45","guid":{"rendered":"http:\/\/jnats.eu\/?post_type=product&#038;p=1777"},"modified":"2024-06-29T15:55:34","modified_gmt":"2024-06-29T12:55:34","slug":"shobudani-karasu-suite-3","status":"publish","type":"product","link":"https:\/\/jnats.eu\/pl\/produkt-2\/shobudani-karasu-suite-3\/","title":{"rendered":"Apartament Shobudani Karasu"},"content":{"rendered":"<p>Kamie\u0144 ten jest \u0142atwy w u\u017cyciu i idealnie nadaje si\u0119 do wyka\u0144czania brzytew, polerowania i ostrzenia no\u017cy kuchennych. Jest szybki i pozostawia kontrastow\u0105 lini\u0119 kasumi. Jego du\u017ca powierzchnia sprawia, \u017ce idealnie nadaje si\u0119 do ostrzenia i polerowania.<\/p>\n\n\n\n<p>Kamie\u0144 ten jest jasnoszary z drobinkami karasu.<\/p>\n\n\n\n<p><strong>Shobu (\u83d6\u84b2\u8c37, Shobudani, Shoubu)<\/strong><br>Wschodnia kopalnia, dobrze znana z wysokiej jako\u015bci kamieni do ostrzenia. Chocia\u017c kopalnia ta mo\u017ce nie by\u0107 tak wysoko ceniona jak Ohira czy Nakayama na Zachodzie, kamienie z tej kopalni s\u0105 generalnie bardzo wysokiej jako\u015bci. Ceny hurtowe Shoubu s\u0105 jednymi z najszybciej rosn\u0105cych spo\u015br\u00f3d wszystkich kamieni.<\/p>","protected":false},"excerpt":{"rendered":"<ul>\n<li>Nadaje si\u0119 do wyka\u0144czania brzytew, no\u017cy, no\u017cyczek, narz\u0119dzi stolarskich i innych.<\/li>\n<li>Wymiary: 192x75x34 mm<\/li>\n<li>Waga: 1340 g<\/li>\n<li>Wytrzyma\u0142o\u015b\u0107: Poz. 5<\/li>\n<li>Powierzchnia jest gotowa do pracy bez \u017cadnych wad. Kilka naro\u017cnik\u00f3w nie jest w pe\u0142ni wyr\u00f3wnanych.<\/li>\n<li>Linie s\u0105 zabezpieczone.<\/li>\n<li>Zalecamy prac\u0119 z ciep\u0142\u0105 wod\u0105, poniewa\u017c zimna woda pogarsza szybko\u015b\u0107 i reakcj\u0119.<\/li>\n<\/ul>","protected":false},"featured_media":1784,"comment_status":"open","ping_status":"closed","template":"","meta":[],"product_brand":[],"product_cat":[22],"product_tag":[57,44,50],"class_list":{"0":"post-1777","1":"product","2":"type-product","3":"status-publish","4":"has-post-thumbnail","6":"product_cat-jnats","7":"product_tag-karasu","8":"product_tag-shobudani","9":"product_tag-suita","10":"product_shipping_class-iprastas","12":"first","13":"outofstock","14":"shipping-taxable","15":"purchasable","16":"product-type-simple"},"_links":{"self":[{"href":"https:\/\/jnats.eu\/pl\/wp-json\/wp\/v2\/product\/1777","targetHints":{"allow":["GET"]}}],"collection":[{"href":"https:\/\/jnats.eu\/pl\/wp-json\/wp\/v2\/product"}],"about":[{"href":"https:\/\/jnats.eu\/pl\/wp-json\/wp\/v2\/types\/product"}],"replies":[{"embeddable":true,"href":"https:\/\/jnats.eu\/pl\/wp-json\/wp\/v2\/comments?post=1777"}],"wp:featuredmedia":[{"embeddable":true,"href":"https:\/\/jnats.eu\/pl\/wp-json\/wp\/v2\/media\/1784"}],"wp:attachment":[{"href":"https:\/\/jnats.eu\/pl\/wp-json\/wp\/v2\/media?parent=1777"}],"wp:term":[{"taxonomy":"product_brand","embeddable":true,"href":"https:\/\/jnats.eu\/pl\/wp-json\/wp\/v2\/product_brand?post=1777"},{"taxonomy":"product_cat","embeddable":true,"href":"https:\/\/jnats.eu\/pl\/wp-json\/wp\/v2\/product_cat?post=1777"},{"taxonomy":"product_tag","embeddable":true,"href":"https:\/\/jnats.eu\/pl\/wp-json\/wp\/v2\/product_tag?post=1777"}],"curies":[{"name":"wp","href":"https:\/\/api.w.org\/{rel}","templated":true}]}}