{"id":1805,"date":"2024-04-19T10:30:22","date_gmt":"2024-04-19T07:30:22","guid":{"rendered":"http:\/\/jnats.eu\/?post_type=product&#038;p=1805"},"modified":"2024-10-27T13:00:39","modified_gmt":"2024-10-27T11:00:39","slug":"ohira-renge-suita","status":"publish","type":"product","link":"https:\/\/jnats.eu\/pl\/produkt-2\/ohira-renge-suita\/","title":{"rendered":"Apartament Ohira Renge"},"content":{"rendered":"<p>Wysokiej jako\u015bci ose\u0142ki Ohira Renge Suita s\u0105 rzadkie. Kamie\u0144 jest szybki, daje dobr\u0105 reakcj\u0119 i wyj\u0105tkowe rezultaty. Wysokiej jako\u015bci Ohira jest coraz rzadsza, a ten kamie\u0144 jest doskona\u0142ym przyk\u0142adem tego, dlaczego kopalnia osi\u0105gn\u0119\u0142a swoj\u0105 dobr\u0105 reputacj\u0119. Kamie\u0144 ten jest ca\u0142kiem w porz\u0105dku dla apartamentu Ohira. Niezale\u017cnie od tego, czy Twoim g\u0142\u00f3wnym celem jest ostrzenie ostrzy, czy polerowanie kasumi, ten kamie\u0144 nie zawiedzie. Prosz\u0119, nie kupuj tego, chc\u0119 to zatrzyma\u0107.<\/p>\n\n\n\n<p>Czysto bia\u0142a baza z g\u0119stym, jednolitym wzorem renge. Jeden z rog\u00f3w jest lekko wyszczerbiony i posiada linki zabezpieczaj\u0105ce. Tylko to nie pozwala, aby kamie\u0144 ten sta\u0142 si\u0119 okazem muzealnym za i\u015bcie astronomiczn\u0105 cen\u0119. <\/p>\n\n\n\n<p><strong>Ohira (\u5927\u5e73, Oohira, Ohirayama)<\/strong><br>Zachodnia kopalnia s\u0142yn\u0105ca z Uchigumori i jako\u015bci jego Suity. Chocia\u017c kopalnia nadal jest czasami eksploatowana, coraz trudniej znale\u017a\u0107 nadaj\u0105ce si\u0119 na eksport uchigumori i Ohira suita. Ze wzgl\u0119du na najwy\u017csz\u0105 jako\u015b\u0107 Ohira suita i uchigumori nierzadko zdarza si\u0119, \u017ce kamienie z innych kopalni s\u0105 stemplowane lub sprzedawane jako Ohira.<\/p>\n\n\n\n<figure class=\"wp-block-embed is-type-video is-provider-youtube wp-block-embed-youtube wp-embed-aspect-16-9 wp-has-aspect-ratio\"><div class=\"wp-block-embed__wrapper\">\n<div class=\"video-container\"><iframe title=\"Ohira Renge Suita, Nishiyama Shiro Suita, Nakayama Asagi Nashiji, Kyoto Shomotoyama, Atago\" width=\"1170\" height=\"658\" src=\"https:\/\/www.youtube.com\/embed\/NhqN2jyKzUg?start=167&#038;feature=oembed\" frameborder=\"0\" allow=\"accelerometer; autoplay; clipboard-write; encrypted-media; gyroscope; picture-in-picture; web-share\" referrerpolicy=\"strict-origin-when-cross-origin\" allowfullscreen><\/iframe><\/div>\n<\/div><\/figure>","protected":false},"excerpt":{"rendered":"<ul>\n<li>Nadaje si\u0119 do wyka\u0144czania no\u017cy, no\u017cyczek, stolarki, innych narz\u0119dzi i wyka\u0144czania kasumi.<\/li>\n<li>Wymiary: 204x75x24 mm<\/li>\n<li>Waga: 1150 g<\/li>\n<li>Twardo\u015b\u0107: Poziom 4<\/li>\n<li>Powierzchnia jest g\u0142adka i gotowa do pracy.<\/li>\n<li>Linie s\u0105 zabezpieczone.<\/li>\n<li>Zalecamy prac\u0119 z ciep\u0142\u0105 wod\u0105, poniewa\u017c zimna woda pogarsza szybko\u015b\u0107 i reakcj\u0119.<\/li>\n<\/ul>","protected":false},"featured_media":2115,"comment_status":"open","ping_status":"closed","template":"","meta":[],"product_brand":[],"product_cat":[22],"product_tag":[47,86,50],"class_list":{"0":"post-1805","1":"product","2":"type-product","3":"status-publish","4":"has-post-thumbnail","6":"product_cat-jnats","7":"product_tag-ohira","8":"product_tag-renge","9":"product_tag-suita","10":"product_shipping_class-iprastas","12":"first","13":"outofstock","14":"shipping-taxable","15":"purchasable","16":"product-type-simple"},"_links":{"self":[{"href":"https:\/\/jnats.eu\/pl\/wp-json\/wp\/v2\/product\/1805","targetHints":{"allow":["GET"]}}],"collection":[{"href":"https:\/\/jnats.eu\/pl\/wp-json\/wp\/v2\/product"}],"about":[{"href":"https:\/\/jnats.eu\/pl\/wp-json\/wp\/v2\/types\/product"}],"replies":[{"embeddable":true,"href":"https:\/\/jnats.eu\/pl\/wp-json\/wp\/v2\/comments?post=1805"}],"wp:featuredmedia":[{"embeddable":true,"href":"https:\/\/jnats.eu\/pl\/wp-json\/wp\/v2\/media\/2115"}],"wp:attachment":[{"href":"https:\/\/jnats.eu\/pl\/wp-json\/wp\/v2\/media?parent=1805"}],"wp:term":[{"taxonomy":"product_brand","embeddable":true,"href":"https:\/\/jnats.eu\/pl\/wp-json\/wp\/v2\/product_brand?post=1805"},{"taxonomy":"product_cat","embeddable":true,"href":"https:\/\/jnats.eu\/pl\/wp-json\/wp\/v2\/product_cat?post=1805"},{"taxonomy":"product_tag","embeddable":true,"href":"https:\/\/jnats.eu\/pl\/wp-json\/wp\/v2\/product_tag?post=1805"}],"curies":[{"name":"wp","href":"https:\/\/api.w.org\/{rel}","templated":true}]}}