{"id":1810,"date":"2024-04-19T10:42:51","date_gmt":"2024-04-19T07:42:51","guid":{"rendered":"http:\/\/jnats.eu\/?post_type=product&#038;p=1810"},"modified":"2026-03-23T10:03:54","modified_gmt":"2026-03-23T08:03:54","slug":"nishiyama-shiro-suita","status":"publish","type":"product","link":"https:\/\/jnats.eu\/pl\/produkt-2\/nishiyama-shiro-suita\/","title":{"rendered":"Apartament Nishiyama Shiro"},"content":{"rendered":"<figure class=\"wp-block-embed is-type-video is-provider-youtube wp-block-embed-youtube wp-embed-aspect-16-9 wp-has-aspect-ratio\"><div class=\"wp-block-embed__wrapper\">\n<div class=\"video-container\"><iframe title=\"Testowanie Nishiyama Shiro Suita z Sandvik 14C28N | Slurry vs No Slurry\" width=\"1170\" height=\"658\" src=\"https:\/\/www.youtube.com\/embed\/uP8MI-JS99I?feature=oembed\" frameborder=\"0\" allow=\"accelerometer; autoplay; clipboard-write; encrypted-media; gyroscope; picture-in-picture; web-share\" referrerpolicy=\"strict-origin-when-cross-origin\" allowfullscreen><\/iframe><\/div>\n<\/div><\/figure>\n\n\n\n<p>Kamieni do ostrzenia Nishiyama Shiro Suita praktycznie nie ma ju\u017c na rynku. Kamie\u0144 jest szybki, daje dobr\u0105 reakcj\u0119 i wyj\u0105tkowe rezultaty. Niezale\u017cnie od tego, czy Twoim g\u0142\u00f3wnym celem jest ostrzenie ostrzy, czy polerowanie kasumi, ten kamie\u0144 nie zawiedzie. <\/p>\n\n\n\n<p>Bia\u0142a podstawa z wzorem w czerwone linie. Ostra linia w jednym z rog\u00f3w uniemo\u017cliwia ostrzenie i tylko ona sprawia, \u017ce kamie\u0144 ten nie staje si\u0119 okazem muzealnym o i\u015bcie astronomicznej cenie.<\/p>","protected":false},"excerpt":{"rendered":"<ul>\n<li>Nadaje si\u0119 do wyka\u0144czania i wyka\u0144czania kasumi no\u017cy, no\u017cyczek, narz\u0119dzi stolarskich i innych.<\/li>\n<li>Wymiary: 220x79x40mm<\/li>\n<li>Waga: 1700 g<\/li>\n<li>Twardo\u015b\u0107: Poz. 4,5<\/li>\n<li>Powierzchnia jest g\u0142adka i gotowa do pracy.<\/li>\n<li>Linie s\u0105 bezpieczne, <span style=\"color: #ff0000;\"><strong>z wyj\u0105tkiem jednego na kraw\u0119dzi (toksyczny - patrz zdj\u0119cie).<\/strong><\/span><\/li>\n<li>Zalecamy prac\u0119 z ciep\u0142\u0105 wod\u0105, poniewa\u017c zimna woda pogarsza szybko\u015b\u0107 i reakcj\u0119.<\/li>\n<\/ul>","protected":false},"featured_media":1812,"comment_status":"open","ping_status":"closed","template":"","meta":[],"product_brand":[],"product_cat":[22],"product_tag":[224,223,87,50],"class_list":{"0":"post-1810","1":"product","2":"type-product","3":"status-publish","4":"has-post-thumbnail","6":"product_cat-jnats","7":"product_tag-nishiyama","8":"product_tag-nishiyama-shiro-suita","9":"product_tag-shiro","10":"product_tag-suita","11":"product_shipping_class-iprastas","13":"first","14":"instock","15":"sale","16":"shipping-taxable","17":"purchasable","18":"product-type-simple"},"_links":{"self":[{"href":"https:\/\/jnats.eu\/pl\/wp-json\/wp\/v2\/product\/1810","targetHints":{"allow":["GET"]}}],"collection":[{"href":"https:\/\/jnats.eu\/pl\/wp-json\/wp\/v2\/product"}],"about":[{"href":"https:\/\/jnats.eu\/pl\/wp-json\/wp\/v2\/types\/product"}],"replies":[{"embeddable":true,"href":"https:\/\/jnats.eu\/pl\/wp-json\/wp\/v2\/comments?post=1810"}],"wp:featuredmedia":[{"embeddable":true,"href":"https:\/\/jnats.eu\/pl\/wp-json\/wp\/v2\/media\/1812"}],"wp:attachment":[{"href":"https:\/\/jnats.eu\/pl\/wp-json\/wp\/v2\/media?parent=1810"}],"wp:term":[{"taxonomy":"product_brand","embeddable":true,"href":"https:\/\/jnats.eu\/pl\/wp-json\/wp\/v2\/product_brand?post=1810"},{"taxonomy":"product_cat","embeddable":true,"href":"https:\/\/jnats.eu\/pl\/wp-json\/wp\/v2\/product_cat?post=1810"},{"taxonomy":"product_tag","embeddable":true,"href":"https:\/\/jnats.eu\/pl\/wp-json\/wp\/v2\/product_tag?post=1810"}],"curies":[{"name":"wp","href":"https:\/\/api.w.org\/{rel}","templated":true}]}}