{"id":1819,"date":"2024-04-19T11:00:53","date_gmt":"2024-04-19T08:00:53","guid":{"rendered":"http:\/\/jnats.eu\/?post_type=product&#038;p=1819"},"modified":"2024-06-27T12:00:19","modified_gmt":"2024-06-27T09:00:19","slug":"nakayama-asagi-nashiji-japonskie-naturalne-wykonczenie-wyostrzajace","status":"publish","type":"product","link":"https:\/\/jnats.eu\/pl\/produkt-2\/nakayama-asagi-nashiji-japonskie-naturalne-wykonczenie-wyostrzajace\/","title":{"rendered":"Nakayama Asagi Nashiji Japo\u0144ski naturalny kamie\u0144 wyko\u0144czeniowy do ostrzenia"},"content":{"rendered":"<p>Japo\u0144ski naturalny kamie\u0144 wyko\u0144czeniowy do ostrzenia Nakayama Mizu Asagi. Jest to bardzo twardy i wyj\u0105tkowo delikatny kamie\u0144, kt\u00f3ry polecamy jako ostateczne wyko\u0144czenie na koniec procesu ostrzenia lub do od\u015bwie\u017cenia \u017cyletki za ka\u017cdym razem, gdy golenie staje si\u0119 mniej komfortowe i zaczyna ci\u0105gn\u0105\u0107 w\u0142osy.<\/p>\n\n\n\n<p>To ma\u0142a koppa o do\u015b\u0107 regularnym kszta\u0142cie, kt\u00f3ra bardzo dobrze wykonuje swoj\u0105 prac\u0119! <\/p>\n\n\n\n<p>To szare asagi ma delikatny wz\u00f3r kropek Nashiji na ca\u0142ym kamieniu. Brak widocznych linii i wtr\u0105ce\u0144. Sp\u00f3d kamienia mo\u017cna r\u00f3wnie\u017c \u0142atwo przygotowa\u0107 do pracy. <\/p>\n\n\n\n<p><strong>Nakayama (\u4e2d\u5c71)<\/strong><\/p>\n\n\n\n<p>Ta wschodnia kopalnia s\u0142ynie z ostrzenia kamieni wyko\u0144czeniowych awasedo. Kamie\u0144 wielowarstwowy o innym kolorze jest szczeg\u00f3lnie ceniony przez stolarzy i ostrzaczy brzytew. W por\u00f3wnaniu do kamieni o podobnej twardo\u015bci i czysto\u015bci z innych kopalni, kamienie Nakayama znane s\u0105 z przyjemniejszego wra\u017cenia ostrzenia.<\/p>\n\n\n\n<figure class=\"wp-block-embed is-type-video is-provider-youtube wp-block-embed-youtube wp-embed-aspect-16-9 wp-has-aspect-ratio\"><div class=\"wp-block-embed__wrapper\">\n<div class=\"video-container\"><iframe title=\"Ohira Renge Suita, Nishiyama Shiro Suita, Nakayama Asagi Nashiji, Kyoto Shomotoyama, Atago\" width=\"1170\" height=\"658\" src=\"https:\/\/www.youtube.com\/embed\/NhqN2jyKzUg?start=374&#038;feature=oembed\" frameborder=\"0\" allow=\"accelerometer; autoplay; clipboard-write; encrypted-media; gyroscope; picture-in-picture; web-share\" referrerpolicy=\"strict-origin-when-cross-origin\" allowfullscreen><\/iframe><\/div>\n<\/div><\/figure>","protected":false},"excerpt":{"rendered":"<ul>\n<li>Nadaje si\u0119 do wyka\u0144czania brzytew, no\u017cy, no\u017cyczek, narz\u0119dzi stolarskich i innych.<\/li>\n<li>Wymiary: 123x75x33mm<\/li>\n<li>Waga: 830 g<\/li>\n<li>Wytrzyma\u0142o\u015b\u0107: Poz. 5<\/li>\n<li>Powierzchnia jest g\u0142adka i gotowa do pracy.<\/li>\n<li>Zalecamy prac\u0119 z ciep\u0142\u0105 wod\u0105, poniewa\u017c zimna woda pogarsza szybko\u015b\u0107 i reakcj\u0119.<\/li>\n<\/ul>","protected":false},"featured_media":1822,"comment_status":"open","ping_status":"closed","template":"","meta":[],"product_brand":[],"product_cat":[22],"product_tag":[45,49,48],"class_list":{"0":"post-1819","1":"product","2":"type-product","3":"status-publish","4":"has-post-thumbnail","6":"product_cat-jnats","7":"product_tag-asagi","8":"product_tag-nakayama","9":"product_tag-nashiji","10":"product_shipping_class-iprastas","12":"first","13":"outofstock","14":"sale","15":"shipping-taxable","16":"purchasable","17":"product-type-simple"},"_links":{"self":[{"href":"https:\/\/jnats.eu\/pl\/wp-json\/wp\/v2\/product\/1819","targetHints":{"allow":["GET"]}}],"collection":[{"href":"https:\/\/jnats.eu\/pl\/wp-json\/wp\/v2\/product"}],"about":[{"href":"https:\/\/jnats.eu\/pl\/wp-json\/wp\/v2\/types\/product"}],"replies":[{"embeddable":true,"href":"https:\/\/jnats.eu\/pl\/wp-json\/wp\/v2\/comments?post=1819"}],"wp:featuredmedia":[{"embeddable":true,"href":"https:\/\/jnats.eu\/pl\/wp-json\/wp\/v2\/media\/1822"}],"wp:attachment":[{"href":"https:\/\/jnats.eu\/pl\/wp-json\/wp\/v2\/media?parent=1819"}],"wp:term":[{"taxonomy":"product_brand","embeddable":true,"href":"https:\/\/jnats.eu\/pl\/wp-json\/wp\/v2\/product_brand?post=1819"},{"taxonomy":"product_cat","embeddable":true,"href":"https:\/\/jnats.eu\/pl\/wp-json\/wp\/v2\/product_cat?post=1819"},{"taxonomy":"product_tag","embeddable":true,"href":"https:\/\/jnats.eu\/pl\/wp-json\/wp\/v2\/product_tag?post=1819"}],"curies":[{"name":"wp","href":"https:\/\/api.w.org\/{rel}","templated":true}]}}