{"id":1860,"date":"2024-04-21T09:13:48","date_gmt":"2024-04-21T06:13:48","guid":{"rendered":"http:\/\/jnats.eu\/?post_type=product&#038;p=1860"},"modified":"2026-02-13T11:09:09","modified_gmt":"2026-02-13T09:09:09","slug":"yaginoshima-asagi-2","status":"publish","type":"product","link":"https:\/\/jnats.eu\/pl\/produkt-2\/yaginoshima-asagi-2\/","title":{"rendered":"Yaginoshima Asagi"},"content":{"rendered":"<p>Yaginoshima Asagi to doskona\u0142y, uniwersalny drobny kamie\u0144 do wyka\u0144czania ostrzenia. Jest fajny, ma\u0142y i ca\u0142kiem \u0142atwy w u\u017cyciu. Ko\u0144 roboczy bez \u017cadnych zmartwie\u0144. Dok\u0142adne szlifowanie pozwala wyko\u0144czy\u0107 brzytwy i narz\u0119dzia stolarskie, nadaje si\u0119 r\u00f3wnie\u017c do wyrafinowanego polerowania kasumi. Ze wzgl\u0119du na wyj\u0105tkowo du\u017c\u0105 powierzchni\u0119 nadaje si\u0119 do mieczy i topor\u00f3w.<\/p>\n\n\n\n<p>Kamie\u0144 jest bardzo jednorodny w ca\u0142ym swoim szarym wzorze \u201esk\u00f3ry delfina\u201d.<\/p>\n\n\n\n<p><strong>Yaginoshima (\u516b\u6728\u306e\u5d8b)<\/strong><br>Kopalnia Wschodnia w regionie Kioto.<\/p>\n\n\n\n<figure class=\"wp-block-embed is-type-video is-provider-youtube wp-block-embed-youtube wp-embed-aspect-16-9 wp-has-aspect-ratio\"><div class=\"wp-block-embed__wrapper\">\n<div class=\"video-container\"><iframe title=\"Yaginoshima Asagi, Nakayama Kiita, Shomotoyama Kiita\" width=\"1170\" height=\"658\" src=\"https:\/\/www.youtube.com\/embed\/BfthwASlRYw?feature=oembed\" frameborder=\"0\" allow=\"accelerometer; autoplay; clipboard-write; encrypted-media; gyroscope; picture-in-picture; web-share\" referrerpolicy=\"strict-origin-when-cross-origin\" allowfullscreen><\/iframe><\/div>\n<\/div><\/figure>","protected":false},"excerpt":{"rendered":"<ul>\n<li>Nadaje si\u0119 do wyka\u0144czania \u017cyletek, no\u017cyczek, narz\u0119dzi stolarskich i innych.<\/li>\n<li>Wymiary: 206x70x32 mm<\/li>\n<li>Waga ze stojakiem: 1380 g<\/li>\n<li>Twardo\u015b\u0107: Poz. 4,5<\/li>\n<li>Powierzchnia jest g\u0142adka i gotowa do pracy.<\/li>\n<li>Zalecamy prac\u0119 z ciep\u0142\u0105 wod\u0105, poniewa\u017c zimna woda pogarsza szybko\u015b\u0107 i reakcj\u0119.<\/li>\n<\/ul>","protected":false},"featured_media":1861,"comment_status":"open","ping_status":"closed","template":"","meta":[],"product_brand":[],"product_cat":[22],"product_tag":[45,226],"class_list":{"0":"post-1860","1":"product","2":"type-product","3":"status-publish","4":"has-post-thumbnail","6":"product_cat-jnats","7":"product_tag-asagi","8":"product_tag-yaginoshima","9":"product_shipping_class-iprastas","11":"first","12":"instock","13":"shipping-taxable","14":"purchasable","15":"product-type-simple"},"_links":{"self":[{"href":"https:\/\/jnats.eu\/pl\/wp-json\/wp\/v2\/product\/1860","targetHints":{"allow":["GET"]}}],"collection":[{"href":"https:\/\/jnats.eu\/pl\/wp-json\/wp\/v2\/product"}],"about":[{"href":"https:\/\/jnats.eu\/pl\/wp-json\/wp\/v2\/types\/product"}],"replies":[{"embeddable":true,"href":"https:\/\/jnats.eu\/pl\/wp-json\/wp\/v2\/comments?post=1860"}],"wp:featuredmedia":[{"embeddable":true,"href":"https:\/\/jnats.eu\/pl\/wp-json\/wp\/v2\/media\/1861"}],"wp:attachment":[{"href":"https:\/\/jnats.eu\/pl\/wp-json\/wp\/v2\/media?parent=1860"}],"wp:term":[{"taxonomy":"product_brand","embeddable":true,"href":"https:\/\/jnats.eu\/pl\/wp-json\/wp\/v2\/product_brand?post=1860"},{"taxonomy":"product_cat","embeddable":true,"href":"https:\/\/jnats.eu\/pl\/wp-json\/wp\/v2\/product_cat?post=1860"},{"taxonomy":"product_tag","embeddable":true,"href":"https:\/\/jnats.eu\/pl\/wp-json\/wp\/v2\/product_tag?post=1860"}],"curies":[{"name":"wp","href":"https:\/\/api.w.org\/{rel}","templated":true}]}}