{"id":1873,"date":"2024-04-21T09:33:15","date_gmt":"2024-04-21T06:33:15","guid":{"rendered":"http:\/\/jnats.eu\/?post_type=product&#038;p=1873"},"modified":"2025-03-06T13:21:20","modified_gmt":"2025-03-06T11:21:20","slug":"shomotoyama-jest-inna","status":"publish","type":"product","link":"https:\/\/jnats.eu\/pl\/produkt-2\/shomotoyama-jest-inna\/","title":{"rendered":"Shomotoyama Kiita"},"content":{"rendered":"<p>Pomimo tego, \u017ce jest do\u015b\u0107 wytrzyma\u0142y, Kiita jest \u0142atwa w obs\u0142udze. Kamie\u0144 jest wystarczaj\u0105co dobry, aby wyko\u0144czy\u0107 brzytw\u0119, ale na tyle \u0142atwy w u\u017cyciu, \u017ce nadaje si\u0119 r\u00f3wnie\u017c do no\u017cy. Nie ma potrzeby stosowania nagury ani p\u0142ytki diamentowej, poniewa\u017c kamie\u0144 uwolni swoj\u0105 w\u0142asn\u0105 zawiesin\u0119 i wkr\u00f3tce b\u0119d\u0105 widoczne skrawki wypolerowanego metalu. Jej rozmiar sprawia, \u017ce idealnie sprawdzi si\u0119 podczas pracy brzytw\u0105, ale sprawdzi si\u0119 tak\u017ce przy ostrzeniu wi\u0119kszych narz\u0119dzi. <\/p>\n\n\n\n<p>Shomotoyama zosta\u0142a nazwana na cze\u015b\u0107 kamieni Nakayama i Okudo. W tym przypadku nie mog\u0119 powiedzie\u0107, kt\u00f3ry to m\u00f3j egzemplarz.<\/p>\n\n\n\n<figure class=\"wp-block-embed is-type-video is-provider-youtube wp-block-embed-youtube wp-embed-aspect-16-9 wp-has-aspect-ratio\"><div class=\"wp-block-embed__wrapper\">\n<div class=\"video-container\"><iframe title=\"Yaginoshima Asagi, Nakayama Kiita, Shomotoyama Kiita\" width=\"1170\" height=\"658\" src=\"https:\/\/www.youtube.com\/embed\/BfthwASlRYw?start=204&#038;feature=oembed\" frameborder=\"0\" allow=\"accelerometer; autoplay; clipboard-write; encrypted-media; gyroscope; picture-in-picture; web-share\" referrerpolicy=\"strict-origin-when-cross-origin\" allowfullscreen><\/iframe><\/div>\n<\/div><\/figure>","protected":false},"excerpt":{"rendered":"<ul>\n<li>Nadaje si\u0119 do wyka\u0144czania brzytew, no\u017cy, no\u017cyczek, narz\u0119dzi stolarskich i innych.<\/li>\n<li>Wymiary: 208x77x24 mm<\/li>\n<li>Waga ze stojakiem: 1020 g<\/li>\n<li>Twardo\u015b\u0107: Poz. 4,5<\/li>\n<li>Powierzchnia jest g\u0142adka i gotowa do pracy.<\/li>\n<li>Bezpieczne linie<\/li>\n<li><strong>Nier\u00f3wnomierne zu\u017cycie: rogi na r\u00f3\u017cnych wysoko\u015bciach.<\/strong><\/li>\n<li>Zalecamy prac\u0119 z ciep\u0142\u0105 wod\u0105, poniewa\u017c zimna woda pogarsza szybko\u015b\u0107 i reakcj\u0119.<\/li>\n<\/ul>","protected":false},"featured_media":1875,"comment_status":"open","ping_status":"closed","template":"","meta":[],"product_brand":[],"product_cat":[22],"product_tag":[141,227],"class_list":{"0":"post-1873","1":"product","2":"type-product","3":"status-publish","4":"has-post-thumbnail","6":"product_cat-jnats","7":"product_tag-kiita","8":"product_tag-shomotoyama-kiita","10":"first","11":"outofstock","12":"sale","13":"shipping-taxable","14":"purchasable","15":"product-type-simple"},"_links":{"self":[{"href":"https:\/\/jnats.eu\/pl\/wp-json\/wp\/v2\/product\/1873","targetHints":{"allow":["GET"]}}],"collection":[{"href":"https:\/\/jnats.eu\/pl\/wp-json\/wp\/v2\/product"}],"about":[{"href":"https:\/\/jnats.eu\/pl\/wp-json\/wp\/v2\/types\/product"}],"replies":[{"embeddable":true,"href":"https:\/\/jnats.eu\/pl\/wp-json\/wp\/v2\/comments?post=1873"}],"wp:featuredmedia":[{"embeddable":true,"href":"https:\/\/jnats.eu\/pl\/wp-json\/wp\/v2\/media\/1875"}],"wp:attachment":[{"href":"https:\/\/jnats.eu\/pl\/wp-json\/wp\/v2\/media?parent=1873"}],"wp:term":[{"taxonomy":"product_brand","embeddable":true,"href":"https:\/\/jnats.eu\/pl\/wp-json\/wp\/v2\/product_brand?post=1873"},{"taxonomy":"product_cat","embeddable":true,"href":"https:\/\/jnats.eu\/pl\/wp-json\/wp\/v2\/product_cat?post=1873"},{"taxonomy":"product_tag","embeddable":true,"href":"https:\/\/jnats.eu\/pl\/wp-json\/wp\/v2\/product_tag?post=1873"}],"curies":[{"name":"wp","href":"https:\/\/api.w.org\/{rel}","templated":true}]}}