{"id":1886,"date":"2024-04-22T09:32:44","date_gmt":"2024-04-22T06:32:44","guid":{"rendered":"http:\/\/jnats.eu\/?post_type=product&#038;p=1886"},"modified":"2024-08-19T23:02:13","modified_gmt":"2024-08-19T20:02:13","slug":"masamoto-yamago-tohru-kyoto-wakasho-kitasaka-atsushi","status":"publish","type":"product","link":"https:\/\/jnats.eu\/pl\/produkt-2\/masamoto-yamago-tohru-kyoto-wakasho-kitasaka-atsushi\/","title":{"rendered":"Masamoto Yamago Tohru Kyoto Wakasho Kitasaka Atsushi"},"content":{"rendered":"<ul class=\"wp-block-list\">\n<li>Nadaje si\u0119 do wyka\u0144czania brzytew, no\u017cy, no\u017cyczek, narz\u0119dzi stolarskich i innych.<\/li>\n\n\n\n<li>Wymiary: 192x70x7 mm<\/li>\n\n\n\n<li>Waga z podstawk\u0105: 620 g<\/li>\n\n\n\n<li>Twardo\u015b\u0107: Poz. 4,5<\/li>\n\n\n\n<li>Powierzchnia jest g\u0142adka i gotowa do pracy.<\/li>\n\n\n\n<li>Bezpieczne linie<\/li>\n\n\n\n<li>Zalecamy prac\u0119 z ciep\u0142\u0105 wod\u0105, poniewa\u017c zimna woda pogarsza szybko\u015b\u0107 i reakcj\u0119.<\/li>\n<\/ul>","protected":false},"excerpt":{"rendered":"<ul>\n<li>Nadaje si\u0119 do wyka\u0144czania brzytew, no\u017cy, no\u017cyczek, narz\u0119dzi stolarskich i innych.<\/li>\n<li>Wymiary: 192x70x7 mm<\/li>\n<li>Waga z podstawk\u0105: 620 g<\/li>\n<li>Twardo\u015b\u0107: Poz. 4,5<\/li>\n<li>Powierzchnia jest g\u0142adka i gotowa do pracy.<\/li>\n<li>Bezpieczne linie<\/li>\n<li>Zalecamy prac\u0119 z ciep\u0142\u0105 wod\u0105, poniewa\u017c zimna woda pogarsza szybko\u015b\u0107 i reakcj\u0119.<\/li>\n<\/ul>","protected":false},"featured_media":1888,"comment_status":"open","ping_status":"closed","template":"","meta":[],"product_brand":[],"product_cat":[22],"product_tag":[228],"class_list":{"0":"post-1886","1":"product","2":"type-product","3":"status-publish","4":"has-post-thumbnail","6":"product_cat-jnats","7":"product_tag-masamoto","8":"product_shipping_class-iprastas","10":"first","11":"outofstock","12":"sale","13":"shipping-taxable","14":"purchasable","15":"product-type-simple"},"_links":{"self":[{"href":"https:\/\/jnats.eu\/pl\/wp-json\/wp\/v2\/product\/1886","targetHints":{"allow":["GET"]}}],"collection":[{"href":"https:\/\/jnats.eu\/pl\/wp-json\/wp\/v2\/product"}],"about":[{"href":"https:\/\/jnats.eu\/pl\/wp-json\/wp\/v2\/types\/product"}],"replies":[{"embeddable":true,"href":"https:\/\/jnats.eu\/pl\/wp-json\/wp\/v2\/comments?post=1886"}],"wp:featuredmedia":[{"embeddable":true,"href":"https:\/\/jnats.eu\/pl\/wp-json\/wp\/v2\/media\/1888"}],"wp:attachment":[{"href":"https:\/\/jnats.eu\/pl\/wp-json\/wp\/v2\/media?parent=1886"}],"wp:term":[{"taxonomy":"product_brand","embeddable":true,"href":"https:\/\/jnats.eu\/pl\/wp-json\/wp\/v2\/product_brand?post=1886"},{"taxonomy":"product_cat","embeddable":true,"href":"https:\/\/jnats.eu\/pl\/wp-json\/wp\/v2\/product_cat?post=1886"},{"taxonomy":"product_tag","embeddable":true,"href":"https:\/\/jnats.eu\/pl\/wp-json\/wp\/v2\/product_tag?post=1886"}],"curies":[{"name":"wp","href":"https:\/\/api.w.org\/{rel}","templated":true}]}}