{"id":1893,"date":"2024-04-22T09:51:46","date_gmt":"2024-04-22T06:51:46","guid":{"rendered":"http:\/\/jnats.eu\/?post_type=product&#038;p=1893"},"modified":"2024-09-15T12:00:18","modified_gmt":"2024-09-15T09:00:18","slug":"maruoyama-tomae-japonski-kamien-wykonczeniowy-do-ostrzenia","status":"publish","type":"product","link":"https:\/\/jnats.eu\/pl\/produkt-2\/maruoyama-tomae-japonski-kamien-wykonczeniowy-do-ostrzenia\/","title":{"rendered":"Japo\u0144ski kamie\u0144 wyko\u0144czeniowy do ostrzenia Maruoyama Tomae"},"content":{"rendered":"<p>Pomimo swoich rozmiar\u00f3w, ta koppa jest doskona\u0142ym przyk\u0142adem japo\u0144skiego kamienia wyko\u0144czeniowego do ostrzenia firmy Maruo. Nie jest zbyt twardy, niezbyt delikatny i nadaje si\u0119 do r\u00f3\u017cnych zastosowa\u0144. Zako\u0144czy ostrzenie no\u017cy kuchennych oraz pos\u0142u\u017cy jako wyka\u0144czacz narz\u0119dzi i brzytew. Rozmiar ten idealnie nadaje si\u0119 do maszynek do golenia, ale mo\u017cna go r\u00f3wnie\u017c u\u017cywa\u0107 do polerowania no\u017cy kuchennych, nawet tych du\u017cych. Mimo to nie by\u0142by to m\u00f3j pierwszy wyb\u00f3r rozmiaru narz\u0119dzi i no\u017cy. <\/p>\n\n\n\n<p>\u017badnych linii ani wtr\u0105ce\u0144, o kt\u00f3re trzeba si\u0119 martwi\u0107. Ten kamie\u0144 jest zapiecz\u0119towany.<\/p>\n\n\n\n<p><strong>Maruo (\u4e38\u5c3e\u5c71, Maruoyama)<\/strong><br>Jedna z niewielu wci\u0105\u017c dzia\u0142aj\u0105cych japo\u0144skich kopalni kamienia wyka\u0144czaj\u0105cego. ta zachodnia kopalnia s\u0142ynie z mi\u0119kkiego stroju shiro. Kopalnia ta jest r\u00f3wnie\u017c dobrze ceniona ze wzgl\u0119du na z\u0142o\u017ca shiki uchigumori (tenjyou suita), ao suita i aisa. Kiedy\u015b powszechnie dost\u0119pne i stosunkowo tanie, zwi\u0119kszony popyt przewy\u017cszy\u0142 poda\u017c, przez co kamienie te by\u0142y trudniejsze do zdobycia, a obecnie znacznie dro\u017csze ni\u017c kilka lat temu. Jednak bior\u0105c pod uwag\u0119 wszystkie zalety, s\u0105 one do\u015b\u0107 przyst\u0119pne.<\/p>","protected":false},"excerpt":{"rendered":"<ul>\n<li>Nadaje si\u0119 do wyka\u0144czania brzytew, no\u017cy, no\u017cyczek, narz\u0119dzi stolarskich i innych.<\/li>\n<li>Wymiary: 153x75x21 mm<\/li>\n<li>Waga ze stojakiem: 940 g<\/li>\n<li>Twardo\u015b\u0107: Poziom 4<\/li>\n<li>Powierzchnia jest g\u0142adka i gotowa do pracy<\/li>\n<li>Zalecamy prac\u0119 z ciep\u0142\u0105 wod\u0105, poniewa\u017c zimna woda pogarsza szybko\u015b\u0107 i reakcj\u0119.<\/li>\n<\/ul>","protected":false},"featured_media":1897,"comment_status":"open","ping_status":"closed","template":"","meta":[],"product_brand":[],"product_cat":[22],"product_tag":[234,233],"class_list":{"0":"post-1893","1":"product","2":"type-product","3":"status-publish","4":"has-post-thumbnail","6":"product_cat-jnats","7":"product_tag-maruo","8":"product_tag-maruoyama","9":"product_shipping_class-iprastas","11":"first","12":"outofstock","13":"shipping-taxable","14":"purchasable","15":"product-type-simple"},"_links":{"self":[{"href":"https:\/\/jnats.eu\/pl\/wp-json\/wp\/v2\/product\/1893","targetHints":{"allow":["GET"]}}],"collection":[{"href":"https:\/\/jnats.eu\/pl\/wp-json\/wp\/v2\/product"}],"about":[{"href":"https:\/\/jnats.eu\/pl\/wp-json\/wp\/v2\/types\/product"}],"replies":[{"embeddable":true,"href":"https:\/\/jnats.eu\/pl\/wp-json\/wp\/v2\/comments?post=1893"}],"wp:featuredmedia":[{"embeddable":true,"href":"https:\/\/jnats.eu\/pl\/wp-json\/wp\/v2\/media\/1897"}],"wp:attachment":[{"href":"https:\/\/jnats.eu\/pl\/wp-json\/wp\/v2\/media?parent=1893"}],"wp:term":[{"taxonomy":"product_brand","embeddable":true,"href":"https:\/\/jnats.eu\/pl\/wp-json\/wp\/v2\/product_brand?post=1893"},{"taxonomy":"product_cat","embeddable":true,"href":"https:\/\/jnats.eu\/pl\/wp-json\/wp\/v2\/product_cat?post=1893"},{"taxonomy":"product_tag","embeddable":true,"href":"https:\/\/jnats.eu\/pl\/wp-json\/wp\/v2\/product_tag?post=1893"}],"curies":[{"name":"wp","href":"https:\/\/api.w.org\/{rel}","templated":true}]}}