{"id":1899,"date":"2024-04-22T10:03:17","date_gmt":"2024-04-22T07:03:17","guid":{"rendered":"http:\/\/jnats.eu\/?post_type=product&#038;p=1899"},"modified":"2026-02-13T11:06:39","modified_gmt":"2026-02-13T09:06:39","slug":"shohonyama-ohira-czerwony-japonski-kamien-naturalny-do-ostrzenia","status":"publish","type":"product","link":"https:\/\/jnats.eu\/pl\/produkt-2\/shohonyama-ohira-czerwony-japonski-kamien-naturalny-do-ostrzenia\/","title":{"rendered":"Shohonyama Ohira Red Japo\u0144ski kamie\u0144 naturalny do ostrzenia"},"content":{"rendered":"<p>To jest Shohonyama Red Ohira Ipponsen z Kioto. Do wyka\u0144czania no\u017cy i narz\u0119dzi stolarskich. Czerwona Ohira jest jedn\u0105 z najlepszych i najcenniejszych w tej kopalni. Ta czerwona Ohira, o pi\u0119knej r\u00f3\u017cowej gradacji, prezentuje uderzaj\u0105ce oblicze. Mi\u0119kka, moc \u015bcierna jest ca\u0142kiem dobra. Proces ostrzenia jest bardzo p\u0142ynny, drobna zawiesina jest uwalniana do\u015b\u0107 szybko, \u0142atwa do ostrzenia. Powierzchnia g\u0142adka, bez \u017cadnych \u201etoksycznych\u201d linii czy wtr\u0105ce\u0144. <\/p>\n\n\n\n<figure class=\"wp-block-embed is-type-video is-provider-youtube wp-block-embed-youtube wp-embed-aspect-16-9 wp-has-aspect-ratio\"><div class=\"wp-block-embed__wrapper\">\n<div class=\"video-container\"><iframe title=\"Recenzja no\u017ca XINZUO | Sprzedawany jako Kamazaki na Litwie | Heimcut w Rosji\" width=\"1170\" height=\"658\" src=\"https:\/\/www.youtube.com\/embed\/htGmVVVoAwg?start=184&feature=oembed\" frameborder=\"0\" allow=\"accelerometer; autoplay; clipboard-write; encrypted-media; gyroscope; picture-in-picture; web-share\" referrerpolicy=\"strict-origin-when-cross-origin\" allowfullscreen><\/iframe><\/div>\n<\/div><\/figure>\n\n\n\n<p>Nale\u017cy pami\u0119ta\u0107, \u017ce japo\u0144skie naturalne kamienie do ostrzenia mog\u0105 nie spodoba\u0107 si\u0119 pocz\u0105tkuj\u0105cym ostrza\u0142om, poniewa\u017c s\u0105 trudniejsze w u\u017cyciu i dzia\u0142aj\u0105 wolniej ni\u017c sztuczne. S\u0105 to kamienie naturalne, wi\u0119c ka\u017cdy jest inny, wi\u0119c moje pomiary nie s\u0105 dok\u0142adne. To inwestycja na ca\u0142e \u017cycie dla os\u00f3b, kt\u00f3re ostrz\u0105 swoje no\u017ce i narz\u0119dzia. <\/p>\n\n\n\n<p>Zach\u0119camy do zadawania pyta\u0144, je\u015bli je macie.<\/p>","protected":false},"excerpt":{"rendered":"<ul>\n<li>Nadaje si\u0119 do wyka\u0144czania no\u017cy, no\u017cyczek, narz\u0119dzi stolarskich i innych.<\/li>\n<li>Wymiary: 206x75x36 mm<\/li>\n<li>Waga ze stojakiem: 1880 g<\/li>\n<li>Twardo\u015b\u0107: Poziom 4<\/li>\n<li>Powierzchnia jest g\u0142adka i gotowa do pracy<\/li>\n<li>Zalecamy prac\u0119 z ciep\u0142\u0105 wod\u0105, poniewa\u017c zimna woda pogarsza szybko\u015b\u0107 pracy i reakcj\u0119.<\/li>\n<\/ul>","protected":false},"featured_media":1903,"comment_status":"open","ping_status":"closed","template":"","meta":[],"product_brand":[],"product_cat":[22],"product_tag":[47,235],"class_list":{"0":"post-1899","1":"product","2":"type-product","3":"status-publish","4":"has-post-thumbnail","6":"product_cat-jnats","7":"product_tag-ohira","8":"product_tag-shohonyama","9":"product_shipping_class-iprastas","11":"first","12":"instock","13":"shipping-taxable","14":"purchasable","15":"product-type-simple"},"_links":{"self":[{"href":"https:\/\/jnats.eu\/pl\/wp-json\/wp\/v2\/product\/1899","targetHints":{"allow":["GET"]}}],"collection":[{"href":"https:\/\/jnats.eu\/pl\/wp-json\/wp\/v2\/product"}],"about":[{"href":"https:\/\/jnats.eu\/pl\/wp-json\/wp\/v2\/types\/product"}],"replies":[{"embeddable":true,"href":"https:\/\/jnats.eu\/pl\/wp-json\/wp\/v2\/comments?post=1899"}],"wp:featuredmedia":[{"embeddable":true,"href":"https:\/\/jnats.eu\/pl\/wp-json\/wp\/v2\/media\/1903"}],"wp:attachment":[{"href":"https:\/\/jnats.eu\/pl\/wp-json\/wp\/v2\/media?parent=1899"}],"wp:term":[{"taxonomy":"product_brand","embeddable":true,"href":"https:\/\/jnats.eu\/pl\/wp-json\/wp\/v2\/product_brand?post=1899"},{"taxonomy":"product_cat","embeddable":true,"href":"https:\/\/jnats.eu\/pl\/wp-json\/wp\/v2\/product_cat?post=1899"},{"taxonomy":"product_tag","embeddable":true,"href":"https:\/\/jnats.eu\/pl\/wp-json\/wp\/v2\/product_tag?post=1899"}],"curies":[{"name":"wp","href":"https:\/\/api.w.org\/{rel}","templated":true}]}}