{"id":1905,"date":"2024-04-22T10:14:02","date_gmt":"2024-04-22T07:14:02","guid":{"rendered":"http:\/\/jnats.eu\/?post_type=product&#038;p=1905"},"modified":"2024-04-22T10:14:04","modified_gmt":"2024-04-22T07:14:04","slug":"okudo-asagi-japonski-kamien-naturalny-do-ostrzenia","status":"publish","type":"product","link":"https:\/\/jnats.eu\/pl\/produkt-2\/okudo-asagi-japonski-kamien-naturalny-do-ostrzenia\/","title":{"rendered":"Okudo Asagi Japo\u0144ski naturalny kamie\u0144 do ostrzenia"},"content":{"rendered":"<p>Kamie\u0144 ten jest zaskakuj\u0105co elastyczny i nadaje si\u0119 do wyko\u0144czenia ka\u017cdego narz\u0119dzia. Bardzo szybko miele wszystkie rodzaje stali i doskonale nadaje si\u0119 do wyka\u0144czania maszynek do golenia, no\u017cy kuchennych i narz\u0119dzi. <\/p>\n\n\n\n<p>\u0141adny szary z delikatnymi ciemniejszymi liniami Asagi od Okudo. Kamie\u0144 przyklejony jest do drewnianej podstawki. <\/p>\n\n\n\n<p><strong>Okudo (\u5965\u6bbf)<\/strong><br>Kopalnia Wschodnia s\u0142yn\u0105ca z kompletu i innych kamieni wyko\u0144czeniowych. Zwykle s\u0105 bardzo twarde, do\u015b\u0107 ma\u0142e i do\u015b\u0107 szybkie. Autentyczne kamienie Okudo s\u0105 zwykle bardzo drogie i rzadkie, a znalezienie takiego z autentycznymi piecz\u0119ciami staje si\u0119 prawie niemo\u017cliwe.<\/p>","protected":false},"excerpt":{"rendered":"<ul>\n<li>Nadaje si\u0119 do wyka\u0144czania brzytew, no\u017cy, no\u017cyczek, narz\u0119dzi stolarskich i innych.<\/li>\n<li>Wymiary: 206x78x35 mm<\/li>\n<li>Waga ze stojakiem: 1550 g<\/li>\n<li>Wytrzyma\u0142o\u015b\u0107: Poz. 5<\/li>\n<li>Powierzchnia jest g\u0142adka i gotowa do pracy<\/li>\n<li>Zalecamy prac\u0119 z ciep\u0142\u0105 wod\u0105, poniewa\u017c zimna woda pogarsza szybko\u015b\u0107 pracy i reakcj\u0119.<\/li>\n<\/ul>","protected":false},"featured_media":1912,"comment_status":"open","ping_status":"closed","template":"","meta":[],"product_brand":[],"product_cat":[22],"product_tag":[45,142],"class_list":{"0":"post-1905","1":"product","2":"type-product","3":"status-publish","4":"has-post-thumbnail","6":"product_cat-jnats","7":"product_tag-asagi","8":"product_tag-okudo","9":"product_shipping_class-iprastas","11":"first","12":"instock","13":"shipping-taxable","14":"purchasable","15":"product-type-simple"},"_links":{"self":[{"href":"https:\/\/jnats.eu\/pl\/wp-json\/wp\/v2\/product\/1905","targetHints":{"allow":["GET"]}}],"collection":[{"href":"https:\/\/jnats.eu\/pl\/wp-json\/wp\/v2\/product"}],"about":[{"href":"https:\/\/jnats.eu\/pl\/wp-json\/wp\/v2\/types\/product"}],"replies":[{"embeddable":true,"href":"https:\/\/jnats.eu\/pl\/wp-json\/wp\/v2\/comments?post=1905"}],"wp:featuredmedia":[{"embeddable":true,"href":"https:\/\/jnats.eu\/pl\/wp-json\/wp\/v2\/media\/1912"}],"wp:attachment":[{"href":"https:\/\/jnats.eu\/pl\/wp-json\/wp\/v2\/media?parent=1905"}],"wp:term":[{"taxonomy":"product_brand","embeddable":true,"href":"https:\/\/jnats.eu\/pl\/wp-json\/wp\/v2\/product_brand?post=1905"},{"taxonomy":"product_cat","embeddable":true,"href":"https:\/\/jnats.eu\/pl\/wp-json\/wp\/v2\/product_cat?post=1905"},{"taxonomy":"product_tag","embeddable":true,"href":"https:\/\/jnats.eu\/pl\/wp-json\/wp\/v2\/product_tag?post=1905"}],"curies":[{"name":"wp","href":"https:\/\/api.w.org\/{rel}","templated":true}]}}