{"id":1913,"date":"2024-04-22T10:25:49","date_gmt":"2024-04-22T07:25:49","guid":{"rendered":"http:\/\/jnats.eu\/?post_type=product&#038;p=1913"},"modified":"2024-05-15T14:29:24","modified_gmt":"2024-05-15T11:29:24","slug":"okudo-honsu-hanashi-jisu-suita","status":"publish","type":"product","link":"https:\/\/jnats.eu\/pl\/produkt-2\/okudo-honsu-hanashi-jisu-suita\/","title":{"rendered":"Okudo Honsu Hanashi Jisu Suita"},"content":{"rendered":"<p>Kamie\u0144 ten jest twardy i delikatny, ale ma doskona\u0142e wyczucie i szybko\u015b\u0107 ostrzenia. Nie wydziela szlamu, dlatego polecam nagur lub p\u0142ytk\u0119 diamentow\u0105 do przyspieszenia polerowania no\u017cy. Podczas pracy ostrzem na tym kamieniu szybko nagromadzi si\u0119 czarna pozosta\u0142o\u015b\u0107. <\/p>\n\n\n\n<p>Kamie\u0144 ten dobrze wsp\u00f3\u0142pracuje r\u00f3wnie\u017c z narz\u0119dziami stolarskimi takimi jak d\u0142uta i strugi.<\/p>\n\n\n\n<p><strong>Okudo (\u5965\u6bbf)<\/strong><br>Kopalnia Wschodnia, s\u0142yn\u0105ca z apartamentowca. Kamienie te s\u0105 cz\u0119sto okre\u015blane mianem \u201ekr\u00f3la kolor\u00f3w\u201d i s\u0105 prawdopodobnie najbardziej poszukiwanymi kamieniami tego typu. Zwykle s\u0105 bardzo twarde, do\u015b\u0107 ma\u0142e i szybkie. Autentyczne kamienie Okudo s\u0105 zazwyczaj bardzo drogie i rzadko dost\u0119pne.<\/p>","protected":false},"excerpt":{"rendered":"<ul>\n<li>Nadaje si\u0119 do wyka\u0144czania no\u017cy, no\u017cyczek, narz\u0119dzi stolarskich i innych.<\/li>\n<li>Wymiary: 207x78x15 mm<\/li>\n<li>Waga: 660 g<\/li>\n<li>Twardo\u015b\u0107: Poz. 4,5<\/li>\n<li>linie s\u0105 bezpieczne<\/li>\n<li>Powierzchnia jest g\u0142adka i gotowa do pracy<\/li>\n<li>Zalecamy prac\u0119 z ciep\u0142\u0105 wod\u0105, poniewa\u017c zimna woda pogarsza szybko\u015b\u0107 pracy i reakcj\u0119.<\/li>\n<\/ul>","protected":false},"featured_media":1916,"comment_status":"open","ping_status":"closed","template":"","meta":[],"product_brand":[],"product_cat":[22],"product_tag":[142,50],"class_list":{"0":"post-1913","1":"product","2":"type-product","3":"status-publish","4":"has-post-thumbnail","6":"product_cat-jnats","7":"product_tag-okudo","8":"product_tag-suita","9":"product_shipping_class-iprastas","11":"first","12":"outofstock","13":"shipping-taxable","14":"purchasable","15":"product-type-simple"},"_links":{"self":[{"href":"https:\/\/jnats.eu\/pl\/wp-json\/wp\/v2\/product\/1913","targetHints":{"allow":["GET"]}}],"collection":[{"href":"https:\/\/jnats.eu\/pl\/wp-json\/wp\/v2\/product"}],"about":[{"href":"https:\/\/jnats.eu\/pl\/wp-json\/wp\/v2\/types\/product"}],"replies":[{"embeddable":true,"href":"https:\/\/jnats.eu\/pl\/wp-json\/wp\/v2\/comments?post=1913"}],"wp:featuredmedia":[{"embeddable":true,"href":"https:\/\/jnats.eu\/pl\/wp-json\/wp\/v2\/media\/1916"}],"wp:attachment":[{"href":"https:\/\/jnats.eu\/pl\/wp-json\/wp\/v2\/media?parent=1913"}],"wp:term":[{"taxonomy":"product_brand","embeddable":true,"href":"https:\/\/jnats.eu\/pl\/wp-json\/wp\/v2\/product_brand?post=1913"},{"taxonomy":"product_cat","embeddable":true,"href":"https:\/\/jnats.eu\/pl\/wp-json\/wp\/v2\/product_cat?post=1913"},{"taxonomy":"product_tag","embeddable":true,"href":"https:\/\/jnats.eu\/pl\/wp-json\/wp\/v2\/product_tag?post=1913"}],"curies":[{"name":"wp","href":"https:\/\/api.w.org\/{rel}","templated":true}]}}