{"id":1919,"date":"2024-04-22T10:35:33","date_gmt":"2024-04-22T07:35:33","guid":{"rendered":"http:\/\/jnats.eu\/?post_type=product&#038;p=1919"},"modified":"2025-01-21T18:15:52","modified_gmt":"2025-01-21T16:15:52","slug":"nakayama-tomae-iromono-japonski-kamien-naturalny-do-ostrzenia","status":"publish","type":"product","link":"https:\/\/jnats.eu\/pl\/produkt-2\/nakayama-tomae-iromono-japonski-kamien-naturalny-do-ostrzenia\/","title":{"rendered":"Nakayama Tomae Iromono Japo\u0144ski naturalny kamie\u0144 do ostrzenia"},"content":{"rendered":"<p>Ten pi\u0119kny Nakayama ironono to twardy i doskona\u0142y japo\u0144ski kamie\u0144 naturalny do wyka\u0144czania ostrzenia wszelkich narz\u0119dzi. Jest najlepszy dla os\u00f3b z wi\u0119kszym do\u015bwiadczeniem, ale mo\u017cna go po\u0142\u0105czy\u0107 z nagur\u0105, aby uzyska\u0107 bardziej przyjazne dla u\u017cytkownika wra\u017cenia. Tekstura jest bardzo cienka (10 tys.+), a po\u0142ysk ma tendencj\u0119 do lustrzanego odbicia. <\/p>\n\n\n\n<p><strong>Nakayama (\u4e2d\u5c71)<\/strong><\/p>\n\n\n\n<p>Ta wschodnia kopalnia s\u0142ynie z kamieni wyko\u0144czeniowych awasedo i jest prawdopodobnie najbardziej poszukiwan\u0105 w\u015br\u00f3d profesjonalist\u00f3w i hobbyst\u00f3w zajmuj\u0105cych si\u0119 ostrzeniem. W por\u00f3wnaniu do kamieni o podobnej twardo\u015bci i czysto\u015bci z innych kopalni, kamienie Nakayama znane s\u0105 z przyjemniejszego wra\u017cenia ostrzenia i du\u017cej szybko\u015bci pracy. Szczeg\u00f3lnie cenione s\u0105 kamienie wielowarstwowe (Hondomae, Shikitomae) i inne. <\/p>","protected":false},"excerpt":{"rendered":"<ul>\n<li>Nadaje si\u0119 do wyka\u0144czania brzytew, no\u017cy, no\u017cyczek, narz\u0119dzi stolarskich i innych.<\/li>\n<li>Wymiary: 141x90x32 mm<\/li>\n<li>Waga: 900 g<\/li>\n<li>Twardo\u015b\u0107: Poz. 4,7<\/li>\n<li>Powierzchnia jest g\u0142adka i gotowa do pracy<\/li>\n<li>Zalecamy prac\u0119 z ciep\u0142\u0105 wod\u0105, poniewa\u017c zimna woda pogarsza szybko\u015b\u0107 pracy i reakcj\u0119.<\/li>\n<\/ul>","protected":false},"featured_media":1921,"comment_status":"open","ping_status":"closed","template":"","meta":[],"product_brand":[],"product_cat":[22],"product_tag":[41,49,67],"class_list":{"0":"post-1919","1":"product","2":"type-product","3":"status-publish","4":"has-post-thumbnail","6":"product_cat-jnats","7":"product_tag-iromono","8":"product_tag-nakayama","9":"product_tag-tomae","10":"product_shipping_class-iprastas","12":"first","13":"outofstock","14":"shipping-taxable","15":"purchasable","16":"product-type-simple"},"_links":{"self":[{"href":"https:\/\/jnats.eu\/pl\/wp-json\/wp\/v2\/product\/1919","targetHints":{"allow":["GET"]}}],"collection":[{"href":"https:\/\/jnats.eu\/pl\/wp-json\/wp\/v2\/product"}],"about":[{"href":"https:\/\/jnats.eu\/pl\/wp-json\/wp\/v2\/types\/product"}],"replies":[{"embeddable":true,"href":"https:\/\/jnats.eu\/pl\/wp-json\/wp\/v2\/comments?post=1919"}],"wp:featuredmedia":[{"embeddable":true,"href":"https:\/\/jnats.eu\/pl\/wp-json\/wp\/v2\/media\/1921"}],"wp:attachment":[{"href":"https:\/\/jnats.eu\/pl\/wp-json\/wp\/v2\/media?parent=1919"}],"wp:term":[{"taxonomy":"product_brand","embeddable":true,"href":"https:\/\/jnats.eu\/pl\/wp-json\/wp\/v2\/product_brand?post=1919"},{"taxonomy":"product_cat","embeddable":true,"href":"https:\/\/jnats.eu\/pl\/wp-json\/wp\/v2\/product_cat?post=1919"},{"taxonomy":"product_tag","embeddable":true,"href":"https:\/\/jnats.eu\/pl\/wp-json\/wp\/v2\/product_tag?post=1919"}],"curies":[{"name":"wp","href":"https:\/\/api.w.org\/{rel}","templated":true}]}}