{"id":192,"date":"2024-02-25T13:37:39","date_gmt":"2024-02-25T11:37:39","guid":{"rendered":"http:\/\/jnats.eu\/?post_type=product&#038;p=192"},"modified":"2024-07-20T04:48:16","modified_gmt":"2024-07-20T01:48:16","slug":"hybryda-shobudani-karasu-suita","status":"publish","type":"product","link":"https:\/\/jnats.eu\/pl\/produkt-2\/hybryda-shobudani-karasu-suita\/","title":{"rendered":"Shobudani Karasu Suita Hybrid Japo\u0144ski naturalny kamie\u0144 do ostrzenia"},"content":{"rendered":"<p>Wyj\u0105tkowy tw\u00f3r natury: Shobudani Karasu Suita Hybrid urzeka jednolit\u0105 struktur\u0105 z \u201ewronami\u201d i \u201ekwiatami lotosu\u201d. Strona karasu jest idealna do wyka\u0144czania maszynki do golenia. Oczywi\u015bcie bez problemu poradzi sobie z no\u017cami i innymi narz\u0119dziami. Strona apartamentu jest nieco bardziej szorstka. Podobny kamie\u0144 o regularnym kszta\u0142cie kosztowa\u0142by kilka tysi\u0119cy euro.<\/p>\n\n\n\n<p><\/p>\n\n\n\n<ul class=\"wp-block-list\">\n<li><strong>Twardo\u015b\u0107: Poz. 4,8<\/strong><\/li>\n\n\n\n<li><strong>Wymiary (w przybli\u017ceniu): 180x100x40 mm<\/strong><\/li>\n\n\n\n<li><strong>Waga (ze stojakiem): 1540 g.<\/strong><\/li>\n\n\n\n<li><strong>Fajny<strong>, szybka praca<\/strong> kamie\u0144 o jednorodnej strukturze. \u017by\u0142ki s\u0105 ca\u0142kowicie bezpieczne i nie sprawiaj\u0105 wra\u017cenia ostrych. Idealny do wyka\u0144czania brzytew, no\u017cy, narz\u0119dzi stolarskich i innych.&nbsp;<\/strong><\/li>\n<\/ul>\n\n\n\n<p>Naturalne kamienie japo\u0144skie nie brudz\u0105 si\u0119 podczas pracy, nie tworz\u0105 blokady, ostrze wytrzymuje d\u0142u\u017cej, ale maksymalna ostro\u015b\u0107 jest nieco gorsza od sztucznych.<\/p>\n\n\n\n<figure class=\"wp-block-embed is-type-video is-provider-youtube wp-block-embed-youtube wp-embed-aspect-16-9 wp-has-aspect-ratio\"><div class=\"wp-block-embed__wrapper\">\n<div class=\"video-container\"><iframe title=\"Ostrzenie no\u017ca z japo\u0144skimi naturalnymi ose\u0142kami: Shobudani Suita-Karasu, Ohira, Nakayama Maruka\" width=\"1170\" height=\"658\" src=\"https:\/\/www.youtube.com\/embed\/SqtxWfIvc8M?feature=oembed\" frameborder=\"0\" allow=\"accelerometer; autoplay; clipboard-write; encrypted-media; gyroscope; picture-in-picture; web-share\" referrerpolicy=\"strict-origin-when-cross-origin\" allowfullscreen><\/iframe><\/div>\n<\/div><\/figure>","protected":false},"excerpt":{"rendered":"<p><!-- wp:list --><\/p>\n<ul><!-- wp:list-item --><\/p>\n<li><strong>Twardo\u015b\u0107: Poz. 4,8<\/strong><\/li>\n<p><!-- \/wp:list-item --><\/p>\n<p><!-- wp:list-item --><\/p>\n<li><strong>Wymiary (w przybli\u017ceniu): 180x100x40 mm<\/strong><\/li>\n<p><!-- \/wp:list-item --><\/p>\n<p><!-- wp:list-item --><\/p>\n<li><strong>Waga (ze stojakiem): 1540 g.<\/strong><\/li>\n<p><!-- \/wp:list-item --><\/p>\n<p><!-- wp:list-item --><\/p>\n<li><strong>Twardy, szybko pracuj\u0105cy kamie\u0144 o jednorodnej strukturze. \u017by\u0142ki s\u0105 ca\u0142kowicie bezpieczne i nie sprawiaj\u0105 wra\u017cenia ostrych. Idealny do wyka\u0144czania brzytew, no\u017cy, narz\u0119dzi stolarskich i innych.\u00a0<\/strong><\/li>\n<p><!-- \/wp:list-item --><\/ul>\n<p><!-- \/wp:list --><\/p>","protected":false},"featured_media":1179,"comment_status":"open","ping_status":"closed","template":"","meta":[],"product_brand":[],"product_cat":[22],"product_tag":[57,44,56,50],"class_list":{"0":"post-192","1":"product","2":"type-product","3":"status-publish","4":"has-post-thumbnail","6":"product_cat-jnats","7":"product_tag-karasu","8":"product_tag-shobudani","9":"product_tag-shobudani-karasu-suita","10":"product_tag-suita","11":"product_shipping_class-iprastas","13":"first","14":"outofstock","15":"sale","16":"shipping-taxable","17":"purchasable","18":"product-type-simple"},"_links":{"self":[{"href":"https:\/\/jnats.eu\/pl\/wp-json\/wp\/v2\/product\/192","targetHints":{"allow":["GET"]}}],"collection":[{"href":"https:\/\/jnats.eu\/pl\/wp-json\/wp\/v2\/product"}],"about":[{"href":"https:\/\/jnats.eu\/pl\/wp-json\/wp\/v2\/types\/product"}],"replies":[{"embeddable":true,"href":"https:\/\/jnats.eu\/pl\/wp-json\/wp\/v2\/comments?post=192"}],"wp:featuredmedia":[{"embeddable":true,"href":"https:\/\/jnats.eu\/pl\/wp-json\/wp\/v2\/media\/1179"}],"wp:attachment":[{"href":"https:\/\/jnats.eu\/pl\/wp-json\/wp\/v2\/media?parent=192"}],"wp:term":[{"taxonomy":"product_brand","embeddable":true,"href":"https:\/\/jnats.eu\/pl\/wp-json\/wp\/v2\/product_brand?post=192"},{"taxonomy":"product_cat","embeddable":true,"href":"https:\/\/jnats.eu\/pl\/wp-json\/wp\/v2\/product_cat?post=192"},{"taxonomy":"product_tag","embeddable":true,"href":"https:\/\/jnats.eu\/pl\/wp-json\/wp\/v2\/product_tag?post=192"}],"curies":[{"name":"wp","href":"https:\/\/api.w.org\/{rel}","templated":true}]}}