{"id":1945,"date":"2024-04-23T10:06:17","date_gmt":"2024-04-23T07:06:17","guid":{"rendered":"http:\/\/jnats.eu\/?post_type=product&#038;p=1945"},"modified":"2024-06-29T15:55:34","modified_gmt":"2024-06-29T12:55:34","slug":"apartament-okudo-tenjyou","status":"publish","type":"product","link":"https:\/\/jnats.eu\/pl\/produkt-2\/apartament-okudo-tenjyou\/","title":{"rendered":"Apartament Okudo Tenjyou"},"content":{"rendered":"<p>Kamie\u0144 ten jest twardy i delikatny, ale ma doskona\u0142e wyczucie i szybko\u015b\u0107 ostrzenia. Nie tworzy zawiesiny, dlatego zalecamy u\u017cycie nagury, aby przyspieszy\u0107 polerowanie no\u017cy. I odwrotnie, podczas pracy ostrzem z kamieniem szybko gromadz\u0105 si\u0119 odpady czarnego metalu. Przy odpowiedniej cierpliwo\u015bci i technice kamienie pozostawiaj\u0105 b\u0142yszcz\u0105ce, wyrafinowane kasumi zar\u00f3wno na mi\u0119kkim laminacie, jak i na twardej stali rdzeniowej. <\/p>\n\n\n\n<p>Ostrze jest do\u015b\u0107 nieagresywne, ale doskonale sprawdza si\u0119 w no\u017cach kuchennych. Kamie\u0144 ten dobrze komponuje si\u0119 tak\u017ce z narz\u0119dziami stolarskimi, m.in. do d\u0142ut i strugarek oraz stanowi doskona\u0142y preparat do wst\u0119pnego przygotowania maszynki do golenia. W przypadku maszynek do golenia, narz\u0119dzi i polerowania nie zalecamy u\u017cywania tarczy diamentowej, poniewa\u017c zauwa\u017cy\u0142em, \u017ce zawieszenie jest nier\u00f3wne i nie tak dobre, jak bym chcia\u0142. <\/p>\n\n\n\n<p>Ma\u0142y kamie\u0144 doskonale spe\u0142ni swoje zadanie i jest znacznie ta\u0144szy ni\u017c pe\u0142nowymiarowy kamie\u0144 o podobnej jako\u015bci. Obecnie kamie\u0144 jest w kolorze \u017c\u00f3\u0142to-bia\u0142ym. G\u0142\u0119biej po bokach niewiele wida\u0107 <em>Z<\/em> (dziury) i brak toksycznych linii. Istnieje r\u00f3wnie\u017c rzadki wz\u00f3r renge i namazu.<\/p>\n\n\n\n<p><strong>Okudo (\u5965\u6bbf)<\/strong><br>Kopalnia Wschodnia, s\u0142yn\u0105ca z apartamentowca. Kamienie te s\u0105 cz\u0119sto okre\u015blane mianem \u201ekr\u00f3la kolor\u00f3w\u201d i by\u0107 mo\u017ce s\u0105 najbardziej poszukiwane w\u015br\u00f3d swoich \u201ekoleg\u00f3w\u201d. Zwykle s\u0105 bardzo twarde, do\u015b\u0107 ma\u0142e i szybkie. Autentyczne kamienie Okudo s\u0105 zazwyczaj bardzo drogie i rzadko dost\u0119pne.<\/p>\n\n\n\n<figure class=\"wp-block-embed is-type-video is-provider-youtube wp-block-embed-youtube wp-embed-aspect-16-9 wp-has-aspect-ratio\"><div class=\"wp-block-embed__wrapper\">\n<div class=\"video-container\"><iframe title=\"Okudo Tenjyou Suita, Okudo Black Lotus Shiro Suita, Ohira Renge Suita, Atago Shiro Suita\" width=\"1170\" height=\"658\" src=\"https:\/\/www.youtube.com\/embed\/rH67SY_9N9o?start=526&#038;feature=oembed\" frameborder=\"0\" allow=\"accelerometer; autoplay; clipboard-write; encrypted-media; gyroscope; picture-in-picture; web-share\" referrerpolicy=\"strict-origin-when-cross-origin\" allowfullscreen><\/iframe><\/div>\n<\/div><\/figure>","protected":false},"excerpt":{"rendered":"<ul>\n<li>Nadaje si\u0119 do wyka\u0144czania no\u017cy, no\u017cyczek, narz\u0119dzi stolarskich i innych.<\/li>\n<li>Wymiary: 155x63x16mm<\/li>\n<li>Waga: 740 g<\/li>\n<li>Twardo\u015b\u0107: Poz. 4,8<\/li>\n<li>Bezpieczne linie<\/li>\n<li>Powierzchnia jest g\u0142adka i gotowa do pracy<\/li>\n<li>Zalecamy prac\u0119 z ciep\u0142\u0105 wod\u0105, poniewa\u017c zimna woda pogarsza szybko\u015b\u0107 pracy i reakcj\u0119.<\/li>\n<\/ul>","protected":false},"featured_media":1950,"comment_status":"open","ping_status":"closed","template":"","meta":[],"product_brand":[],"product_cat":[22],"product_tag":[142,50,239],"class_list":{"0":"post-1945","1":"product","2":"type-product","3":"status-publish","4":"has-post-thumbnail","6":"product_cat-jnats","7":"product_tag-okudo","8":"product_tag-suita","9":"product_tag-tenjyou","10":"product_shipping_class-iprastas","12":"first","13":"outofstock","14":"sale","15":"shipping-taxable","16":"purchasable","17":"product-type-simple"},"_links":{"self":[{"href":"https:\/\/jnats.eu\/pl\/wp-json\/wp\/v2\/product\/1945","targetHints":{"allow":["GET"]}}],"collection":[{"href":"https:\/\/jnats.eu\/pl\/wp-json\/wp\/v2\/product"}],"about":[{"href":"https:\/\/jnats.eu\/pl\/wp-json\/wp\/v2\/types\/product"}],"replies":[{"embeddable":true,"href":"https:\/\/jnats.eu\/pl\/wp-json\/wp\/v2\/comments?post=1945"}],"wp:featuredmedia":[{"embeddable":true,"href":"https:\/\/jnats.eu\/pl\/wp-json\/wp\/v2\/media\/1950"}],"wp:attachment":[{"href":"https:\/\/jnats.eu\/pl\/wp-json\/wp\/v2\/media?parent=1945"}],"wp:term":[{"taxonomy":"product_brand","embeddable":true,"href":"https:\/\/jnats.eu\/pl\/wp-json\/wp\/v2\/product_brand?post=1945"},{"taxonomy":"product_cat","embeddable":true,"href":"https:\/\/jnats.eu\/pl\/wp-json\/wp\/v2\/product_cat?post=1945"},{"taxonomy":"product_tag","embeddable":true,"href":"https:\/\/jnats.eu\/pl\/wp-json\/wp\/v2\/product_tag?post=1945"}],"curies":[{"name":"wp","href":"https:\/\/api.w.org\/{rel}","templated":true}]}}