{"id":1952,"date":"2024-04-23T10:23:13","date_gmt":"2024-04-23T07:23:13","guid":{"rendered":"http:\/\/jnats.eu\/?post_type=product&#038;p=1952"},"modified":"2024-12-24T12:06:35","modified_gmt":"2024-12-24T10:06:35","slug":"garnitur-okudo-z-czarnego-lotosu-shiro","status":"publish","type":"product","link":"https:\/\/jnats.eu\/pl\/produkt-2\/garnitur-okudo-z-czarnego-lotosu-shiro\/","title":{"rendered":"Kombinezon Shiro z czarnego lotosu firmy Okudo"},"content":{"rendered":"<p>Kamie\u0144 ten jest twardy i do\u015b\u0107 cienki, ale ma doskona\u0142\u0105 reakcj\u0119 ostrzenia i szybko\u015b\u0107. Prawie nie rozdziela zawieszenia, ale nawet bez niego pr\u0119dko\u015b\u0107 pracy jest wysoka. Polerowanie mo\u017cna przyspieszy\u0107 stosuj\u0105c nagur\u0119 lub p\u0142ytk\u0119 diamentow\u0105. Nie b\u0119dzie to tak naprawd\u0119 konieczne podczas ostrzenia, poniewa\u017c powierzchnia styku stali b\u0119dzie znacznie mniejsza. Przy odpowiedniej cierpliwo\u015bci i technice kamienie pozostawiaj\u0105 b\u0142yszcz\u0105ce, wyrafinowane kasumi zar\u00f3wno na mi\u0119kkim laminacie, jak i na twardej stali rdzeniowej.<\/p>\n\n\n\n<p>Ostrze jest do\u015b\u0107 agresywne i idealnie nadaje si\u0119 do no\u017cy kuchennych. Kamie\u0144 ten dobrze komponuje si\u0119 tak\u017ce z narz\u0119dziami stolarskimi, m.in. d\u0142uta i strugi. W przypadku maszynek do golenia, narz\u0119dzi i polerowania nie zalecamy u\u017cywania tarczy diamentowej, poniewa\u017c zauwa\u017cy\u0142em, \u017ce zawieszenie jest nier\u00f3wne i nie tak dobre, jak bym chcia\u0142.<\/p>\n\n\n\n<p>Wymiary kamienia pozwol\u0105 na komfortowe wykonywanie wszelkich prac. Kamie\u0144 jest koloru bia\u0142ego z czarnymi kropkami \u201ekwiaty lotosu\u201d rozmieszczonymi na ca\u0142ej powierzchni i grubo\u015bci. G\u0142\u0119biej po bokach znajduje si\u0119 kilka ma\u0142ych, ledwo widocznych\u00a0<em>Z<\/em>\u00a0(otwory), dzi\u0119ki czemu kamienie ostrz\u0105ce Suita uzyskuj\u0105 jeszcze wi\u0119ksz\u0105 pr\u0119dko\u015b\u0107 robocz\u0105. Nie ma jednak absolutnie \u017cadnych toksycznych linii <strong>skupiska czarnych kropek mog\u0105 w niekt\u00f3rych przypadkach stanowi\u0107 przeszkod\u0119. Na przyk\u0142ad uderzenie krzywizn\u0105 ostrza mo\u017ce spowodowa\u0107 jego uszkodzenie!<\/strong><\/p>\n\n\n\n<p>Obie strony s\u0105 gotowe do pracy. Jedna jest grubsza \u2013 do wst\u0119pnego ostrzenia, druga \u2013 drobna, do wyka\u0144czania.<\/p>\n\n\n\n<p><strong>Okudo (\u5965\u6bbf)<\/strong><br>Kopalnia Wschodnia, s\u0142yn\u0105ca z apartamentowca. Kamienie te s\u0105 cz\u0119sto okre\u015blane jako \u201ekr\u00f3l garnitur\u00f3w\u201d i by\u0107 mo\u017ce s\u0105 najbardziej poszukiwane w\u015br\u00f3d swoich \u201ekoleg\u00f3w\u201d. Zwykle s\u0105 bardzo twarde, do\u015b\u0107 ma\u0142e i szybkie. Autentyczne kamienie Okudo s\u0105 zazwyczaj bardzo drogie i rzadkie.<\/p>\n\n\n\n<figure class=\"wp-block-embed is-type-video is-provider-youtube wp-block-embed-youtube wp-embed-aspect-16-9 wp-has-aspect-ratio\"><div class=\"wp-block-embed__wrapper\">\n<div class=\"video-container\"><iframe title=\"Okudo Tenjyou Suita, Okudo Black Lotus Shiro Suita, Ohira Renge Suita, Atago Shiro Suita\" width=\"1170\" height=\"658\" src=\"https:\/\/www.youtube.com\/embed\/rH67SY_9N9o?start=218&#038;feature=oembed\" frameborder=\"0\" allow=\"accelerometer; autoplay; clipboard-write; encrypted-media; gyroscope; picture-in-picture; web-share\" referrerpolicy=\"strict-origin-when-cross-origin\" allowfullscreen><\/iframe><\/div>\n<\/div><\/figure>","protected":false},"excerpt":{"rendered":"<ul>\n<li>Nadaje si\u0119 do wyka\u0144czania no\u017cy, no\u017cyczek, narz\u0119dzi stolarskich i innych. Do maszynek do golenia - wyko\u0144czenie wst\u0119pne.<\/li>\n<li>Wymiary: 200x132x20 mm<\/li>\n<li>Waga: 1300 g<\/li>\n<li>Wytrzyma\u0142o\u015b\u0107: Poz. 5<\/li>\n<li>Obie strony s\u0105 gotowe do pracy<\/li>\n<li><strong>Nagromadzenie czarnych kropek mo\u017ce by\u0107 w niekt\u00f3rych przypadkach uci\u0105\u017cliwe. Na przyk\u0142ad uderzenie krzywizn\u0105 ostrza mo\u017ce spowodowa\u0107 jego uszkodzenie! Po jednej stronie s\u0105 2 sztuki, po drugiej wi\u0119cej.<\/strong><\/li>\n<\/ul>","protected":false},"featured_media":1954,"comment_status":"open","ping_status":"closed","template":"","meta":[],"product_brand":[],"product_cat":[22],"product_tag":[240,142,87,50],"class_list":{"0":"post-1952","1":"product","2":"type-product","3":"status-publish","4":"has-post-thumbnail","6":"product_cat-jnats","7":"product_tag-black-lotus","8":"product_tag-okudo","9":"product_tag-shiro","10":"product_tag-suita","11":"product_shipping_class-iprastas","13":"first","14":"outofstock","15":"sale","16":"shipping-taxable","17":"purchasable","18":"product-type-simple"},"_links":{"self":[{"href":"https:\/\/jnats.eu\/pl\/wp-json\/wp\/v2\/product\/1952","targetHints":{"allow":["GET"]}}],"collection":[{"href":"https:\/\/jnats.eu\/pl\/wp-json\/wp\/v2\/product"}],"about":[{"href":"https:\/\/jnats.eu\/pl\/wp-json\/wp\/v2\/types\/product"}],"replies":[{"embeddable":true,"href":"https:\/\/jnats.eu\/pl\/wp-json\/wp\/v2\/comments?post=1952"}],"wp:featuredmedia":[{"embeddable":true,"href":"https:\/\/jnats.eu\/pl\/wp-json\/wp\/v2\/media\/1954"}],"wp:attachment":[{"href":"https:\/\/jnats.eu\/pl\/wp-json\/wp\/v2\/media?parent=1952"}],"wp:term":[{"taxonomy":"product_brand","embeddable":true,"href":"https:\/\/jnats.eu\/pl\/wp-json\/wp\/v2\/product_brand?post=1952"},{"taxonomy":"product_cat","embeddable":true,"href":"https:\/\/jnats.eu\/pl\/wp-json\/wp\/v2\/product_cat?post=1952"},{"taxonomy":"product_tag","embeddable":true,"href":"https:\/\/jnats.eu\/pl\/wp-json\/wp\/v2\/product_tag?post=1952"}],"curies":[{"name":"wp","href":"https:\/\/api.w.org\/{rel}","templated":true}]}}