{"id":1982,"date":"2024-04-23T11:05:48","date_gmt":"2024-04-23T08:05:48","guid":{"rendered":"http:\/\/jnats.eu\/?post_type=product&#038;p=1982"},"modified":"2024-12-15T22:12:52","modified_gmt":"2024-12-15T20:12:52","slug":"rishonzan-shiro-red-lotus-suita","status":"publish","type":"product","link":"https:\/\/jnats.eu\/pl\/produkt-2\/rishonzan-shiro-red-lotus-suita\/","title":{"rendered":"Kostium Nisshoyama Rishonzan Shiro z czerwonego lotosu"},"content":{"rendered":"<p>Bardzo rzadki apartament Nisshoyama Rishonzan Shiro Red Lotus. Kamie\u0144 ten jest \u015brednio twardy i delikatny, ze \u015bredni\u0105 szybko\u015bci\u0105 i wyczuciem ostrzenia. Trudno jest zwolni\u0107 w\u0142asne zawieszenie, dlatego zalecamy u\u017cycie nagury, aby przyspieszy\u0107 polerowanie no\u017cy. I odwrotnie, podczas ostrzenia ostrza na kamieniu szybko gromadz\u0105 si\u0119 odpady czarnego metalu. Przy odpowiedniej cierpliwo\u015bci i technice kamienie pozostawiaj\u0105 b\u0142yszcz\u0105ce, wyrafinowane kasumi zar\u00f3wno na mi\u0119kkim laminacie, jak i na twardej stali rdzeniowej.<\/p>\n\n\n\n<p>Ostrze jest do\u015b\u0107 agresywne i idealnie nadaje si\u0119 do no\u017cy kuchennych. Kamie\u0144 ten dobrze komponuje si\u0119 r\u00f3wnie\u017c z narz\u0119dziami stolarskimi, m.in. d\u0142uta i strugi. Brzytwy nie b\u0119d\u0105 dzia\u0142a\u0107 ze wzgl\u0119du na stosunkowo du\u017ce dziury na powierzchni, zwane w Japonii <em>z<\/em>. Z tego powodu lepiej te\u017c nie u\u017cywa\u0107 du\u017cej si\u0142y podczas ostrzenia.<\/p>\n\n\n\n<p>Dno nie jest g\u0142adkie, dlatego lepiej by\u0142oby przyklei\u0107 kamie\u0144 do drewna lub wyg\u0142adzi\u0107.<\/p>\n\n\n\n<figure class=\"wp-block-embed is-type-video is-provider-youtube wp-block-embed-youtube wp-embed-aspect-16-9 wp-has-aspect-ratio\"><div class=\"wp-block-embed__wrapper\">\n<div class=\"video-container\"><iframe title=\"Kasumi ko\u0144czy na Jnatach: Ohira, Nisshoyama Naikumo Suita, Shobudani Karasu\" width=\"1170\" height=\"658\" src=\"https:\/\/www.youtube.com\/embed\/EufKzrz4gFs?start=437&feature=oembed\" frameborder=\"0\" allow=\"accelerometer; autoplay; clipboard-write; encrypted-media; gyroscope; picture-in-picture; web-share\" referrerpolicy=\"strict-origin-when-cross-origin\" allowfullscreen><\/iframe><\/div>\n<\/div><\/figure>","protected":false},"excerpt":{"rendered":"<ul>\n<li>Nadaje si\u0119 do wyka\u0144czania no\u017cy, no\u017cyczek, narz\u0119dzi stolarskich i innych.<\/li>\n<li>Wymiary: 150x90x30mm<\/li>\n<li>Waga: 960 g<\/li>\n<li>Twardo\u015b\u0107: Poziom 4<\/li>\n<li>Bezpieczne linie<\/li>\n<li>Powierzchnia jest g\u0142adka i gotowa do pracy<\/li>\n<li>Zalecamy prac\u0119 z ciep\u0142\u0105 wod\u0105, poniewa\u017c zimna woda pogarsza szybko\u015b\u0107 pracy i reakcj\u0119.<\/li>\n<\/ul>","protected":false},"featured_media":1985,"comment_status":"open","ping_status":"closed","template":"","meta":[],"product_brand":[],"product_cat":[22],"product_tag":[179,244,243,87,50],"class_list":{"0":"post-1982","1":"product","2":"type-product","3":"status-publish","4":"has-post-thumbnail","6":"product_cat-jnats","7":"product_tag-nisshoyama","8":"product_tag-red-lotus","9":"product_tag-rishonzan","10":"product_tag-shiro","11":"product_tag-suita","12":"product_shipping_class-iprastas","14":"first","15":"outofstock","16":"sale","17":"shipping-taxable","18":"purchasable","19":"product-type-simple"},"_links":{"self":[{"href":"https:\/\/jnats.eu\/pl\/wp-json\/wp\/v2\/product\/1982","targetHints":{"allow":["GET"]}}],"collection":[{"href":"https:\/\/jnats.eu\/pl\/wp-json\/wp\/v2\/product"}],"about":[{"href":"https:\/\/jnats.eu\/pl\/wp-json\/wp\/v2\/types\/product"}],"replies":[{"embeddable":true,"href":"https:\/\/jnats.eu\/pl\/wp-json\/wp\/v2\/comments?post=1982"}],"wp:featuredmedia":[{"embeddable":true,"href":"https:\/\/jnats.eu\/pl\/wp-json\/wp\/v2\/media\/1985"}],"wp:attachment":[{"href":"https:\/\/jnats.eu\/pl\/wp-json\/wp\/v2\/media?parent=1982"}],"wp:term":[{"taxonomy":"product_brand","embeddable":true,"href":"https:\/\/jnats.eu\/pl\/wp-json\/wp\/v2\/product_brand?post=1982"},{"taxonomy":"product_cat","embeddable":true,"href":"https:\/\/jnats.eu\/pl\/wp-json\/wp\/v2\/product_cat?post=1982"},{"taxonomy":"product_tag","embeddable":true,"href":"https:\/\/jnats.eu\/pl\/wp-json\/wp\/v2\/product_tag?post=1982"}],"curies":[{"name":"wp","href":"https:\/\/api.w.org\/{rel}","templated":true}]}}