{"id":200,"date":"2024-02-25T13:49:31","date_gmt":"2024-02-25T11:49:31","guid":{"rendered":"http:\/\/jnats.eu\/?post_type=product&#038;p=200"},"modified":"2024-07-03T10:06:44","modified_gmt":"2024-07-03T07:06:44","slug":"zielony-kamien-nakayama-do-brzytwy","status":"publish","type":"product","link":"https:\/\/jnats.eu\/pl\/produkt-2\/zielony-kamien-nakayama-do-brzytwy\/","title":{"rendered":"Zielony kamie\u0144 do golenia Nakayama Honzan"},"content":{"rendered":"<p>Zielony kamie\u0144 Nakayama jest idealny do wyka\u0144czania maszynek do golenia. Oczywi\u015bcie bez problemu poradzi sobie z no\u017cami i innymi narz\u0119dziami. Najwy\u017cszej klasy jednorodny kamie\u0144 naturalny, kt\u00f3ry z pewno\u015bci\u0105 zas\u0142ugiwa\u0142by na etykiet\u0119 Maruka, gdyby mia\u0142 odpowiedni kszta\u0142t. Wszystko jest tu \u015bwietne: struktura, szybko\u015b\u0107 pracy, p\u0142ynno\u015b\u0107, reakcja itp. Ten rodzaj kamienia jest jednym z najbardziej cenionych nie tylko w Japonii, ale tak\u017ce przez mistrz\u00f3w na ca\u0142ym \u015bwiecie, dlatego kosztuje tysi\u0105ce euro. Jest to inwestycja na ca\u0142e \u017cycie i na przysz\u0142e pokolenia, poniewa\u017c kamie\u0144 b\u0119dzie si\u0119 bardzo powoli zu\u017cywa\u0142.<\/p>\n\n\n\n<p>Kamie\u0144 szlifierski Nakayama jest najlepszym kamieniem wydobywanym w prefekturze Kioto prawie 900 lat temu. Kopalnia zosta\u0142a zamkni\u0119ta ponad 30 lat temu. Kopalnia by\u0142a bardzo wa\u017cna jako kopalnia wojskowa, poniewa\u017c wydobywane tam kamienie by\u0142y u\u017cywane do ostrzenia mieczy, dlatego przez d\u0142ugi czas by\u0142a strze\u017cona przez cesarza Japonii lub japo\u0144ski rz\u0105d. Przez d\u0142ugi czas tylko rodzina Honma mog\u0142a obs\u0142ugiwa\u0107 kopalni\u0119. Nakayama Maruka jest bardzo poszukiwanym kamieniem wyko\u0144czeniowym, nawet w Japonii, poniewa\u017c kopalnia zosta\u0142a zamkni\u0119ta i coraz trudniej jest je znale\u017a\u0107. Jest idealny do ostrzenia brzytew, no\u017cy i innych narz\u0119dzi, kt\u00f3re wymagaj\u0105 bardzo delikatnego wyko\u0144czenia.<\/p>\n\n\n\n<ul class=\"wp-block-list\">\n<li><strong>Twardo\u015b\u0107: poz <\/strong>5+<\/li>\n\n\n\n<li><strong>Wymiary (w przybli\u017ceniu): 190x120x20 mm<\/strong><\/li>\n\n\n\n<li><strong>Waga (ze stojakiem): 1310 g.<\/strong><\/li>\n\n\n\n<li><strong>Twardy, szybki kamie\u0144 o jednorodnej strukturze. Idealny do wyka\u0144czania brzytew, no\u017cy, narz\u0119dzi stolarskich i innych.&nbsp;<\/strong><\/li>\n<\/ul>","protected":false},"excerpt":{"rendered":"<p><!-- wp:list --><\/p>\n<ul><!-- wp:list-item --><\/p>\n<li><strong>Wytrzyma\u0142o\u015b\u0107: Poz. 5+<\/strong><\/li>\n<p><!-- \/wp:list-item --><\/p>\n<p><!-- wp:list-item --><\/p>\n<li><strong>Wymiary (w przybli\u017ceniu): 190x120x20 mm<\/strong><\/li>\n<p><!-- \/wp:list-item --><\/p>\n<p><!-- wp:list-item --><\/p>\n<li><strong>Waga (ze stojakiem): 1310 g.<\/strong><\/li>\n<p><!-- \/wp:list-item --><\/p>\n<p><!-- wp:list-item --><\/p>\n<li><strong>Twardy, szybki kamie\u0144 o jednorodnej strukturze. Idealny do wyka\u0144czania brzytew, no\u017cy, narz\u0119dzi stolarskich i innych.\u00a0<\/strong><\/li>\n<p><!-- \/wp:list-item --><\/ul>\n<p><!-- \/wp:list --><\/p>","protected":false},"featured_media":1210,"comment_status":"open","ping_status":"closed","template":"","meta":[],"product_brand":[],"product_cat":[22],"product_tag":[58,49],"class_list":{"0":"post-200","1":"product","2":"type-product","3":"status-publish","4":"has-post-thumbnail","6":"product_cat-jnats","7":"product_tag-maruka","8":"product_tag-nakayama","9":"product_shipping_class-iprastas","11":"first","12":"outofstock","13":"sale","14":"shipping-taxable","15":"purchasable","16":"product-type-simple"},"_links":{"self":[{"href":"https:\/\/jnats.eu\/pl\/wp-json\/wp\/v2\/product\/200","targetHints":{"allow":["GET"]}}],"collection":[{"href":"https:\/\/jnats.eu\/pl\/wp-json\/wp\/v2\/product"}],"about":[{"href":"https:\/\/jnats.eu\/pl\/wp-json\/wp\/v2\/types\/product"}],"replies":[{"embeddable":true,"href":"https:\/\/jnats.eu\/pl\/wp-json\/wp\/v2\/comments?post=200"}],"wp:featuredmedia":[{"embeddable":true,"href":"https:\/\/jnats.eu\/pl\/wp-json\/wp\/v2\/media\/1210"}],"wp:attachment":[{"href":"https:\/\/jnats.eu\/pl\/wp-json\/wp\/v2\/media?parent=200"}],"wp:term":[{"taxonomy":"product_brand","embeddable":true,"href":"https:\/\/jnats.eu\/pl\/wp-json\/wp\/v2\/product_brand?post=200"},{"taxonomy":"product_cat","embeddable":true,"href":"https:\/\/jnats.eu\/pl\/wp-json\/wp\/v2\/product_cat?post=200"},{"taxonomy":"product_tag","embeddable":true,"href":"https:\/\/jnats.eu\/pl\/wp-json\/wp\/v2\/product_tag?post=200"}],"curies":[{"name":"wp","href":"https:\/\/api.w.org\/{rel}","templated":true}]}}