{"id":2002,"date":"2024-04-24T09:58:10","date_gmt":"2024-04-24T06:58:10","guid":{"rendered":"http:\/\/jnats.eu\/?post_type=product&#038;p=2002"},"modified":"2025-10-15T11:10:06","modified_gmt":"2025-10-15T08:10:06","slug":"garnitur-yamashiro-honba-umeghata","status":"publish","type":"product","link":"https:\/\/jnats.eu\/pl\/produkt-2\/garnitur-yamashiro-honba-umeghata\/","title":{"rendered":"Apartament Yamashiro Honba Umegahata"},"content":{"rendered":"<p>Kamie\u0144 ten ma wy\u017csz\u0105 \u015bredni\u0105 twardo\u015b\u0107 i jest delikatny, z dobr\u0105 reakcj\u0105 na ostrzenie i szybko\u015bci\u0105. Nie utworzy w\u0142asnej zawiesiny, dlatego zalecamy u\u017cycie nagury, aby przyspieszy\u0107 polerowanie no\u017cy. I odwrotnie, podczas ostrzenia ostrza na kamieniu szybko gromadz\u0105 si\u0119 odpady czarnego metalu. Przy odpowiedniej cierpliwo\u015bci i technice kamienie pozostawiaj\u0105 b\u0142yszcz\u0105ce, wyrafinowane kasumi zar\u00f3wno na mi\u0119kkim laminacie, jak i na twardej stali rdzeniowej.<\/p>\n\n\n\n<p>Ostrze jest agresywne i doskonale nadaje si\u0119 do no\u017cy kuchennych. Kamie\u0144 ten dobrze komponuje si\u0119 tak\u017ce z narz\u0119dziami stolarskimi, m.in. do d\u0142ut i strugarek oraz stanowi doskona\u0142y preparat do wst\u0119pnego przygotowania maszynki do golenia.<\/p>\n\n\n\n<p>Yamashiro Honba Umegahata Suita Japanese Sharpening Finishing Stone doskonale spe\u0142ni swoje zadanie. Brak toksycznych linii.<\/p>\n\n\n\n<figure class=\"wp-block-embed is-type-video is-provider-youtube wp-block-embed-youtube wp-embed-aspect-16-9 wp-has-aspect-ratio\"><div class=\"wp-block-embed__wrapper\">\n<div class=\"video-container\"><iframe title=\"Yamashiro Honba Umegahata Suita vs N\u00f3\u017c szefa kuchni Apex Ultra 66 HRC\" width=\"1170\" height=\"658\" src=\"https:\/\/www.youtube.com\/embed\/OKUOUb-1hes?feature=oembed\" frameborder=\"0\" allow=\"accelerometer; autoplay; clipboard-write; encrypted-media; gyroscope; picture-in-picture; web-share\" referrerpolicy=\"strict-origin-when-cross-origin\" allowfullscreen><\/iframe><\/div>\n<\/div><\/figure>","protected":false},"excerpt":{"rendered":"<ul>\n<li>Nadaje si\u0119 do wyka\u0144czania no\u017cy, no\u017cyczek, narz\u0119dzi stolarskich i innych.\u00a0<\/li>\n<li>Wymiary: 201x77x43 mm<\/li>\n<li>Waga: 1620 g<\/li>\n<li>Twardo\u015b\u0107: Poz. 4,5<\/li>\n<li>Bezpieczne linie<\/li>\n<li>Powierzchnia jest g\u0142adka i gotowa do pracy. Druga strona r\u00f3wnie\u017c jest p\u0142aska i mo\u017cna j\u0105 \u0142atwo wyko\u0144czy\u0107 poprzez prasowanie.<\/li>\n<li>Zalecamy prac\u0119 z ciep\u0142\u0105 wod\u0105, poniewa\u017c zimna woda pogarsza szybko\u015b\u0107 pracy i reakcj\u0119.<\/li>\n<\/ul>","protected":false},"featured_media":2004,"comment_status":"open","ping_status":"closed","template":"","meta":[],"product_brand":[],"product_cat":[22],"product_tag":[246,50,68,247],"class_list":{"0":"post-2002","1":"product","2":"type-product","3":"status-publish","4":"has-post-thumbnail","6":"product_cat-jnats","7":"product_tag-honba","8":"product_tag-suita","9":"product_tag-umegahata","10":"product_tag-yamashiro","11":"product_shipping_class-iprastas","13":"first","14":"outofstock","15":"sale","16":"shipping-taxable","17":"purchasable","18":"product-type-simple"},"_links":{"self":[{"href":"https:\/\/jnats.eu\/pl\/wp-json\/wp\/v2\/product\/2002","targetHints":{"allow":["GET"]}}],"collection":[{"href":"https:\/\/jnats.eu\/pl\/wp-json\/wp\/v2\/product"}],"about":[{"href":"https:\/\/jnats.eu\/pl\/wp-json\/wp\/v2\/types\/product"}],"replies":[{"embeddable":true,"href":"https:\/\/jnats.eu\/pl\/wp-json\/wp\/v2\/comments?post=2002"}],"wp:featuredmedia":[{"embeddable":true,"href":"https:\/\/jnats.eu\/pl\/wp-json\/wp\/v2\/media\/2004"}],"wp:attachment":[{"href":"https:\/\/jnats.eu\/pl\/wp-json\/wp\/v2\/media?parent=2002"}],"wp:term":[{"taxonomy":"product_brand","embeddable":true,"href":"https:\/\/jnats.eu\/pl\/wp-json\/wp\/v2\/product_brand?post=2002"},{"taxonomy":"product_cat","embeddable":true,"href":"https:\/\/jnats.eu\/pl\/wp-json\/wp\/v2\/product_cat?post=2002"},{"taxonomy":"product_tag","embeddable":true,"href":"https:\/\/jnats.eu\/pl\/wp-json\/wp\/v2\/product_tag?post=2002"}],"curies":[{"name":"wp","href":"https:\/\/api.w.org\/{rel}","templated":true}]}}