{"id":2008,"date":"2024-04-24T10:08:32","date_gmt":"2024-04-24T07:08:32","guid":{"rendered":"http:\/\/jnats.eu\/?post_type=product&#038;p=2008"},"modified":"2024-06-30T20:00:20","modified_gmt":"2024-06-30T17:00:20","slug":"shohonyama-aiiwatani-kiita-nashiji-tomae-koppa","status":"publish","type":"product","link":"https:\/\/jnats.eu\/pl\/produkt-2\/shohonyama-aiiwatani-kiita-nashiji-tomae-koppa\/","title":{"rendered":"Shohonyama Aiiwatani Kiita Nashiji Tomae Koppa"},"content":{"rendered":"<p>Chocia\u017c powierzchnia jest wystarczaj\u0105co du\u017ca, aby nadawa\u0107 si\u0119 do dok\u0142adnego ostrzenia, kszta\u0142t tego kamienia sprawia, \u017ce najlepiej nadaje si\u0119 jako luksusowa tomo-nagura do wi\u0119kszych kamieni do ostrzenia. Kamie\u0144 jest bardzo drobny i niezbyt twardy, co czyni go idealnym dawc\u0105 zawiesiny dla bardzo drobnych i twardych kamieni Awasedo.<\/p>\n\n\n\n<p>Kamie\u0144 ma kolory kiita i asagi z warstw\u0105 nashiji. Tylna strona jest nier\u00f3wna.<\/p>\n\n\n\n<p><strong>Aiiwatani (\u76f8\u5ca9\u8c37, \u76f8\u5ca9\u8c37\u7523, \u5ca9\u8c37, Iwatani, Iwadani, Ai Iwatani, Aiwadani)<\/strong><br>Ta p\u0142odna kopalnia na wschodzie produkowa\u0142a kamienie uwa\u017cane za twarde i delikatne. Cz\u0119sto sprzedawane s\u0105 jako ta\u0144sza alternatywa dla bardzo twardego awasedo Nakayama u\u017cywanego do wyka\u0144czania maszynek do golenia i narz\u0119dzi stolarskich.<\/p>","protected":false},"excerpt":{"rendered":"<ul>\n<li>Nadaje si\u0119 do wyka\u0144czania brzytew, no\u017cy, no\u017cyczek, narz\u0119dzi stolarskich i innych.<\/li>\n<li>Wymiary: 135x102x20mm<\/li>\n<li>Waga: 700 g<\/li>\n<li>Twardo\u015b\u0107: Poziom 4<\/li>\n<li>Powierzchnia jest g\u0142adka i gotowa do pracy<\/li>\n<li>Zalecamy prac\u0119 z ciep\u0142\u0105 wod\u0105, poniewa\u017c zimna woda pogarsza szybko\u015b\u0107 pracy i reakcj\u0119.<\/li>\n<\/ul>","protected":false},"featured_media":2010,"comment_status":"open","ping_status":"closed","template":"","meta":[],"product_brand":[],"product_cat":[22],"product_tag":[65,248,67],"class_list":{"0":"post-2008","1":"product","2":"type-product","3":"status-publish","4":"has-post-thumbnail","6":"product_cat-jnats","7":"product_tag-aiwatani","8":"product_tag-shohonyma","9":"product_tag-tomae","10":"product_shipping_class-iprastas","12":"first","13":"outofstock","14":"shipping-taxable","15":"purchasable","16":"product-type-simple"},"_links":{"self":[{"href":"https:\/\/jnats.eu\/pl\/wp-json\/wp\/v2\/product\/2008","targetHints":{"allow":["GET"]}}],"collection":[{"href":"https:\/\/jnats.eu\/pl\/wp-json\/wp\/v2\/product"}],"about":[{"href":"https:\/\/jnats.eu\/pl\/wp-json\/wp\/v2\/types\/product"}],"replies":[{"embeddable":true,"href":"https:\/\/jnats.eu\/pl\/wp-json\/wp\/v2\/comments?post=2008"}],"wp:featuredmedia":[{"embeddable":true,"href":"https:\/\/jnats.eu\/pl\/wp-json\/wp\/v2\/media\/2010"}],"wp:attachment":[{"href":"https:\/\/jnats.eu\/pl\/wp-json\/wp\/v2\/media?parent=2008"}],"wp:term":[{"taxonomy":"product_brand","embeddable":true,"href":"https:\/\/jnats.eu\/pl\/wp-json\/wp\/v2\/product_brand?post=2008"},{"taxonomy":"product_cat","embeddable":true,"href":"https:\/\/jnats.eu\/pl\/wp-json\/wp\/v2\/product_cat?post=2008"},{"taxonomy":"product_tag","embeddable":true,"href":"https:\/\/jnats.eu\/pl\/wp-json\/wp\/v2\/product_tag?post=2008"}],"curies":[{"name":"wp","href":"https:\/\/api.w.org\/{rel}","templated":true}]}}