{"id":2025,"date":"2024-04-24T10:29:46","date_gmt":"2024-04-24T07:29:46","guid":{"rendered":"http:\/\/jnats.eu\/?post_type=product&#038;p=2025"},"modified":"2025-10-06T23:26:09","modified_gmt":"2025-10-06T20:26:09","slug":"apartament-dziewictwa-ohira","status":"publish","type":"product","link":"https:\/\/jnats.eu\/pl\/produkt-2\/apartament-dziewictwa-ohira\/","title":{"rendered":"Apartament Dziewictwa Ohira"},"content":{"rendered":"<p>Do\u015b\u0107 ma\u0142a Ohira Naikumo Suita jest \u0142atwa w obs\u0142udze i idealnie nadaje si\u0119 do polerowania i ostrzenia no\u017cy kuchennych. Je\u015bli naci\u015bniesz mocno, kamie\u0144 uwolni zawiesin\u0119 i naostrzy n\u00f3\u017c, je\u015bli zastosujesz mniejszy nacisk, kamie\u0144 si\u0119 wypoleruje. Reakcja jest p\u0142ynna i wystarczaj\u0105co pouczaj\u0105ca, aby u\u017cytkownik m\u00f3g\u0142 dobrze wyczu\u0107 proces ostrzenia. Kamie\u0144 ten by\u0142by doskona\u0142ym, cennym koniem poci\u0105gowym do ostrzenia i polerowania.<\/p>\n\n\n\n<p>Ten garnitur ma jasnokremowo-niebieski kolor, rzadkie czerwone plamki na kraw\u0119dzi i kilka \u0142agodnych br\u0105zowych linii.<\/p>\n\n\n\n<figure class=\"wp-block-embed is-type-video is-provider-youtube wp-block-embed-youtube wp-embed-aspect-16-9 wp-has-aspect-ratio\"><div class=\"wp-block-embed__wrapper\">\n<div class=\"video-container\"><iframe title=\"Kasumi ko\u0144czy na Jnatach: Ohira, Nisshoyama Naikumo Suita, Shobudani Karasu\" width=\"1170\" height=\"658\" src=\"https:\/\/www.youtube.com\/embed\/EufKzrz4gFs?start=715&#038;feature=oembed\" frameborder=\"0\" allow=\"accelerometer; autoplay; clipboard-write; encrypted-media; gyroscope; picture-in-picture; web-share\" referrerpolicy=\"strict-origin-when-cross-origin\" allowfullscreen><\/iframe><\/div>\n<\/div><\/figure>\n\n\n\n<p><strong>Ohira (\u5927\u5e73, Oohira, Ohirayama)<\/strong><br>Kopalnia zachodnia, s\u0142yn\u0105ca z jako\u015bci Uchigumori i Suita. Chocia\u017c kopalnia jest nadal okazjonalnie eksploatowana, coraz trudniej znale\u017a\u0107 nadaj\u0105ce si\u0119 na eksport uchigumori i Ohira suita. Wed\u0142ug doniesie\u0144 wielu g\u00f3rnik\u00f3w jest zaniepokojonych d\u0142ugoterminowymi dostawami wysokiej jako\u015bci kamieni uchigumori. Ze wzgl\u0119du na najwy\u017csz\u0105 jako\u015b\u0107 Ohira suita i uchigumori nierzadko zdarza si\u0119, \u017ce kamienie z innych kopalni s\u0105 stemplowane lub sprzedawane jako Ohira.<\/p>","protected":false},"excerpt":{"rendered":"<ul>\n<li>Nadaje si\u0119 do wyka\u0144czania no\u017cy, no\u017cyczek, narz\u0119dzi stolarskich i innych.<\/li>\n<li>Wymiary: 205x74x27 mm<\/li>\n<li>Waga: 985 g<\/li>\n<li>Twardo\u015b\u0107: Poziom 4<\/li>\n<li>Bezpieczne linie<\/li>\n<li>Powierzchnia nie jest ca\u0142kowicie g\u0142adka, na kraw\u0119dziach wyst\u0119puj\u0105 wg\u0142\u0119bienia.<\/li>\n<li>Zalecamy prac\u0119 z ciep\u0142\u0105 wod\u0105, poniewa\u017c zimna woda pogarsza szybko\u015b\u0107 pracy i reakcj\u0119.<\/li>\n<\/ul>","protected":false},"featured_media":2026,"comment_status":"open","ping_status":"closed","template":"","meta":[],"product_brand":[],"product_cat":[22],"product_tag":[252,47,50],"class_list":{"0":"post-2025","1":"product","2":"type-product","3":"status-publish","4":"has-post-thumbnail","6":"product_cat-jnats","7":"product_tag-naikumo","8":"product_tag-ohira","9":"product_tag-suita","10":"product_shipping_class-iprastas","12":"first","13":"outofstock","14":"sale","15":"shipping-taxable","16":"purchasable","17":"product-type-simple"},"_links":{"self":[{"href":"https:\/\/jnats.eu\/pl\/wp-json\/wp\/v2\/product\/2025","targetHints":{"allow":["GET"]}}],"collection":[{"href":"https:\/\/jnats.eu\/pl\/wp-json\/wp\/v2\/product"}],"about":[{"href":"https:\/\/jnats.eu\/pl\/wp-json\/wp\/v2\/types\/product"}],"replies":[{"embeddable":true,"href":"https:\/\/jnats.eu\/pl\/wp-json\/wp\/v2\/comments?post=2025"}],"wp:featuredmedia":[{"embeddable":true,"href":"https:\/\/jnats.eu\/pl\/wp-json\/wp\/v2\/media\/2026"}],"wp:attachment":[{"href":"https:\/\/jnats.eu\/pl\/wp-json\/wp\/v2\/media?parent=2025"}],"wp:term":[{"taxonomy":"product_brand","embeddable":true,"href":"https:\/\/jnats.eu\/pl\/wp-json\/wp\/v2\/product_brand?post=2025"},{"taxonomy":"product_cat","embeddable":true,"href":"https:\/\/jnats.eu\/pl\/wp-json\/wp\/v2\/product_cat?post=2025"},{"taxonomy":"product_tag","embeddable":true,"href":"https:\/\/jnats.eu\/pl\/wp-json\/wp\/v2\/product_tag?post=2025"}],"curies":[{"name":"wp","href":"https:\/\/api.w.org\/{rel}","templated":true}]}}