{"id":2033,"date":"2024-04-24T10:37:39","date_gmt":"2024-04-24T07:37:39","guid":{"rendered":"http:\/\/jnats.eu\/?post_type=product&#038;p=2033"},"modified":"2024-12-05T07:22:36","modified_gmt":"2024-12-05T05:22:36","slug":"apartament-ohiry-renge-2","status":"publish","type":"product","link":"https:\/\/jnats.eu\/pl\/produkt-2\/apartament-ohiry-renge-2\/","title":{"rendered":"Apartament Ohira Renge"},"content":{"rendered":"<p>\u015awietny, wszechstronny kombinezon Ohira Renge do r\u00f3\u017cnorodnych zada\u0144. Reakcja jest bardzo p\u0142ynna, linie nie stanowi\u0105 w tej chwili problemu. Wyko\u0144czenie Kasumi jest jasne i wyrafinowane, uwydatnia szczeg\u00f3\u0142y materia\u0142u ostrza i pozostawia powierzchni\u0119 \u201ewoln\u0105 od zarysowa\u0144\u201d we wszystkich \u015bwiat\u0142ach z wyj\u0105tkiem najostrzejszego. Jest to doskona\u0142y kamie\u0144 nadaj\u0105cy si\u0119 do r\u00f3\u017cnorodnych zada\u0144 - ko\u0144cowego ostrzenia no\u017cy kuchennych, polerowania kasumi, narz\u0119dzi, no\u017cyczek. Taka Ohira Suita pomog\u0142a kopalni osi\u0105gn\u0105\u0107 tak znakomit\u0105 reputacj\u0119.<\/p>\n\n\n\n<p>Ten bia\u0142y Ohira Shiro Suita jest ozdobiony czerwonymi \u201ekwiatami lotosu\u201d, znanymi r\u00f3wnie\u017c jako wz\u00f3r renge. Kamie\u0144 ma dobry kszta\u0142t i rozmiar, a linie s\u0105 \u0142atwe do naostrzenia. Obie strony s\u0105 gotowe do pracy.<\/p>\n\n\n\n<figure class=\"wp-block-embed is-type-video is-provider-youtube wp-block-embed-youtube wp-embed-aspect-16-9 wp-has-aspect-ratio\"><div class=\"wp-block-embed__wrapper\">\n<div class=\"video-container\"><iframe title=\"Aoto, Aizu, Ohira Suite, Ozuku - Ostrzenie brzytwy Le Moulin\" width=\"1170\" height=\"658\" src=\"https:\/\/www.youtube.com\/embed\/5Q8Nm6aKSYc?start=612&feature=oembed\" frameborder=\"0\" allow=\"accelerometer; autoplay; clipboard-write; encrypted-media; gyroscope; picture-in-picture; web-share\" referrerpolicy=\"strict-origin-when-cross-origin\" allowfullscreen><\/iframe><\/div>\n<\/div><\/figure>\n\n\n\n<p><strong>Ohira (\u5927\u5e73, Oohira, Ohirayama)<\/strong><br>Kopalnia zachodnia, s\u0142yn\u0105ca z jako\u015bci Uchigumori i Suita. Chocia\u017c kopalnia jest nadal okazjonalnie eksploatowana, coraz trudniej znale\u017a\u0107 nadaj\u0105ce si\u0119 na eksport uchigumori i Ohira suita. Wed\u0142ug doniesie\u0144 wielu g\u00f3rnik\u00f3w jest zaniepokojonych d\u0142ugoterminowymi dostawami wysokiej jako\u015bci kamieni uchigumori. Ze wzgl\u0119du na najwy\u017csz\u0105 jako\u015b\u0107 Ohira suita i uchigumori nierzadko zdarza si\u0119, \u017ce kamienie z innych kopalni s\u0105 stemplowane lub sprzedawane jako Ohira.<\/p>","protected":false},"excerpt":{"rendered":"<ul>\n<li>Nadaje si\u0119 do wyka\u0144czania no\u017cy, no\u017cyczek, narz\u0119dzi stolarskich i innych. R\u00f3wnie\u017c kasumi na zako\u0144czenie.<\/li>\n<li>Wymiary: 207x76x22mm<\/li>\n<li>Waga: 707 g<\/li>\n<li>Twardo\u015b\u0107: Poziom 4<\/li>\n<li>Bezpieczne linie<\/li>\n<li>Obie strony s\u0105 gotowe do pracy.<\/li>\n<li>Zalecamy prac\u0119 z ciep\u0142\u0105 wod\u0105, poniewa\u017c zimna woda pogarsza szybko\u015b\u0107 pracy i reakcj\u0119.<\/li>\n<\/ul>","protected":false},"featured_media":2036,"comment_status":"open","ping_status":"closed","template":"","meta":[],"product_brand":[],"product_cat":[22],"product_tag":[47,86,50],"class_list":{"0":"post-2033","1":"product","2":"type-product","3":"status-publish","4":"has-post-thumbnail","6":"product_cat-jnats","7":"product_tag-ohira","8":"product_tag-renge","9":"product_tag-suita","10":"product_shipping_class-iprastas","12":"first","13":"outofstock","14":"sale","15":"shipping-taxable","16":"purchasable","17":"product-type-simple"},"_links":{"self":[{"href":"https:\/\/jnats.eu\/pl\/wp-json\/wp\/v2\/product\/2033","targetHints":{"allow":["GET"]}}],"collection":[{"href":"https:\/\/jnats.eu\/pl\/wp-json\/wp\/v2\/product"}],"about":[{"href":"https:\/\/jnats.eu\/pl\/wp-json\/wp\/v2\/types\/product"}],"replies":[{"embeddable":true,"href":"https:\/\/jnats.eu\/pl\/wp-json\/wp\/v2\/comments?post=2033"}],"wp:featuredmedia":[{"embeddable":true,"href":"https:\/\/jnats.eu\/pl\/wp-json\/wp\/v2\/media\/2036"}],"wp:attachment":[{"href":"https:\/\/jnats.eu\/pl\/wp-json\/wp\/v2\/media?parent=2033"}],"wp:term":[{"taxonomy":"product_brand","embeddable":true,"href":"https:\/\/jnats.eu\/pl\/wp-json\/wp\/v2\/product_brand?post=2033"},{"taxonomy":"product_cat","embeddable":true,"href":"https:\/\/jnats.eu\/pl\/wp-json\/wp\/v2\/product_cat?post=2033"},{"taxonomy":"product_tag","embeddable":true,"href":"https:\/\/jnats.eu\/pl\/wp-json\/wp\/v2\/product_tag?post=2033"}],"curies":[{"name":"wp","href":"https:\/\/api.w.org\/{rel}","templated":true}]}}