{"id":2039,"date":"2025-06-30T11:10:34","date_gmt":"2025-06-30T08:10:34","guid":{"rendered":"http:\/\/jnats.eu\/?post_type=product&#038;p=2039"},"modified":"2025-11-28T09:00:18","modified_gmt":"2025-11-28T07:00:18","slug":"apartament-ohira-renge-shiro","status":"publish","type":"product","link":"https:\/\/jnats.eu\/pl\/produkt-2\/apartament-ohira-renge-shiro\/","title":{"rendered":"Ohira Shiro Suita Naturalny Japo\u0144ski Kamie\u0144 Do Ostrzenia"},"content":{"rendered":"<p>Wszechstronny Ohira Renge Suita odpowiedni do r\u00f3\u017cnych zada\u0144. Reakcja jest wystarczaj\u0105co g\u0142adka, linie nie powoduj\u0105 \u017cadnych zauwa\u017calnych problem\u00f3w w tej chwili, ale czasami jest lekko wyczuwalny. To dobry kamie\u0144 odpowiedni do r\u00f3\u017cnych zada\u0144 - ostateczne ostrzenie no\u017cy kuchennych, narz\u0119dzi stolarskich, no\u017cyczek itp. Takie Ohira Suita pomog\u0142y kopalni osi\u0105gn\u0105\u0107 tak wyj\u0105tkow\u0105 reputacj\u0119.<\/p>\n\n\n\n<p>Kamie\u0144 ma przyzwoity kszta\u0142t i rozmiar, a linie nie sprawiaj\u0105 problem\u00f3w przy ostrzeniu.<\/p>\n\n\n\n<figure class=\"wp-block-embed is-type-video is-provider-youtube wp-block-embed-youtube wp-embed-aspect-16-9 wp-has-aspect-ratio\"><div class=\"wp-block-embed__wrapper\">\n<div class=\"video-container\"><iframe title=\"Suncraft \u2014 Fake SG2 czy najlepszy n\u00f3\u017c na \u015bwiecie? Galandam z Ohira Suita\" width=\"1170\" height=\"658\" src=\"https:\/\/www.youtube.com\/embed\/oKKMLcZ-l28?start=450&#038;feature=oembed\" frameborder=\"0\" allow=\"accelerometer; autoplay; clipboard-write; encrypted-media; gyroscope; picture-in-picture; web-share\" referrerpolicy=\"strict-origin-when-cross-origin\" allowfullscreen><\/iframe><\/div>\n<\/div><\/figure>\n\n\n\n<p><strong>Ohira (\u5927\u5e73, Oohira, Ohirayama)<\/strong><br>Kopalnia zachodnia, s\u0142yn\u0105ca z jako\u015bci Uchigumori i Suita. Chocia\u017c kopalnia jest nadal okazjonalnie eksploatowana, coraz trudniej znale\u017a\u0107 nadaj\u0105ce si\u0119 na eksport uchigumori i Ohira suita. Wed\u0142ug doniesie\u0144 wielu g\u00f3rnik\u00f3w jest zaniepokojonych d\u0142ugoterminowymi dostawami wysokiej jako\u015bci kamieni uchigumori. Ze wzgl\u0119du na najwy\u017csz\u0105 jako\u015b\u0107 Ohira suita i uchigumori nierzadko zdarza si\u0119, \u017ce kamienie z innych kopalni s\u0105 stemplowane lub sprzedawane jako Ohira.<\/p>","protected":false},"excerpt":{"rendered":"<ul>\n<li>Nadaje si\u0119 do wyka\u0144czania no\u017cy, no\u017cyczek, narz\u0119dzi stolarskich i innych.\u00a0<\/li>\n<li>Wymiary: 206x75x42 mm<\/li>\n<li>Waga: 1720 g<\/li>\n<li>Twardo\u015b\u0107: Poziom 4.3<\/li>\n<li>Linie s\u0105 bezpieczne, ale jedna z najbardziej widocznych jest czasami troch\u0119 niewidoczna<\/li>\n<li>Zalecamy prac\u0119 z ciep\u0142\u0105 wod\u0105, poniewa\u017c zimna woda pogarsza szybko\u015b\u0107 pracy i reakcj\u0119.<\/li>\n<\/ul>","protected":false},"featured_media":4835,"comment_status":"open","ping_status":"closed","template":"","meta":[],"product_brand":[],"product_cat":[22],"product_tag":[47,86,87,50],"class_list":{"0":"post-2039","1":"product","2":"type-product","3":"status-publish","4":"has-post-thumbnail","6":"product_cat-jnats","7":"product_tag-ohira","8":"product_tag-renge","9":"product_tag-shiro","10":"product_tag-suita","11":"product_shipping_class-iprastas","13":"first","14":"outofstock","15":"shipping-taxable","16":"purchasable","17":"product-type-simple"},"_links":{"self":[{"href":"https:\/\/jnats.eu\/pl\/wp-json\/wp\/v2\/product\/2039","targetHints":{"allow":["GET"]}}],"collection":[{"href":"https:\/\/jnats.eu\/pl\/wp-json\/wp\/v2\/product"}],"about":[{"href":"https:\/\/jnats.eu\/pl\/wp-json\/wp\/v2\/types\/product"}],"replies":[{"embeddable":true,"href":"https:\/\/jnats.eu\/pl\/wp-json\/wp\/v2\/comments?post=2039"}],"wp:featuredmedia":[{"embeddable":true,"href":"https:\/\/jnats.eu\/pl\/wp-json\/wp\/v2\/media\/4835"}],"wp:attachment":[{"href":"https:\/\/jnats.eu\/pl\/wp-json\/wp\/v2\/media?parent=2039"}],"wp:term":[{"taxonomy":"product_brand","embeddable":true,"href":"https:\/\/jnats.eu\/pl\/wp-json\/wp\/v2\/product_brand?post=2039"},{"taxonomy":"product_cat","embeddable":true,"href":"https:\/\/jnats.eu\/pl\/wp-json\/wp\/v2\/product_cat?post=2039"},{"taxonomy":"product_tag","embeddable":true,"href":"https:\/\/jnats.eu\/pl\/wp-json\/wp\/v2\/product_tag?post=2039"}],"curies":[{"name":"wp","href":"https:\/\/api.w.org\/{rel}","templated":true}]}}