{"id":2044,"date":"2024-04-24T11:07:42","date_gmt":"2024-04-24T08:07:42","guid":{"rendered":"http:\/\/jnats.eu\/?post_type=product&#038;p=2044"},"modified":"2024-05-16T10:39:33","modified_gmt":"2024-05-16T07:39:33","slug":"ohira-suzayama-renge-suita-imanishi-co-ltd","status":"publish","type":"product","link":"https:\/\/jnats.eu\/pl\/produkt-2\/ohira-suzayama-renge-suita-imanishi-co-ltd\/","title":{"rendered":"Ohira Suzayama Renge Suita Imanishi Co LTD."},"content":{"rendered":"<p>Zestaw tej wielko\u015bci, idealnego kszta\u0142tu i klasy nie zdarza si\u0119 zbyt cz\u0119sto, a egzemplarz vintage z oznaczeniami to prawdziwe odkrycie. Kamie\u0144 jest szybki, daje dobr\u0105 reakcj\u0119 i wyj\u0105tkowe rezultaty. Wysokiej jako\u015bci Ohira jest coraz rzadsza, a ten kamie\u0144 jest doskona\u0142ym przyk\u0142adem tego, jak kopalnia osi\u0105gn\u0119\u0142a swoj\u0105 dobr\u0105 reputacj\u0119. Ten egzemplarz ma do\u015b\u0107 drobn\u0105 budow\u0119. Niezale\u017cnie od tego, czy Twoim g\u0142\u00f3wnym celem jest ostrzenie ostrzy, czy polerowanie kasumi, Ohira Suzayama Renge Suita nie zawiedzie.<\/p>\n\n\n\n<p>R\u00f3\u017cowa baza z drobnym wzorem na sukience. Jeden z rog\u00f3w jest lekko nachylony i s\u0105 tam pewne bezpieczne linie. Tylko to nie pozwala, aby kamie\u0144 ten sta\u0142 si\u0119 okazem muzealnym za i\u015bcie astronomiczn\u0105 cen\u0119.<\/p>\n\n\n\n<p><strong>Ohira (\u5927\u5e73, Oohira, Ohirayama)<\/strong><br>Kopalnia zachodnia, s\u0142yn\u0105ca z jako\u015bci Uchigumori i Suita. Chocia\u017c kopalnia nadal jest czasami eksploatowana, coraz trudniej znale\u017a\u0107 nadaj\u0105ce si\u0119 na eksport uchigumori i Ohira suita. Ze wzgl\u0119du na najwy\u017csz\u0105 jako\u015b\u0107 Ohira suita i uchigumori nierzadko zdarza si\u0119, \u017ce kamienie z innych kopalni s\u0105 stemplowane i sprzedawane jako Ohira.<\/p>","protected":false},"excerpt":{"rendered":"<ul>\n<li>Nadaje si\u0119 do wyka\u0144czania no\u017cy, no\u017cyczek, narz\u0119dzi stolarskich i innych. R\u00f3wnie\u017c kasumi na zako\u0144czenie.<\/li>\n<li>Wymiary: 204x74x46 mm<\/li>\n<li>Waga: 1760 g<\/li>\n<li>Twardo\u015b\u0107: Poziom 4<\/li>\n<li>Bezpieczne linie<\/li>\n<li>Zalecamy prac\u0119 z ciep\u0142\u0105 wod\u0105, poniewa\u017c zimna woda pogarsza szybko\u015b\u0107 pracy i reakcj\u0119.<\/li>\n<\/ul>","protected":false},"featured_media":2051,"comment_status":"open","ping_status":"closed","template":"","meta":[],"product_brand":[],"product_cat":[22],"product_tag":[255,254,47,86,50,253],"class_list":{"0":"post-2044","1":"product","2":"type-product","3":"status-publish","4":"has-post-thumbnail","6":"product_cat-jnats","7":"product_tag-co-ltd","8":"product_tag-imanishi","9":"product_tag-ohira","10":"product_tag-renge","11":"product_tag-suita","12":"product_tag-suzayama","13":"product_shipping_class-iprastas","15":"first","16":"instock","17":"sale","18":"shipping-taxable","19":"purchasable","20":"product-type-simple"},"_links":{"self":[{"href":"https:\/\/jnats.eu\/pl\/wp-json\/wp\/v2\/product\/2044","targetHints":{"allow":["GET"]}}],"collection":[{"href":"https:\/\/jnats.eu\/pl\/wp-json\/wp\/v2\/product"}],"about":[{"href":"https:\/\/jnats.eu\/pl\/wp-json\/wp\/v2\/types\/product"}],"replies":[{"embeddable":true,"href":"https:\/\/jnats.eu\/pl\/wp-json\/wp\/v2\/comments?post=2044"}],"wp:featuredmedia":[{"embeddable":true,"href":"https:\/\/jnats.eu\/pl\/wp-json\/wp\/v2\/media\/2051"}],"wp:attachment":[{"href":"https:\/\/jnats.eu\/pl\/wp-json\/wp\/v2\/media?parent=2044"}],"wp:term":[{"taxonomy":"product_brand","embeddable":true,"href":"https:\/\/jnats.eu\/pl\/wp-json\/wp\/v2\/product_brand?post=2044"},{"taxonomy":"product_cat","embeddable":true,"href":"https:\/\/jnats.eu\/pl\/wp-json\/wp\/v2\/product_cat?post=2044"},{"taxonomy":"product_tag","embeddable":true,"href":"https:\/\/jnats.eu\/pl\/wp-json\/wp\/v2\/product_tag?post=2044"}],"curies":[{"name":"wp","href":"https:\/\/api.w.org\/{rel}","templated":true}]}}